{"id":17895,"date":"2021-06-09T10:16:11","date_gmt":"2021-06-09T07:16:11","guid":{"rendered":"https:\/\/www.hlstudija.lv\/pasutijumi-e-veikala\/"},"modified":"2022-07-14T15:43:07","modified_gmt":"2022-07-14T12:43:07","slug":"online-store-orders","status":"publish","type":"page","link":"https:\/\/www.hlstudija.lv\/en\/online-store-orders\/","title":{"rendered":"Online store orders"},"content":{"rendered":"<ol>\n<li>\n<h4><strong> Shopping in HL Studija <a href=\"https:\/\/www.hlstudija.lv\/en\/shop\/\">online store<\/a>:<br \/>\n<\/strong><\/h4>\n<ol>\n<li><strong>Select the product, shade and volume <\/strong>(it will be automatically rounded up to the number of square meters corresponding to the number of full tiles).<\/li>\n<li><strong>Specify the desired place of receipt and payment method<\/strong>.<\/li>\n<li><strong>Finalize Your request<\/strong> by entering the contact information required for the order and sending it to us (learn more about data processing <a href=\"https:\/\/www.hlstudija.lv\/en\/privacy-policy\/\">here<\/a>).<\/li>\n<li><strong>Wait for confirmation from our customer specialist <\/strong>(we&#8217;ll get back to You within 2 working days) about the availability of the product. You may be asked to specify the preferred method of payment and receipt.<\/li>\n<li><strong>Pay for the order<\/strong> based on the payment method chosen.<\/li>\n<li><strong>Receive a payment confirmation from our specialist and go to the place specified by You to receive Your order<\/strong>.<\/li>\n<\/ol>\n<\/li>\n<\/ol>\n<p class=\"lead\">&nbsp;<\/p>\n<ol start=\"2\">\n<li>\n<h4><strong>Payment<\/strong><\/h4>\n<\/li>\n<\/ol>\n<p>There are two ways to pay for an order after our customer specialist has confirmed the availability of materials in stock:<\/p>\n<ul>\n<li><span style=\"text-decoration: underline;\"><strong>By bank transfer <\/strong>to SIA H&amp;L Studija bank account:<\/span><\/li>\n<\/ul>\n<p>SIA H&amp;L Studija<br \/>\nUnited Reg. No. 42103025231<br \/>\nVAT payer number LV42103025231<br \/>\nLegal address: Katlakalna Street 6D, Riga, LV-1073<br \/>\nBank: AS \u201eSwedbank\u201d,<br \/>\nSWIFT: HABALV22<br \/>\nAccount Nr. LV14HABA0551016040655<\/p>\n<p>The purpose of the payment\/order must <strong>indicate the number of the invoice to be paid.<\/strong><\/p>\n<p>&nbsp;<\/p>\n<ul>\n<li><span style=\"text-decoration: underline;\"><strong>In Riga and Liepaja showrooms<\/strong> (with payment card or cash)**<br \/>\n<\/span><\/li>\n<\/ul>\n<ul>\n<li style=\"list-style-type: none;\">\n<ul>\n<li>HL Studija showroom in R\u012bga &#8211; Katlakalna street 6D, interior quarter DECCO CENTRS<em><br \/>\n(!) FYI &#8211; payment upon receipt at the Riga warehouse at Mazl\u0113pju Street 16 k-2 is not possible &#8211; it is possible to do it in the salon at Katlakalna Street 6D or by bank transfer.<\/em><\/li>\n<li>HL Studija showroom in Liep\u0101ja &#8211; Br\u012bv\u012bbas street 158a, Big Fish shopping centre.<\/li>\n<\/ul>\n<\/li>\n<\/ul>\n<p>Contact information and up-to-date information on working hours are <a href=\"https:\/\/www.hlstudija.lv\/en\/contacts\/\">available here.<\/a><br \/>\n** Showroom visit is possible in accordance with the current COVID-19 restrictions issued by Latvian government &#8211; starting from 11.10.2021. &#8211; with an interoperable vaccination or recovery certificate.<\/p>\n<p>&nbsp;<\/p>\n<ol start=\"3\">\n<li>\n<h4><strong> Receiving order:<\/strong><\/h4>\n<\/li>\n<\/ol>\n<p>It is possible to receive Your order in one of the HL Studija warehouses, on a working day, during working hours:<\/p>\n<ul>\n<li><strong>R\u012bga*<\/strong> &#8211; Mazl\u0113pju street 16 k-2, HL Studija warehouse (<a href=\"https:\/\/www.hlstudija.lv\/en\/contacts\/\">current working hours, contact information<\/a>);<\/li>\n<li><strong>Liep\u0101ja<\/strong> &#8211; Br\u012bv\u012bbas street 158a, s\/c Big Fish (<a href=\"https:\/\/www.hlstudija.lv\/en\/contacts\/\">current working hours, contact information<\/a>).<\/li>\n<\/ul>\n<p>&nbsp;<\/p>\n<p>*(!) We remind you that payment in the Riga warehouse is not possible &#8211; it is possible to do it only in the DECCO CENTRS salon or remotely &#8211; by transfer.<\/p>\n<p>Orders must be picked up within 5 business days of payment confirmation from our specialist. Otherwise, a storage fee may apply (depending on the order amount 10 &#8211; 100 EUR \/ day).<\/p>\n<p>&nbsp;<\/p>\n<p>Contact information and up-to-date information on working hours are<a href=\"https:\/\/www.hlstudija.lv\/en\/contacts\/\"> available here.<\/a><\/p>\n<p>&nbsp;<\/p>\n<ol start=\"4\">\n<li>\n<h4><strong>Right of withdrawal:<\/strong><\/h4>\n<\/li>\n<\/ol>\n<p>With reference to the Consumer Rights Protection <a href=\"https:\/\/likumi.lv\/ta\/id\/23309-pateretaju-tiesibu-aizsardzibas-likums\">Law<\/a>, the buyer has the right to withdraw from the distance contract (from the goods or services ordered in the form of a distance contract) within 14 days of receipt, without providing any justification.&nbsp; pirc\u0113jam ir ties\u012bbas 14 dienu laik\u0101 no sa\u0146em\u0161anas br\u012b\u017ea, nesniedzot nek\u0101du pamatojumu, atk\u0101pties no distances l\u012bguma (no distances l\u012bguma veid\u0101 pas\u016bt\u012bt\u0101s preces vai pakalpojuma).<\/p>\n<p>To use the right of withdrawal and return the goods, You must:<\/p>\n<ol>\n<li>The withdrawal form*** must be filled in and sent to <a href=\"mailto:riga@hlstudija.lv\">riga@hlstudija.lv<\/a> or <a href=\"mailto:liepaja@hlstudija.lv\">liepaja@hlstudija.lv&nbsp;<\/a> (based on place of issue) before returning the goods;<\/li>\n<li>The goods must be returned in full, as indicated in the consignment note(-s) and in the visual and technical condition as they were issued in the warehouse (without any signs of use, assembly or cutting);<\/li>\n<li>The goods must be returned to the warehouse no later than 14 days from the moment of their receipt, together with a printed, completed withdrawal form***.<\/li>\n<\/ol>\n<p>SIA H&amp;L Studija, without unreasonable delay, but not later than within 14 days from the date of receipt of the return form and the goods in stock, the amount of money indicated by the customer in the consignment note will be returned to the payer&#8217;s bank account or refunded in cash.<\/p>\n<p>&nbsp;<\/p>\n<p>** <a href=\"https:\/\/www.hlstudija.lv\/wp-content\/uploads\/2021\/06\/Atteikuma-veidlapa-Riga-HL-Studija.docx\"><u>Withdrawal form for R\u012bga warehose<\/u><\/a> \/ <a href=\"https:\/\/www.hlstudija.lv\/wp-content\/uploads\/2021\/06\/Atteikuma-veidlapa-Liepaja-HL-Studija.docx\"><u>Withdrawal form for Liep\u0101ja warehouse<\/u><\/a><\/p>\n<p>&nbsp;<\/p>\n<p>More information on the right of return: the Consumer Rights Protection Law <a href=\"https:\/\/likumi.lv\/ta\/id\/23309-pateretaju-tiesibu-aizsardzibas-likums\">Consumer Rights Protection Law<\/a> and the <a href=\"https:\/\/www.ptac.gov.lv\/en\/\">website<\/a> of the Consumer Rights Protection Center.<\/p>\n<p>&nbsp;<\/p>\n<p>&nbsp;<\/p>\n<p>&nbsp;<\/p>\n","protected":false},"excerpt":{"rendered":"<p>Shopping in HL Studija online store: Select the product, shade and volume (it will be automatically rounded up to the number of square meters corresponding to the number of full tiles). Specify the desired place of receipt and payment method. Finalize Your request by entering the contact information required for the order and sending it&#8230;  <a href=\"https:\/\/www.hlstudija.lv\/en\/online-store-orders\/\" class=\"more-link\" title=\"Read Online store orders\">Read more &raquo;<\/a><\/p>\n","protected":false},"author":101016,"featured_media":0,"parent":0,"menu_order":0,"comment_status":"closed","ping_status":"closed","template":"","meta":{"ngg_post_thumbnail":0,"footnotes":""},"acf":[],"yoast_head":"<!-- This site is optimized with the Yoast SEO plugin v21.2 - https:\/\/yoast.com\/wordpress\/plugins\/seo\/ -->\n<title>Online store orders - HL Studija<\/title>\n<meta name=\"robots\" content=\"index, follow, max-snippet:-1, max-image-preview:large, max-video-preview:-1\" \/>\n<link rel=\"canonical\" href=\"https:\/\/www.hlstudija.lv\/en\/online-store-orders\/\" \/>\n<meta property=\"og:locale\" content=\"en_US\" \/>\n<meta property=\"og:type\" content=\"article\" \/>\n<meta property=\"og:title\" content=\"Online store orders - HL Studija\" \/>\n<meta property=\"og:description\" content=\"Shopping in HL Studija online store: Select the product, shade and volume (it will be automatically rounded up to the number of square meters corresponding to the number of full tiles). Specify the desired place of receipt and payment method. Finalize Your request by entering the contact information required for the order and sending it... Read more &raquo;\" \/>\n<meta property=\"og:url\" content=\"https:\/\/www.hlstudija.lv\/en\/online-store-orders\/\" \/>\n<meta property=\"og:site_name\" content=\"HL Studija\" \/>\n<meta property=\"article:publisher\" content=\"https:\/\/www.facebook.com\/hlstudija\/\" \/>\n<meta property=\"article:modified_time\" content=\"2022-07-14T12:43:07+00:00\" \/>\n<meta name=\"twitter:label1\" content=\"Est. reading time\" \/>\n\t<meta name=\"twitter:data1\" content=\"3 minutes\" \/>\n<script type=\"application\/ld+json\" class=\"yoast-schema-graph\">{\"@context\":\"https:\/\/schema.org\",\"@graph\":[{\"@type\":\"WebPage\",\"@id\":\"https:\/\/www.hlstudija.lv\/en\/online-store-orders\/\",\"url\":\"https:\/\/www.hlstudija.lv\/en\/online-store-orders\/\",\"name\":\"Online store orders - HL Studija\",\"isPartOf\":{\"@id\":\"https:\/\/www.hlstudija.lv\/#website\"},\"datePublished\":\"2021-06-09T07:16:11+00:00\",\"dateModified\":\"2022-07-14T12:43:07+00:00\",\"breadcrumb\":{\"@id\":\"https:\/\/www.hlstudija.lv\/en\/online-store-orders\/#breadcrumb\"},\"inLanguage\":\"en-US\",\"potentialAction\":[{\"@type\":\"ReadAction\",\"target\":[\"https:\/\/www.hlstudija.lv\/en\/online-store-orders\/\"]}]},{\"@type\":\"BreadcrumbList\",\"@id\":\"https:\/\/www.hlstudija.lv\/en\/online-store-orders\/#breadcrumb\",\"itemListElement\":[{\"@type\":\"ListItem\",\"position\":1,\"name\":\"Fl\u012b\u017eu salons\",\"item\":\"https:\/\/www.hlstudija.lv\/en\/homepage\/\"},{\"@type\":\"ListItem\",\"position\":2,\"name\":\"Online store orders\"}]},{\"@type\":\"WebSite\",\"@id\":\"https:\/\/www.hlstudija.lv\/#website\",\"url\":\"https:\/\/www.hlstudija.lv\/\",\"name\":\"HL Studija\",\"description\":\"Fl\u012bzes un logi\",\"potentialAction\":[{\"@type\":\"SearchAction\",\"target\":{\"@type\":\"EntryPoint\",\"urlTemplate\":\"https:\/\/www.hlstudija.lv\/?s={search_term_string}\"},\"query-input\":\"required name=search_term_string\"}],\"inLanguage\":\"en-US\"}]}<\/script>\n<!-- \/ Yoast SEO plugin. -->","yoast_head_json":{"title":"Online store orders - HL Studija","robots":{"index":"index","follow":"follow","max-snippet":"max-snippet:-1","max-image-preview":"max-image-preview:large","max-video-preview":"max-video-preview:-1"},"canonical":"https:\/\/www.hlstudija.lv\/en\/online-store-orders\/","og_locale":"en_US","og_type":"article","og_title":"Online store orders - HL Studija","og_description":"Shopping in HL Studija online store: Select the product, shade and volume (it will be automatically rounded up to the number of square meters corresponding to the number of full tiles). Specify the desired place of receipt and payment method. Finalize Your request by entering the contact information required for the order and sending it... Read more &raquo;","og_url":"https:\/\/www.hlstudija.lv\/en\/online-store-orders\/","og_site_name":"HL Studija","article_publisher":"https:\/\/www.facebook.com\/hlstudija\/","article_modified_time":"2022-07-14T12:43:07+00:00","twitter_misc":{"Est. reading time":"3 minutes"},"schema":{"@context":"https:\/\/schema.org","@graph":[{"@type":"WebPage","@id":"https:\/\/www.hlstudija.lv\/en\/online-store-orders\/","url":"https:\/\/www.hlstudija.lv\/en\/online-store-orders\/","name":"Online store orders - HL Studija","isPartOf":{"@id":"https:\/\/www.hlstudija.lv\/#website"},"datePublished":"2021-06-09T07:16:11+00:00","dateModified":"2022-07-14T12:43:07+00:00","breadcrumb":{"@id":"https:\/\/www.hlstudija.lv\/en\/online-store-orders\/#breadcrumb"},"inLanguage":"en-US","potentialAction":[{"@type":"ReadAction","target":["https:\/\/www.hlstudija.lv\/en\/online-store-orders\/"]}]},{"@type":"BreadcrumbList","@id":"https:\/\/www.hlstudija.lv\/en\/online-store-orders\/#breadcrumb","itemListElement":[{"@type":"ListItem","position":1,"name":"Fl\u012b\u017eu salons","item":"https:\/\/www.hlstudija.lv\/en\/homepage\/"},{"@type":"ListItem","position":2,"name":"Online store orders"}]},{"@type":"WebSite","@id":"https:\/\/www.hlstudija.lv\/#website","url":"https:\/\/www.hlstudija.lv\/","name":"HL Studija","description":"Fl\u012bzes un logi","potentialAction":[{"@type":"SearchAction","target":{"@type":"EntryPoint","urlTemplate":"https:\/\/www.hlstudija.lv\/?s={search_term_string}"},"query-input":"required name=search_term_string"}],"inLanguage":"en-US"}]}},"_links":{"self":[{"href":"https:\/\/www.hlstudija.lv\/en\/wp-json\/wp\/v2\/pages\/17895"}],"collection":[{"href":"https:\/\/www.hlstudija.lv\/en\/wp-json\/wp\/v2\/pages"}],"about":[{"href":"https:\/\/www.hlstudija.lv\/en\/wp-json\/wp\/v2\/types\/page"}],"author":[{"embeddable":true,"href":"https:\/\/www.hlstudija.lv\/en\/wp-json\/wp\/v2\/users\/101016"}],"replies":[{"embeddable":true,"href":"https:\/\/www.hlstudija.lv\/en\/wp-json\/wp\/v2\/comments?post=17895"}],"version-history":[{"count":10,"href":"https:\/\/www.hlstudija.lv\/en\/wp-json\/wp\/v2\/pages\/17895\/revisions"}],"predecessor-version":[{"id":34743,"href":"https:\/\/www.hlstudija.lv\/en\/wp-json\/wp\/v2\/pages\/17895\/revisions\/34743"}],"wp:attachment":[{"href":"https:\/\/www.hlstudija.lv\/en\/wp-json\/wp\/v2\/media?parent=17895"}],"curies":[{"name":"wp","href":"https:\/\/api.w.org\/{rel}","templated":true}]}}