{"id":26229,"date":"2022-05-02T14:24:16","date_gmt":"2022-05-02T11:24:16","guid":{"rendered":"https:\/\/www.hlstudija.lv\/windows\/hl-premium\/"},"modified":"2022-05-02T14:31:23","modified_gmt":"2022-05-02T11:31:23","slug":"hl-premium","status":"publish","type":"page","link":"https:\/\/www.hlstudija.lv\/en\/windows\/hl-premium\/","title":{"rendered":"HL Premium"},"content":{"rendered":"<p class=\"lead\">Latvij\u0101 ra\u017eotas koka-alum\u012bnija stiklot\u0101s konstrukcijas:<\/p>\n<ul>\n<li>Uz \u0101ru verami logi, durvis (COto)<\/li>\n<li>Uz iek\u0161u verami logi, durvis (Alto Nova)<\/li>\n<li>B\u012bd\u0101m\u0101s durvis<\/li>\n<li>Salok\u0101m\u0101s durvis<\/li>\n<\/ul>\n","protected":false},"excerpt":{"rendered":"<p>Latvij\u0101 ra\u017eotas koka-alum\u012bnija stiklot\u0101s konstrukcijas: Uz \u0101ru verami logi, durvis (COto) Uz iek\u0161u verami logi, durvis (Alto Nova) B\u012bd\u0101m\u0101s durvis Salok\u0101m\u0101s durvis<\/p>\n","protected":false},"author":101016,"featured_media":26224,"parent":1154,"menu_order":0,"comment_status":"closed","ping_status":"closed","template":"page-kategoriju-produkti.php","meta":{"ngg_post_thumbnail":0,"footnotes":""},"acf":[],"yoast_head":"<!-- This site is optimized with the Yoast SEO plugin v21.2 - https:\/\/yoast.com\/wordpress\/plugins\/seo\/ -->\n<title>HL Premium - HL Studija<\/title>\n<meta name=\"description\" content=\"Latvij\u0101 ra\u017eotas premium koka-alum\u012bnija stiklot\u0101s konstrukcijas: logi, durvis. B\u012bd\u0101m\u0101s durvis. Salok\u0101m\u0101s durvis.\" \/>\n<meta name=\"robots\" content=\"index, follow, max-snippet:-1, max-image-preview:large, max-video-preview:-1\" \/>\n<link rel=\"canonical\" href=\"https:\/\/www.hlstudija.lv\/en\/windows\/hl-premium\/\" \/>\n<meta property=\"og:locale\" content=\"en_US\" \/>\n<meta property=\"og:type\" content=\"article\" \/>\n<meta property=\"og:title\" content=\"HL Premium - HL Studija\" \/>\n<meta property=\"og:description\" content=\"Latvij\u0101 ra\u017eotas premium koka-alum\u012bnija stiklot\u0101s konstrukcijas: logi, durvis. B\u012bd\u0101m\u0101s durvis. Salok\u0101m\u0101s durvis.\" \/>\n<meta property=\"og:url\" content=\"https:\/\/www.hlstudija.lv\/en\/windows\/hl-premium\/\" \/>\n<meta property=\"og:site_name\" content=\"HL Studija\" \/>\n<meta property=\"article:publisher\" content=\"https:\/\/www.facebook.com\/hlstudija\/\" \/>\n<meta property=\"article:modified_time\" content=\"2022-05-02T11:31:23+00:00\" \/>\n<meta property=\"og:image\" content=\"https:\/\/www.hlstudija.lv\/wp-content\/uploads\/2022\/05\/HL-Studija-koka-aluminija-timber-aluminium-logi-durvis-Villa-milia-7427.jpg\" \/>\n\t<meta property=\"og:image:width\" content=\"2048\" \/>\n\t<meta property=\"og:image:height\" content=\"1536\" \/>\n\t<meta property=\"og:image:type\" content=\"image\/jpeg\" \/>\n<script type=\"application\/ld+json\" class=\"yoast-schema-graph\">{\"@context\":\"https:\/\/schema.org\",\"@graph\":[{\"@type\":\"WebPage\",\"@id\":\"https:\/\/www.hlstudija.lv\/en\/windows\/hl-premium\/\",\"url\":\"https:\/\/www.hlstudija.lv\/en\/windows\/hl-premium\/\",\"name\":\"HL Premium - HL Studija\",\"isPartOf\":{\"@id\":\"https:\/\/www.hlstudija.lv\/#website\"},\"datePublished\":\"2022-05-02T11:24:16+00:00\",\"dateModified\":\"2022-05-02T11:31:23+00:00\",\"description\":\"Latvij\u0101 ra\u017eotas premium koka-alum\u012bnija stiklot\u0101s konstrukcijas: logi, durvis. B\u012bd\u0101m\u0101s durvis. Salok\u0101m\u0101s durvis.\",\"breadcrumb\":{\"@id\":\"https:\/\/www.hlstudija.lv\/en\/windows\/hl-premium\/#breadcrumb\"},\"inLanguage\":\"en-US\",\"potentialAction\":[{\"@type\":\"ReadAction\",\"target\":[\"https:\/\/www.hlstudija.lv\/en\/windows\/hl-premium\/\"]}]},{\"@type\":\"BreadcrumbList\",\"@id\":\"https:\/\/www.hlstudija.lv\/en\/windows\/hl-premium\/#breadcrumb\",\"itemListElement\":[{\"@type\":\"ListItem\",\"position\":1,\"name\":\"Fl\u012b\u017eu salons\",\"item\":\"https:\/\/www.hlstudija.lv\/en\/homepage\/\"},{\"@type\":\"ListItem\",\"position\":2,\"name\":\"Windows\",\"item\":\"https:\/\/www.hlstudija.lv\/en\/windows\/\"},{\"@type\":\"ListItem\",\"position\":3,\"name\":\"HL Premium\"}]},{\"@type\":\"WebSite\",\"@id\":\"https:\/\/www.hlstudija.lv\/#website\",\"url\":\"https:\/\/www.hlstudija.lv\/\",\"name\":\"HL Studija\",\"description\":\"Fl\u012bzes un logi\",\"potentialAction\":[{\"@type\":\"SearchAction\",\"target\":{\"@type\":\"EntryPoint\",\"urlTemplate\":\"https:\/\/www.hlstudija.lv\/?s={search_term_string}\"},\"query-input\":\"required name=search_term_string\"}],\"inLanguage\":\"en-US\"}]}<\/script>\n<!-- \/ Yoast SEO plugin. -->","yoast_head_json":{"title":"HL Premium - HL Studija","description":"Latvij\u0101 ra\u017eotas premium koka-alum\u012bnija stiklot\u0101s konstrukcijas: logi, durvis. B\u012bd\u0101m\u0101s durvis. Salok\u0101m\u0101s durvis.","robots":{"index":"index","follow":"follow","max-snippet":"max-snippet:-1","max-image-preview":"max-image-preview:large","max-video-preview":"max-video-preview:-1"},"canonical":"https:\/\/www.hlstudija.lv\/en\/windows\/hl-premium\/","og_locale":"en_US","og_type":"article","og_title":"HL Premium - HL Studija","og_description":"Latvij\u0101 ra\u017eotas premium koka-alum\u012bnija stiklot\u0101s konstrukcijas: logi, durvis. B\u012bd\u0101m\u0101s durvis. Salok\u0101m\u0101s durvis.","og_url":"https:\/\/www.hlstudija.lv\/en\/windows\/hl-premium\/","og_site_name":"HL Studija","article_publisher":"https:\/\/www.facebook.com\/hlstudija\/","article_modified_time":"2022-05-02T11:31:23+00:00","og_image":[{"width":2048,"height":1536,"url":"https:\/\/www.hlstudija.lv\/wp-content\/uploads\/2022\/05\/HL-Studija-koka-aluminija-timber-aluminium-logi-durvis-Villa-milia-7427.jpg","type":"image\/jpeg"}],"schema":{"@context":"https:\/\/schema.org","@graph":[{"@type":"WebPage","@id":"https:\/\/www.hlstudija.lv\/en\/windows\/hl-premium\/","url":"https:\/\/www.hlstudija.lv\/en\/windows\/hl-premium\/","name":"HL Premium - HL Studija","isPartOf":{"@id":"https:\/\/www.hlstudija.lv\/#website"},"datePublished":"2022-05-02T11:24:16+00:00","dateModified":"2022-05-02T11:31:23+00:00","description":"Latvij\u0101 ra\u017eotas premium koka-alum\u012bnija stiklot\u0101s konstrukcijas: logi, durvis. B\u012bd\u0101m\u0101s durvis. Salok\u0101m\u0101s durvis.","breadcrumb":{"@id":"https:\/\/www.hlstudija.lv\/en\/windows\/hl-premium\/#breadcrumb"},"inLanguage":"en-US","potentialAction":[{"@type":"ReadAction","target":["https:\/\/www.hlstudija.lv\/en\/windows\/hl-premium\/"]}]},{"@type":"BreadcrumbList","@id":"https:\/\/www.hlstudija.lv\/en\/windows\/hl-premium\/#breadcrumb","itemListElement":[{"@type":"ListItem","position":1,"name":"Fl\u012b\u017eu salons","item":"https:\/\/www.hlstudija.lv\/en\/homepage\/"},{"@type":"ListItem","position":2,"name":"Windows","item":"https:\/\/www.hlstudija.lv\/en\/windows\/"},{"@type":"ListItem","position":3,"name":"HL Premium"}]},{"@type":"WebSite","@id":"https:\/\/www.hlstudija.lv\/#website","url":"https:\/\/www.hlstudija.lv\/","name":"HL Studija","description":"Fl\u012bzes un logi","potentialAction":[{"@type":"SearchAction","target":{"@type":"EntryPoint","urlTemplate":"https:\/\/www.hlstudija.lv\/?s={search_term_string}"},"query-input":"required name=search_term_string"}],"inLanguage":"en-US"}]}},"_links":{"self":[{"href":"https:\/\/www.hlstudija.lv\/en\/wp-json\/wp\/v2\/pages\/26229"}],"collection":[{"href":"https:\/\/www.hlstudija.lv\/en\/wp-json\/wp\/v2\/pages"}],"about":[{"href":"https:\/\/www.hlstudija.lv\/en\/wp-json\/wp\/v2\/types\/page"}],"author":[{"embeddable":true,"href":"https:\/\/www.hlstudija.lv\/en\/wp-json\/wp\/v2\/users\/101016"}],"replies":[{"embeddable":true,"href":"https:\/\/www.hlstudija.lv\/en\/wp-json\/wp\/v2\/comments?post=26229"}],"version-history":[{"count":1,"href":"https:\/\/www.hlstudija.lv\/en\/wp-json\/wp\/v2\/pages\/26229\/revisions"}],"predecessor-version":[{"id":26231,"href":"https:\/\/www.hlstudija.lv\/en\/wp-json\/wp\/v2\/pages\/26229\/revisions\/26231"}],"up":[{"embeddable":true,"href":"https:\/\/www.hlstudija.lv\/en\/wp-json\/wp\/v2\/pages\/1154"}],"wp:featuredmedia":[{"embeddable":true,"href":"https:\/\/www.hlstudija.lv\/en\/wp-json\/wp\/v2\/media\/26224"}],"wp:attachment":[{"href":"https:\/\/www.hlstudija.lv\/en\/wp-json\/wp\/v2\/media?parent=26229"}],"curies":[{"name":"wp","href":"https:\/\/api.w.org\/{rel}","templated":true}]}}