{"id":36722,"date":"2023-01-31T15:00:55","date_gmt":"2023-01-31T13:00:55","guid":{"rendered":"https:\/\/www.hlstudija.lv\/?page_id=36722"},"modified":"2024-02-06T17:07:26","modified_gmt":"2024-02-06T15:07:26","slug":"sirsnigas-atlaides-2023","status":"publish","type":"page","link":"https:\/\/www.hlstudija.lv\/en\/sirsnigas-atlaides-2023\/","title":{"rendered":"Sirsn\u012bgas atlaides"},"content":{"rendered":"\n<figure class=\"wp-block-gallery has-nested-images columns-default is-cropped wp-block-gallery-1 is-layout-flex wp-block-gallery-is-layout-flex\">\n<figure class=\"wp-block-image size-large\"><img decoding=\"async\" loading=\"lazy\" width=\"1024\" height=\"298\" data-id=\"36724\" src=\"https:\/\/www.hlstudija.lv\/wp-content\/uploads\/2023\/01\/hl-studija-sirsnigas-atlaides-gridas-flizem-banner-1024x298.jpg\" alt=\"atlaides gr\u012bdas fl\u012bz\u0113m - floor tile sale - february 2023\" class=\"wp-image-36724\" srcset=\"https:\/\/www.hlstudija.lv\/wp-content\/uploads\/2023\/01\/hl-studija-sirsnigas-atlaides-gridas-flizem-banner-1024x298.jpg 1024w, https:\/\/www.hlstudija.lv\/wp-content\/uploads\/2023\/01\/hl-studija-sirsnigas-atlaides-gridas-flizem-banner-300x87.jpg 300w, https:\/\/www.hlstudija.lv\/wp-content\/uploads\/2023\/01\/hl-studija-sirsnigas-atlaides-gridas-flizem-banner-768x223.jpg 768w, https:\/\/www.hlstudija.lv\/wp-content\/uploads\/2023\/01\/hl-studija-sirsnigas-atlaides-gridas-flizem-banner-1536x447.jpg 1536w, https:\/\/www.hlstudija.lv\/wp-content\/uploads\/2023\/01\/hl-studija-sirsnigas-atlaides-gridas-flizem-banner-1500x437.jpg 1500w, https:\/\/www.hlstudija.lv\/wp-content\/uploads\/2023\/01\/hl-studija-sirsnigas-atlaides-gridas-flizem-banner-600x175.jpg 600w, https:\/\/www.hlstudija.lv\/wp-content\/uploads\/2023\/01\/hl-studija-sirsnigas-atlaides-gridas-flizem-banner.jpg 2000w\" sizes=\"(max-width: 1024px) 100vw, 1024px\" \/><\/figure>\n<\/figure>\n\n\n\n<div style=\"height:15px\" aria-hidden=\"true\" class=\"wp-block-spacer\"><\/div>\n\n\n\n<p class=\"lead\"><\/p>\n\n\n\n<h2 class=\"wp-block-heading has-text-align-left has-black-color has-text-color\"><strong>Pasteidzieties!<\/strong><\/h2>\n\n\n\n<div style=\"height:15px\" aria-hidden=\"true\" class=\"wp-block-spacer\"><\/div>\n\n\n\n<p>Tikai <strong>10.-20.02<\/strong>.23. &#8211; <strong>sirsn\u012bgas atlaides vis\u0101m gr\u012bdas fl\u012bz\u0113m<\/strong>, kas pieejamas <strong>HL Studija pla\u0161aj\u0101 noliktav\u0101<\/strong>. \u012apa\u0161a -20% atlaide vis\u0101m akmens masas gr\u012bdas fl\u012bz\u0113m, kas pieejamas uzreiz, noliktav\u0101. Augstv\u0113rt\u012bgas fl\u012bzes &#8211; tikai no presti\u017eiem un atz\u012btiem ra\u017eot\u0101jiem Eirop\u0101 &#8211; Atlas Concorde (ITA), Marazzi (ITA) u.c. Iepaz\u012bties ar HL Studija kvalitat\u012bvo un iztur\u012bgo fl\u012b\u017eu pied\u0101v\u0101jumu iesp\u0113jams <a href=\"https:\/\/www.hlstudija.lv\/pielietojums\/gridas-flizes\/\">fl\u012b\u017eu e-veikal\u0101<\/a> un <a href=\"https:\/\/www.hlstudija.lv\/en\/contacts\/\">salonos R\u012bg\u0101<\/a> (t\/c DECCO CENTRS), <a href=\"https:\/\/www.hlstudija.lv\/en\/contacts\/\">Liep\u0101j\u0101<\/a> (t\/c BIGFISH). Atlaides nesumm\u0113jas. <\/p>\n\n\n\n<div style=\"height:15px\" aria-hidden=\"true\" class=\"wp-block-spacer\"><\/div>\n\n\n<div data-block-name=\"woocommerce\/handpicked-products\" data-products=\"[26121,25754,10546]\" class=\"wc-block-grid wp-block-handpicked-products wc-block-handpicked-products has-3-columns has-multiple-rows\"><ul class=\"wc-block-grid__products\"><li class=\"wc-block-grid__product\">\n\t\t\t\t<a href=\"https:\/\/www.hlstudija.lv\/en\/product\/vero-rovere\/\" class=\"wc-block-grid__product-link\">\n\t\t\t\t\t\n\t\t\t\t\t<div class=\"wc-block-grid__product-image\"><img loading=\"lazy\" width=\"400\" height=\"400\" src=\"https:\/\/www.hlstudija.lv\/wp-content\/uploads\/2022\/04\/HL-Studija-marazzi-vero-rovere-20x120-r9-m7c0-koka-gridas-flizes-parkets-dizains-400x400.jpg\" class=\"attachment-woocommerce_thumbnail size-woocommerce_thumbnail\" alt=\"Vero Rovere\" decoding=\"async\" srcset=\"https:\/\/www.hlstudija.lv\/wp-content\/uploads\/2022\/04\/HL-Studija-marazzi-vero-rovere-20x120-r9-m7c0-koka-gridas-flizes-parkets-dizains-400x400.jpg 400w, https:\/\/www.hlstudija.lv\/wp-content\/uploads\/2022\/04\/HL-Studija-marazzi-vero-rovere-20x120-r9-m7c0-koka-gridas-flizes-parkets-dizains-300x300.jpg 300w, https:\/\/www.hlstudija.lv\/wp-content\/uploads\/2022\/04\/HL-Studija-marazzi-vero-rovere-20x120-r9-m7c0-koka-gridas-flizes-parkets-dizains-125x125.jpg 125w, https:\/\/www.hlstudija.lv\/wp-content\/uploads\/2022\/04\/HL-Studija-marazzi-vero-rovere-20x120-r9-m7c0-koka-gridas-flizes-parkets-dizains-100x100.jpg 100w\" sizes=\"(max-width: 400px) 100vw, 400px\" \/><\/div>\n\t\t\t\t\t<div class=\"wc-block-grid__product-title\">Vero Rovere<\/div>\n\t\t\t\t<\/a>\n\t\t\t\t<div class=\"wc-block-grid__product-price price\"><span class=\"woocommerce-Price-amount amount\"><span class=\"woocommerce-Price-currencySymbol\">&euro;<\/span>&nbsp;59.90<\/span> <small class=\"woocommerce-price-suffix\">inc. VAT 21%<\/small><\/div>\n\t\t\t\t\n\t\t\t\t<div class=\"wp-block-button wc-block-grid__product-add-to-cart\"><a href=\"?add-to-cart=26121\" aria-label=\"Add &ldquo;Vero Rovere&rdquo; to your cart\" data-quantity=\"1\" data-product_id=\"26121\" data-product_sku=\"M7C0\" rel=\"nofollow\" class=\"wp-block-button__link  add_to_cart_button ajax_add_to_cart\">Add to cart<\/a><\/div>\n\t\t\t<\/li><li class=\"wc-block-grid__product\">\n\t\t\t\t<a href=\"https:\/\/www.hlstudija.lv\/en\/product\/mystone-ceppo-di-gre-grey-ret\/\" class=\"wc-block-grid__product-link\">\n\t\t\t\t\t\n\t\t\t\t\t<div class=\"wc-block-grid__product-image\"><img loading=\"lazy\" width=\"400\" height=\"400\" src=\"https:\/\/www.hlstudija.lv\/wp-content\/uploads\/2022\/04\/HL_STUDIJA_flizes_Marazzi_Mystone_Ceppo_Di_Gre_Grey_MQV3-400x400.jpg\" class=\"attachment-woocommerce_thumbnail size-woocommerce_thumbnail\" alt=\"Mystone Ceppo di Gre Grey RET\" decoding=\"async\" srcset=\"https:\/\/www.hlstudija.lv\/wp-content\/uploads\/2022\/04\/HL_STUDIJA_flizes_Marazzi_Mystone_Ceppo_Di_Gre_Grey_MQV3-400x400.jpg 400w, https:\/\/www.hlstudija.lv\/wp-content\/uploads\/2022\/04\/HL_STUDIJA_flizes_Marazzi_Mystone_Ceppo_Di_Gre_Grey_MQV3-300x300.jpg 300w, https:\/\/www.hlstudija.lv\/wp-content\/uploads\/2022\/04\/HL_STUDIJA_flizes_Marazzi_Mystone_Ceppo_Di_Gre_Grey_MQV3-768x768.jpg 768w, https:\/\/www.hlstudija.lv\/wp-content\/uploads\/2022\/04\/HL_STUDIJA_flizes_Marazzi_Mystone_Ceppo_Di_Gre_Grey_MQV3-125x125.jpg 125w, https:\/\/www.hlstudija.lv\/wp-content\/uploads\/2022\/04\/HL_STUDIJA_flizes_Marazzi_Mystone_Ceppo_Di_Gre_Grey_MQV3-600x600.jpg 600w, https:\/\/www.hlstudija.lv\/wp-content\/uploads\/2022\/04\/HL_STUDIJA_flizes_Marazzi_Mystone_Ceppo_Di_Gre_Grey_MQV3-100x100.jpg 100w, https:\/\/www.hlstudija.lv\/wp-content\/uploads\/2022\/04\/HL_STUDIJA_flizes_Marazzi_Mystone_Ceppo_Di_Gre_Grey_MQV3.jpg 1000w\" sizes=\"(max-width: 400px) 100vw, 400px\" \/><\/div>\n\t\t\t\t\t<div class=\"wc-block-grid__product-title\">Mystone Ceppo di Gre Grey RET<\/div>\n\t\t\t\t<\/a>\n\t\t\t\t<div class=\"wc-block-grid__product-price price\"><span class=\"woocommerce-Price-amount amount\"><span class=\"woocommerce-Price-currencySymbol\">&euro;<\/span>&nbsp;48.50<\/span> <small class=\"woocommerce-price-suffix\">inc. VAT 21%<\/small><\/div>\n\t\t\t\t\n\t\t\t\t<div class=\"wp-block-button wc-block-grid__product-add-to-cart\"><a href=\"?add-to-cart=25754\" aria-label=\"Add &ldquo;Mystone Ceppo di Gre Grey RET&rdquo; to your cart\" data-quantity=\"1\" data-product_id=\"25754\" data-product_sku=\"MQV3\" rel=\"nofollow\" class=\"wp-block-button__link  add_to_cart_button ajax_add_to_cart\">Add to cart<\/a><\/div>\n\t\t\t<\/li><li class=\"wc-block-grid__product\">\n\t\t\t\t<a href=\"https:\/\/www.hlstudija.lv\/en\/product\/silver-5\/\" class=\"wc-block-grid__product-link\">\n\t\t\t\t\t\n\t\t\t\t\t<div class=\"wc-block-grid__product-image\"><img loading=\"lazy\" width=\"400\" height=\"400\" src=\"https:\/\/www.hlstudija.lv\/wp-content\/uploads\/2021\/04\/evolve-akb8-silver-60x120-2-01-b-400x400.jpg\" class=\"attachment-woocommerce_thumbnail size-woocommerce_thumbnail\" alt=\"Evolve Silver\" decoding=\"async\" srcset=\"https:\/\/www.hlstudija.lv\/wp-content\/uploads\/2021\/04\/evolve-akb8-silver-60x120-2-01-b-400x400.jpg 400w, https:\/\/www.hlstudija.lv\/wp-content\/uploads\/2021\/04\/evolve-akb8-silver-60x120-2-01-b-100x100.jpg 100w, https:\/\/www.hlstudija.lv\/wp-content\/uploads\/2021\/04\/evolve-akb8-silver-60x120-2-01-b-32x32.jpg 32w, https:\/\/www.hlstudija.lv\/wp-content\/uploads\/2021\/04\/evolve-akb8-silver-60x120-2-01-b-125x125.jpg 125w\" sizes=\"(max-width: 400px) 100vw, 400px\" \/><\/div>\n\t\t\t\t\t<div class=\"wc-block-grid__product-title\">Evolve Silver<\/div>\n\t\t\t\t<\/a>\n\t\t\t\t<div class=\"wc-block-grid__product-price price\"><span class=\"woocommerce-Price-amount amount\"><span class=\"woocommerce-Price-currencySymbol\">&euro;<\/span>&nbsp;24.49<\/span> <small class=\"woocommerce-price-suffix\">inc. VAT 21%<\/small><\/div>\n\t\t\t\t\n\t\t\t\t<div class=\"wp-block-button wc-block-grid__product-add-to-cart\"><a href=\"?add-to-cart=10546\" aria-label=\"Add &ldquo;Evolve Silver&rdquo; to your cart\" data-quantity=\"1\" data-product_id=\"10546\" data-product_sku=\"AND6\" rel=\"nofollow\" class=\"wp-block-button__link  add_to_cart_button ajax_add_to_cart\">Add to cart<\/a><\/div>\n\t\t\t<\/li><\/ul><\/div>\n\n\n<div style=\"height:15px\" aria-hidden=\"true\" class=\"wp-block-spacer\"><\/div>\n\n\n\n<div class=\"wp-block-buttons is-layout-flex wp-block-buttons-is-layout-flex\">\n<div class=\"wp-block-button\"><a class=\"wp-block-button__link has-background wp-element-button\" href=\"https:\/\/www.hlstudija.lv\/pielietojums\/gridas-flizes\/\" style=\"border-radius:0px;background-color:#6e2536\">Skat\u012bt visas gr\u012bdas fl\u012bzes<\/a><\/div>\n<\/div>\n\n\n\n<div style=\"height:30px\" aria-hidden=\"true\" class=\"wp-block-spacer\"><\/div>\n\n\n\n<p><\/p>\n\n\n\n<div style=\"height:15px\" aria-hidden=\"true\" class=\"wp-block-spacer\"><\/div>\n\n\n\n<div class=\"wp-block-media-text alignwide is-stacked-on-mobile is-vertically-aligned-top\" style=\"grid-template-columns:32% auto\"><figure class=\"wp-block-media-text__media\"><img decoding=\"async\" loading=\"lazy\" width=\"824\" height=\"1024\" src=\"https:\/\/www.hlstudija.lv\/wp-content\/uploads\/2023\/01\/atlas-concorde-gridas-flizes-boost-pro-noliktava-hl-studija-sm-824x1024.jpg\" alt=\"\" class=\"wp-image-36736 size-full\" srcset=\"https:\/\/www.hlstudija.lv\/wp-content\/uploads\/2023\/01\/atlas-concorde-gridas-flizes-boost-pro-noliktava-hl-studija-sm-824x1024.jpg 824w, https:\/\/www.hlstudija.lv\/wp-content\/uploads\/2023\/01\/atlas-concorde-gridas-flizes-boost-pro-noliktava-hl-studija-sm-242x300.jpg 242w, https:\/\/www.hlstudija.lv\/wp-content\/uploads\/2023\/01\/atlas-concorde-gridas-flizes-boost-pro-noliktava-hl-studija-sm-768x954.jpg 768w, https:\/\/www.hlstudija.lv\/wp-content\/uploads\/2023\/01\/atlas-concorde-gridas-flizes-boost-pro-noliktava-hl-studija-sm-600x745.jpg 600w, https:\/\/www.hlstudija.lv\/wp-content\/uploads\/2023\/01\/atlas-concorde-gridas-flizes-boost-pro-noliktava-hl-studija-sm.jpg 967w\" sizes=\"(max-width: 824px) 100vw, 824px\" \/><\/figure><div class=\"wp-block-media-text__content\">\n<h2 class=\"wp-block-heading has-text-align-left has-black-color has-text-color\"><strong>Gr\u012bdas fl\u012bzes<\/strong><\/h2>\n\n\n\n<p><strong>Gr\u012bdas fl\u012bzes piem\u0113rotas liel\u0101kai noslodzei<\/strong> \u2013 \u0161\u0101dam pielietojumam visatbilsto\u0161\u0101k\u0101s ir <strong>akmens masas fl\u012bzes<\/strong>. T\u0101s ir pieejamas ar da\u017e\u0101diem pretsl\u012bdes un pretnodiluma pak\u0101p\u0113m, t\u0101d\u0113\u013c izv\u0113loties fl\u012bzes <strong>ir b\u016btiski apsv\u0113rt telpas lieto\u0161anas nol\u016bku un intensit\u0101ti<\/strong>. Vadoties p\u0113c telpas interjera un telpas dizaina, gr\u012bdas fl\u012bzes var saska\u0146ot ar sienas fl\u012bz\u0113m, vai kontrast\u0113t t\u0101s un veidot pievilc\u012bgas kr\u0101su kombin\u0101cijas. Izmantojot da\u017e\u0101da izm\u0113ra un formas fl\u012bzes, ar gr\u012bdas fl\u012bz\u0113m iesp\u0113jams sp\u0113l\u0113ties ar cilv\u0113ka ma\u0146\u0101m \u2013 liela izm\u0113ra fl\u012bzes \u013cauj maz\u0101m telp\u0101m izskat\u012bties liel\u0101k\u0101m, bet gr\u012bdas fl\u012b\u017eu izkl\u0101\u0161ana 45 gr\u0101du le\u0146\u0137\u012b pal\u012bdz nov\u0113rst uzman\u012bbu no telpas \u0161auruma, t\u0101pat ar\u012b piedot \u0161auriem gaite\u0146iem un cit\u0101m telp\u0101m pla\u0161uma il\u016bziju.<\/p>\n<\/div><\/div>\n\n\n\n<div style=\"height:30px\" aria-hidden=\"true\" class=\"wp-block-spacer\"><\/div>\n\n\n\n<h2 class=\"wp-block-heading has-text-align-center has-black-color has-text-color\"><strong>Apmekl\u0113jiet fl\u012b\u017eu salonus R\u012bg\u0101 un Liep\u0101j\u0101!<\/strong><\/h2>\n\n\n\n<div style=\"height:15px\" aria-hidden=\"true\" class=\"wp-block-spacer\"><\/div>\n\n\n\n<p><strong>M\u016bsu zino\u0161ie un profesion\u0101lie fl\u012b\u017eu speci\u0101listi gaid\u012bs J\u016bs HL Studija fl\u012b\u017eu salonos, un pal\u012bdz\u0113s izv\u0113l\u0113ties tie\u0161i Jums piem\u0113rot\u0101ko risin\u0101jumu!<\/strong> Salonos iesp\u0113jams apskat\u012bt visas noliktav\u0101 un p\u0113c speci\u0101la pas\u016bt\u012bjuma pieejam\u0101s fl\u012bzes un to paraugus, kvalitat\u012bva parketa, da\u017e\u0101du pakl\u0101jfl\u012b\u017eu un ekskluz\u012bvas santehnikas ekspoz\u012bciju, un iedvesmoties augstv\u0113rt\u012bg\u0101m un gaum\u012bg\u0101m interjera p\u0101rv\u0113rt\u012bb\u0101m. Salons R\u012bg\u0101 &#8211; t\/c DECCO CENTRS, salons Liep\u0101j\u0101 &#8211; t\/c BIGFISH. <a href=\"https:\/\/www.hlstudija.lv\/en\/contacts\/\">Sazinieties ar mums<\/a> vai apskatiet salonu atra\u0161an\u0101s vietas:<\/p>\n\n\n\n<div style=\"height:15px\" aria-hidden=\"true\" class=\"wp-block-spacer\"><\/div>\n\n\n\n<div class=\"wp-block-buttons is-content-justification-center is-layout-flex wp-container-4 wp-block-buttons-is-layout-flex\">\n<div class=\"wp-block-button is-style-fill\"><a class=\"wp-block-button__link has-black-background-color has-background wp-element-button\" href=\"https:\/\/goo.gl\/maps\/tNYJdhxfFWPMyQxw6\" style=\"border-radius:0px\">Fl\u012b\u017eu salons R\u012bg\u0101<\/a><\/div>\n\n\n\n<div class=\"wp-block-button\"><a class=\"wp-block-button__link has-black-background-color has-background wp-element-button\" href=\"https:\/\/goo.gl\/maps\/Yi1d5dKMrjdo4c4L6\" style=\"border-radius:0px\">Fl\u012b\u017eu salons Liep\u0101j\u0101<\/a><\/div>\n<\/div>\n\n\n\n<div style=\"height:100px\" aria-hidden=\"true\" class=\"wp-block-spacer\"><\/div>\n","protected":false},"excerpt":{"rendered":"<p>Pasteidzieties! Tikai 10.-20.02.23. &#8211; sirsn\u012bgas atlaides vis\u0101m gr\u012bdas fl\u012bz\u0113m, kas pieejamas HL Studija pla\u0161aj\u0101 noliktav\u0101. \u012apa\u0161a -20% atlaide vis\u0101m akmens masas gr\u012bdas fl\u012bz\u0113m, kas pieejamas uzreiz, noliktav\u0101. Augstv\u0113rt\u012bgas fl\u012bzes &#8211; tikai no presti\u017eiem un atz\u012btiem ra\u017eot\u0101jiem Eirop\u0101 &#8211; Atlas Concorde (ITA), Marazzi (ITA) u.c. Iepaz\u012bties ar HL Studija kvalitat\u012bvo un iztur\u012bgo fl\u012b\u017eu pied\u0101v\u0101jumu iesp\u0113jams fl\u012b\u017eu&#8230;  <a href=\"https:\/\/www.hlstudija.lv\/en\/sirsnigas-atlaides-2023\/\" class=\"more-link\" title=\"Read Sirsn\u012bgas atlaides\">Read more &raquo;<\/a><\/p>\n","protected":false},"author":101016,"featured_media":36728,"parent":0,"menu_order":0,"comment_status":"closed","ping_status":"closed","template":"","meta":{"ngg_post_thumbnail":0,"footnotes":""},"acf":[],"yoast_head":"<!-- This site is optimized with the Yoast SEO plugin v21.2 - https:\/\/yoast.com\/wordpress\/plugins\/seo\/ -->\n<title>Sirsn\u012bgas atlaides Gr\u012bdas fl\u012bz\u0113m - tikai l\u012bdz 20.02. - HL Studija<\/title>\n<meta name=\"description\" content=\"Akcija gr\u012bdas fl\u012bz\u0113m noliktav\u0101 - atlaides HL Studija fl\u012b\u017eu salonos R\u012bg\u0101, Liep\u0101j\u0101! Kvalitat\u012bvas akmens masas fl\u012bzes gr\u012bd\u0101m izp\u0101rdo\u0161an\u0101!\" \/>\n<meta name=\"robots\" content=\"index, follow, max-snippet:-1, max-image-preview:large, max-video-preview:-1\" \/>\n<link rel=\"canonical\" href=\"https:\/\/www.hlstudija.lv\/en\/sirsnigas-atlaides-2023\/\" \/>\n<meta property=\"og:locale\" content=\"en_US\" \/>\n<meta property=\"og:type\" content=\"article\" \/>\n<meta property=\"og:title\" content=\"Sirsn\u012bgas atlaides Gr\u012bdas fl\u012bz\u0113m - tikai l\u012bdz 20.02. - HL Studija\" \/>\n<meta property=\"og:description\" content=\"Akcija gr\u012bdas fl\u012bz\u0113m noliktav\u0101 - atlaides HL Studija fl\u012b\u017eu salonos R\u012bg\u0101, Liep\u0101j\u0101! Kvalitat\u012bvas akmens masas fl\u012bzes gr\u012bd\u0101m izp\u0101rdo\u0161an\u0101!\" \/>\n<meta property=\"og:url\" content=\"https:\/\/www.hlstudija.lv\/en\/sirsnigas-atlaides-2023\/\" \/>\n<meta property=\"og:site_name\" content=\"HL Studija\" \/>\n<meta property=\"article:publisher\" content=\"https:\/\/www.facebook.com\/hlstudija\/\" \/>\n<meta property=\"article:modified_time\" content=\"2024-02-06T15:07:26+00:00\" \/>\n<meta property=\"og:image\" content=\"https:\/\/www.hlstudija.lv\/wp-content\/uploads\/2023\/01\/sirsnigas-atlaides-2023.jpg\" \/>\n\t<meta property=\"og:image:width\" content=\"1043\" \/>\n\t<meta property=\"og:image:height\" content=\"1043\" \/>\n\t<meta property=\"og:image:type\" content=\"image\/jpeg\" \/>\n<meta name=\"twitter:label1\" content=\"Est. reading time\" \/>\n\t<meta name=\"twitter:data1\" content=\"2 minutes\" \/>\n<script type=\"application\/ld+json\" class=\"yoast-schema-graph\">{\"@context\":\"https:\/\/schema.org\",\"@graph\":[{\"@type\":\"WebPage\",\"@id\":\"https:\/\/www.hlstudija.lv\/en\/sirsnigas-atlaides-2023\/\",\"url\":\"https:\/\/www.hlstudija.lv\/en\/sirsnigas-atlaides-2023\/\",\"name\":\"Sirsn\u012bgas atlaides Gr\u012bdas fl\u012bz\u0113m - tikai l\u012bdz 20.02. - HL Studija\",\"isPartOf\":{\"@id\":\"https:\/\/www.hlstudija.lv\/#website\"},\"datePublished\":\"2023-01-31T13:00:55+00:00\",\"dateModified\":\"2024-02-06T15:07:26+00:00\",\"description\":\"Akcija gr\u012bdas fl\u012bz\u0113m noliktav\u0101 - atlaides HL Studija fl\u012b\u017eu salonos R\u012bg\u0101, Liep\u0101j\u0101! Kvalitat\u012bvas akmens masas fl\u012bzes gr\u012bd\u0101m izp\u0101rdo\u0161an\u0101!\",\"breadcrumb\":{\"@id\":\"https:\/\/www.hlstudija.lv\/en\/sirsnigas-atlaides-2023\/#breadcrumb\"},\"inLanguage\":\"en-US\",\"potentialAction\":[{\"@type\":\"ReadAction\",\"target\":[\"https:\/\/www.hlstudija.lv\/en\/sirsnigas-atlaides-2023\/\"]}]},{\"@type\":\"BreadcrumbList\",\"@id\":\"https:\/\/www.hlstudija.lv\/en\/sirsnigas-atlaides-2023\/#breadcrumb\",\"itemListElement\":[{\"@type\":\"ListItem\",\"position\":1,\"name\":\"Fl\u012b\u017eu salons\",\"item\":\"https:\/\/www.hlstudija.lv\/en\/homepage\/\"},{\"@type\":\"ListItem\",\"position\":2,\"name\":\"Sirsn\u012bgas atlaides\"}]},{\"@type\":\"WebSite\",\"@id\":\"https:\/\/www.hlstudija.lv\/#website\",\"url\":\"https:\/\/www.hlstudija.lv\/\",\"name\":\"HL Studija\",\"description\":\"Fl\u012bzes un logi\",\"potentialAction\":[{\"@type\":\"SearchAction\",\"target\":{\"@type\":\"EntryPoint\",\"urlTemplate\":\"https:\/\/www.hlstudija.lv\/?s={search_term_string}\"},\"query-input\":\"required name=search_term_string\"}],\"inLanguage\":\"en-US\"}]}<\/script>\n<!-- \/ Yoast SEO plugin. -->","yoast_head_json":{"title":"Sirsn\u012bgas atlaides Gr\u012bdas fl\u012bz\u0113m - tikai l\u012bdz 20.02. - HL Studija","description":"Akcija gr\u012bdas fl\u012bz\u0113m noliktav\u0101 - atlaides HL Studija fl\u012b\u017eu salonos R\u012bg\u0101, Liep\u0101j\u0101! Kvalitat\u012bvas akmens masas fl\u012bzes gr\u012bd\u0101m izp\u0101rdo\u0161an\u0101!","robots":{"index":"index","follow":"follow","max-snippet":"max-snippet:-1","max-image-preview":"max-image-preview:large","max-video-preview":"max-video-preview:-1"},"canonical":"https:\/\/www.hlstudija.lv\/en\/sirsnigas-atlaides-2023\/","og_locale":"en_US","og_type":"article","og_title":"Sirsn\u012bgas atlaides Gr\u012bdas fl\u012bz\u0113m - tikai l\u012bdz 20.02. - HL Studija","og_description":"Akcija gr\u012bdas fl\u012bz\u0113m noliktav\u0101 - atlaides HL Studija fl\u012b\u017eu salonos R\u012bg\u0101, Liep\u0101j\u0101! Kvalitat\u012bvas akmens masas fl\u012bzes gr\u012bd\u0101m izp\u0101rdo\u0161an\u0101!","og_url":"https:\/\/www.hlstudija.lv\/en\/sirsnigas-atlaides-2023\/","og_site_name":"HL Studija","article_publisher":"https:\/\/www.facebook.com\/hlstudija\/","article_modified_time":"2024-02-06T15:07:26+00:00","og_image":[{"width":1043,"height":1043,"url":"https:\/\/www.hlstudija.lv\/wp-content\/uploads\/2023\/01\/sirsnigas-atlaides-2023.jpg","type":"image\/jpeg"}],"twitter_misc":{"Est. reading time":"2 minutes"},"schema":{"@context":"https:\/\/schema.org","@graph":[{"@type":"WebPage","@id":"https:\/\/www.hlstudija.lv\/en\/sirsnigas-atlaides-2023\/","url":"https:\/\/www.hlstudija.lv\/en\/sirsnigas-atlaides-2023\/","name":"Sirsn\u012bgas atlaides Gr\u012bdas fl\u012bz\u0113m - tikai l\u012bdz 20.02. - HL Studija","isPartOf":{"@id":"https:\/\/www.hlstudija.lv\/#website"},"datePublished":"2023-01-31T13:00:55+00:00","dateModified":"2024-02-06T15:07:26+00:00","description":"Akcija gr\u012bdas fl\u012bz\u0113m noliktav\u0101 - atlaides HL Studija fl\u012b\u017eu salonos R\u012bg\u0101, Liep\u0101j\u0101! Kvalitat\u012bvas akmens masas fl\u012bzes gr\u012bd\u0101m izp\u0101rdo\u0161an\u0101!","breadcrumb":{"@id":"https:\/\/www.hlstudija.lv\/en\/sirsnigas-atlaides-2023\/#breadcrumb"},"inLanguage":"en-US","potentialAction":[{"@type":"ReadAction","target":["https:\/\/www.hlstudija.lv\/en\/sirsnigas-atlaides-2023\/"]}]},{"@type":"BreadcrumbList","@id":"https:\/\/www.hlstudija.lv\/en\/sirsnigas-atlaides-2023\/#breadcrumb","itemListElement":[{"@type":"ListItem","position":1,"name":"Fl\u012b\u017eu salons","item":"https:\/\/www.hlstudija.lv\/en\/homepage\/"},{"@type":"ListItem","position":2,"name":"Sirsn\u012bgas atlaides"}]},{"@type":"WebSite","@id":"https:\/\/www.hlstudija.lv\/#website","url":"https:\/\/www.hlstudija.lv\/","name":"HL Studija","description":"Fl\u012bzes un logi","potentialAction":[{"@type":"SearchAction","target":{"@type":"EntryPoint","urlTemplate":"https:\/\/www.hlstudija.lv\/?s={search_term_string}"},"query-input":"required name=search_term_string"}],"inLanguage":"en-US"}]}},"_links":{"self":[{"href":"https:\/\/www.hlstudija.lv\/en\/wp-json\/wp\/v2\/pages\/36722"}],"collection":[{"href":"https:\/\/www.hlstudija.lv\/en\/wp-json\/wp\/v2\/pages"}],"about":[{"href":"https:\/\/www.hlstudija.lv\/en\/wp-json\/wp\/v2\/types\/page"}],"author":[{"embeddable":true,"href":"https:\/\/www.hlstudija.lv\/en\/wp-json\/wp\/v2\/users\/101016"}],"replies":[{"embeddable":true,"href":"https:\/\/www.hlstudija.lv\/en\/wp-json\/wp\/v2\/comments?post=36722"}],"version-history":[{"count":11,"href":"https:\/\/www.hlstudija.lv\/en\/wp-json\/wp\/v2\/pages\/36722\/revisions"}],"predecessor-version":[{"id":39762,"href":"https:\/\/www.hlstudija.lv\/en\/wp-json\/wp\/v2\/pages\/36722\/revisions\/39762"}],"wp:featuredmedia":[{"embeddable":true,"href":"https:\/\/www.hlstudija.lv\/en\/wp-json\/wp\/v2\/media\/36728"}],"wp:attachment":[{"href":"https:\/\/www.hlstudija.lv\/en\/wp-json\/wp\/v2\/media?parent=36722"}],"curies":[{"name":"wp","href":"https:\/\/api.w.org\/{rel}","templated":true}]}}