{"id":12743,"date":"2021-05-01T22:57:07","date_gmt":"2021-05-01T19:57:07","guid":{"rendered":"https:\/\/hltests.createit.lv\/product\/lilac-list-flower-mix-2\/"},"modified":"2022-09-05T10:42:22","modified_gmt":"2022-09-05T07:42:22","slug":"lilac-list-flower-mix-2","status":"publish","type":"product","link":"https:\/\/www.hlstudija.lv\/en\/product\/lilac-list-flower-mix-2\/","title":{"rendered":"Glamour Lilac List.Flower Mix 2"},"content":{"rendered":"","protected":false},"excerpt":{"rendered":"","protected":false},"featured_media":17775,"template":"","meta":{"ngg_post_thumbnail":0},"product_cat":[234,235,237,224],"product_tag":[],"acf":[],"yoast_head":"<!-- This site is optimized with the Yoast SEO plugin v21.2 - https:\/\/yoast.com\/wordpress\/plugins\/seo\/ -->\n<title>Ekskluz\u012bv\u0101s fl\u012bzes Glamour Lilac List.Flower Mix 2 - HL Studija<\/title>\n<meta name=\"description\" content=\"Augst\u0101k\u0101s kvalit\u0101tes fl\u012bzes no presti\u017eiem Eiropas z\u012bmoliem. Jaun\u0101s kolekcijas, izp\u0101rdo\u0161anas pied\u0101v\u0101jumi- interneta veikal\u0101 un fl\u012b\u017eu salonos.\" \/>\n<meta name=\"robots\" content=\"index, follow, max-snippet:-1, max-image-preview:large, max-video-preview:-1\" \/>\n<link rel=\"canonical\" href=\"https:\/\/www.hlstudija.lv\/en\/product\/lilac-list-flower-mix-2\/\" \/>\n<meta property=\"og:locale\" content=\"en_US\" \/>\n<meta property=\"og:type\" content=\"article\" \/>\n<meta property=\"og:title\" content=\"Ekskluz\u012bv\u0101s fl\u012bzes Glamour Lilac List.Flower Mix 2 - HL Studija\" \/>\n<meta property=\"og:description\" content=\"Augst\u0101k\u0101s kvalit\u0101tes fl\u012bzes no presti\u017eiem Eiropas z\u012bmoliem. Jaun\u0101s kolekcijas, izp\u0101rdo\u0161anas pied\u0101v\u0101jumi- interneta veikal\u0101 un fl\u012b\u017eu salonos.\" \/>\n<meta property=\"og:url\" content=\"https:\/\/www.hlstudija.lv\/en\/product\/lilac-list-flower-mix-2\/\" \/>\n<meta property=\"og:site_name\" content=\"HL Studija\" \/>\n<meta property=\"article:publisher\" content=\"https:\/\/www.facebook.com\/hlstudija\/\" \/>\n<meta property=\"article:modified_time\" content=\"2022-09-05T07:42:22+00:00\" \/>\n<meta property=\"og:image\" content=\"https:\/\/www.hlstudija.lv\/wp-content\/uploads\/2021\/05\/LGIL-Atlas-Concorde-Glamour-Lilac-List.Flower-Mix-2-1.jpg\" \/>\n\t<meta property=\"og:image:width\" content=\"963\" \/>\n\t<meta property=\"og:image:height\" content=\"310\" \/>\n\t<meta property=\"og:image:type\" content=\"image\/jpeg\" \/>\n<script type=\"application\/ld+json\" class=\"yoast-schema-graph\">{\"@context\":\"https:\/\/schema.org\",\"@graph\":[{\"@type\":\"WebPage\",\"@id\":\"https:\/\/www.hlstudija.lv\/en\/product\/lilac-list-flower-mix-2\/\",\"url\":\"https:\/\/www.hlstudija.lv\/en\/product\/lilac-list-flower-mix-2\/\",\"name\":\"Ekskluz\u012bv\u0101s fl\u012bzes Glamour Lilac List.Flower Mix 2 - HL Studija\",\"isPartOf\":{\"@id\":\"https:\/\/www.hlstudija.lv\/#website\"},\"datePublished\":\"2021-05-01T19:57:07+00:00\",\"dateModified\":\"2022-09-05T07:42:22+00:00\",\"description\":\"Augst\u0101k\u0101s kvalit\u0101tes fl\u012bzes no presti\u017eiem Eiropas z\u012bmoliem. Jaun\u0101s kolekcijas, izp\u0101rdo\u0161anas pied\u0101v\u0101jumi- interneta veikal\u0101 un fl\u012b\u017eu salonos.\",\"breadcrumb\":{\"@id\":\"https:\/\/www.hlstudija.lv\/en\/product\/lilac-list-flower-mix-2\/#breadcrumb\"},\"inLanguage\":\"en-US\",\"potentialAction\":[{\"@type\":\"ReadAction\",\"target\":[\"https:\/\/www.hlstudija.lv\/en\/product\/lilac-list-flower-mix-2\/\"]}]},{\"@type\":\"BreadcrumbList\",\"@id\":\"https:\/\/www.hlstudija.lv\/en\/product\/lilac-list-flower-mix-2\/#breadcrumb\",\"itemListElement\":[{\"@type\":\"ListItem\",\"position\":1,\"name\":\"Fl\u012b\u017eu salons\",\"item\":\"https:\/\/www.hlstudija.lv\/en\/homepage\/\"},{\"@type\":\"ListItem\",\"position\":2,\"name\":\"Shop\",\"item\":\"https:\/\/www.hlstudija.lv\/en\/shop\/\"},{\"@type\":\"ListItem\",\"position\":3,\"name\":\"Glamour Lilac List.Flower Mix 2\"}]},{\"@type\":\"WebSite\",\"@id\":\"https:\/\/www.hlstudija.lv\/#website\",\"url\":\"https:\/\/www.hlstudija.lv\/\",\"name\":\"HL Studija\",\"description\":\"Fl\u012bzes un logi\",\"potentialAction\":[{\"@type\":\"SearchAction\",\"target\":{\"@type\":\"EntryPoint\",\"urlTemplate\":\"https:\/\/www.hlstudija.lv\/?s={search_term_string}\"},\"query-input\":\"required name=search_term_string\"}],\"inLanguage\":\"en-US\"}]}<\/script>\n<!-- \/ Yoast SEO plugin. -->","yoast_head_json":{"title":"Ekskluz\u012bv\u0101s fl\u012bzes Glamour Lilac List.Flower Mix 2 - HL Studija","description":"Augst\u0101k\u0101s kvalit\u0101tes fl\u012bzes no presti\u017eiem Eiropas z\u012bmoliem. Jaun\u0101s kolekcijas, izp\u0101rdo\u0161anas pied\u0101v\u0101jumi- interneta veikal\u0101 un fl\u012b\u017eu salonos.","robots":{"index":"index","follow":"follow","max-snippet":"max-snippet:-1","max-image-preview":"max-image-preview:large","max-video-preview":"max-video-preview:-1"},"canonical":"https:\/\/www.hlstudija.lv\/en\/product\/lilac-list-flower-mix-2\/","og_locale":"en_US","og_type":"article","og_title":"Ekskluz\u012bv\u0101s fl\u012bzes Glamour Lilac List.Flower Mix 2 - HL Studija","og_description":"Augst\u0101k\u0101s kvalit\u0101tes fl\u012bzes no presti\u017eiem Eiropas z\u012bmoliem. Jaun\u0101s kolekcijas, izp\u0101rdo\u0161anas pied\u0101v\u0101jumi- interneta veikal\u0101 un fl\u012b\u017eu salonos.","og_url":"https:\/\/www.hlstudija.lv\/en\/product\/lilac-list-flower-mix-2\/","og_site_name":"HL Studija","article_publisher":"https:\/\/www.facebook.com\/hlstudija\/","article_modified_time":"2022-09-05T07:42:22+00:00","og_image":[{"width":963,"height":310,"url":"https:\/\/www.hlstudija.lv\/wp-content\/uploads\/2021\/05\/LGIL-Atlas-Concorde-Glamour-Lilac-List.Flower-Mix-2-1.jpg","type":"image\/jpeg"}],"schema":{"@context":"https:\/\/schema.org","@graph":[{"@type":"WebPage","@id":"https:\/\/www.hlstudija.lv\/en\/product\/lilac-list-flower-mix-2\/","url":"https:\/\/www.hlstudija.lv\/en\/product\/lilac-list-flower-mix-2\/","name":"Ekskluz\u012bv\u0101s fl\u012bzes Glamour Lilac List.Flower Mix 2 - HL Studija","isPartOf":{"@id":"https:\/\/www.hlstudija.lv\/#website"},"datePublished":"2021-05-01T19:57:07+00:00","dateModified":"2022-09-05T07:42:22+00:00","description":"Augst\u0101k\u0101s kvalit\u0101tes fl\u012bzes no presti\u017eiem Eiropas z\u012bmoliem. Jaun\u0101s kolekcijas, izp\u0101rdo\u0161anas pied\u0101v\u0101jumi- interneta veikal\u0101 un fl\u012b\u017eu salonos.","breadcrumb":{"@id":"https:\/\/www.hlstudija.lv\/en\/product\/lilac-list-flower-mix-2\/#breadcrumb"},"inLanguage":"en-US","potentialAction":[{"@type":"ReadAction","target":["https:\/\/www.hlstudija.lv\/en\/product\/lilac-list-flower-mix-2\/"]}]},{"@type":"BreadcrumbList","@id":"https:\/\/www.hlstudija.lv\/en\/product\/lilac-list-flower-mix-2\/#breadcrumb","itemListElement":[{"@type":"ListItem","position":1,"name":"Fl\u012b\u017eu salons","item":"https:\/\/www.hlstudija.lv\/en\/homepage\/"},{"@type":"ListItem","position":2,"name":"Shop","item":"https:\/\/www.hlstudija.lv\/en\/shop\/"},{"@type":"ListItem","position":3,"name":"Glamour Lilac List.Flower Mix 2"}]},{"@type":"WebSite","@id":"https:\/\/www.hlstudija.lv\/#website","url":"https:\/\/www.hlstudija.lv\/","name":"HL Studija","description":"Fl\u012bzes un logi","potentialAction":[{"@type":"SearchAction","target":{"@type":"EntryPoint","urlTemplate":"https:\/\/www.hlstudija.lv\/?s={search_term_string}"},"query-input":"required name=search_term_string"}],"inLanguage":"en-US"}]}},"_links":{"self":[{"href":"https:\/\/www.hlstudija.lv\/en\/wp-json\/wp\/v2\/product\/12743"}],"collection":[{"href":"https:\/\/www.hlstudija.lv\/en\/wp-json\/wp\/v2\/product"}],"about":[{"href":"https:\/\/www.hlstudija.lv\/en\/wp-json\/wp\/v2\/types\/product"}],"wp:featuredmedia":[{"embeddable":true,"href":"https:\/\/www.hlstudija.lv\/en\/wp-json\/wp\/v2\/media\/17775"}],"wp:attachment":[{"href":"https:\/\/www.hlstudija.lv\/en\/wp-json\/wp\/v2\/media?parent=12743"}],"wp:term":[{"taxonomy":"product_cat","embeddable":true,"href":"https:\/\/www.hlstudija.lv\/en\/wp-json\/wp\/v2\/product_cat?post=12743"},{"taxonomy":"product_tag","embeddable":true,"href":"https:\/\/www.hlstudija.lv\/en\/wp-json\/wp\/v2\/product_tag?post=12743"}],"curies":[{"name":"wp","href":"https:\/\/api.w.org\/{rel}","templated":true}]}}