{"id":21047,"date":"2021-09-27T08:19:41","date_gmt":"2021-09-27T05:19:41","guid":{"rendered":"https:\/\/www.hlstudija.lv\/?post_type=product&#038;p=21047"},"modified":"2025-05-23T10:36:54","modified_gmt":"2025-05-23T07:36:54","slug":"ultra-grey-onyx-vein-cut-lucidato-shiny","status":"publish","type":"product","link":"https:\/\/www.hlstudija.lv\/en\/product\/ultra-grey-onyx-vein-cut-lucidato-shiny\/","title":{"rendered":"Ultra Grey Onyx Vein Cut Lucidato Shiny"},"content":{"rendered":"","protected":false},"excerpt":{"rendered":"","protected":false},"featured_media":20968,"template":"","meta":{"ngg_post_thumbnail":0},"product_cat":[234,197,235,239,224],"product_tag":[],"acf":[],"yoast_head":"<!-- This site is optimized with the Yoast SEO plugin v21.2 - https:\/\/yoast.com\/wordpress\/plugins\/seo\/ -->\n<title>Lielform\u0101ta fl\u012bzes Ultra Grey Onyx Vein Cut Lucidato Shiny - HL Studija<\/title>\n<meta name=\"description\" content=\"Augst\u0101k\u0101s kvalit\u0101tes oniksa dizaina fl\u012bzes no It\u0101lijas, z\u012bmola Ariostea. Iztur\u012bgas akmens masas fl\u012bzes 3m augstum\u0101 virtuves u.c. virsm\u0101m.\" \/>\n<meta name=\"robots\" content=\"index, follow, max-snippet:-1, max-image-preview:large, max-video-preview:-1\" \/>\n<link rel=\"canonical\" href=\"https:\/\/www.hlstudija.lv\/en\/product\/ultra-grey-onyx-vein-cut-lucidato-shiny\/\" \/>\n<meta property=\"og:locale\" content=\"en_US\" \/>\n<meta property=\"og:type\" content=\"article\" \/>\n<meta property=\"og:title\" content=\"Lielform\u0101ta fl\u012bzes Ultra Grey Onyx Vein Cut Lucidato Shiny - HL Studija\" \/>\n<meta property=\"og:description\" content=\"Augst\u0101k\u0101s kvalit\u0101tes oniksa dizaina fl\u012bzes no It\u0101lijas, z\u012bmola Ariostea. Iztur\u012bgas akmens masas fl\u012bzes 3m augstum\u0101 virtuves u.c. virsm\u0101m.\" \/>\n<meta property=\"og:url\" content=\"https:\/\/www.hlstudija.lv\/en\/product\/ultra-grey-onyx-vein-cut-lucidato-shiny\/\" \/>\n<meta property=\"og:site_name\" content=\"HL Studija\" \/>\n<meta property=\"article:publisher\" content=\"https:\/\/www.facebook.com\/hlstudija\/\" \/>\n<meta property=\"article:modified_time\" content=\"2025-05-23T07:36:54+00:00\" \/>\n<meta property=\"og:image\" content=\"https:\/\/www.hlstudija.lv\/wp-content\/uploads\/2021\/09\/UO6L300557.-lielformata-flizes-onikss-hl-studija.jpg\" \/>\n\t<meta property=\"og:image:width\" content=\"1500\" \/>\n\t<meta property=\"og:image:height\" content=\"748\" \/>\n\t<meta property=\"og:image:type\" content=\"image\/jpeg\" \/>\n<script type=\"application\/ld+json\" class=\"yoast-schema-graph\">{\"@context\":\"https:\/\/schema.org\",\"@graph\":[{\"@type\":\"WebPage\",\"@id\":\"https:\/\/www.hlstudija.lv\/en\/product\/ultra-grey-onyx-vein-cut-lucidato-shiny\/\",\"url\":\"https:\/\/www.hlstudija.lv\/en\/product\/ultra-grey-onyx-vein-cut-lucidato-shiny\/\",\"name\":\"Lielform\u0101ta fl\u012bzes Ultra Grey Onyx Vein Cut Lucidato Shiny - HL Studija\",\"isPartOf\":{\"@id\":\"https:\/\/www.hlstudija.lv\/#website\"},\"datePublished\":\"2021-09-27T05:19:41+00:00\",\"dateModified\":\"2025-05-23T07:36:54+00:00\",\"description\":\"Augst\u0101k\u0101s kvalit\u0101tes oniksa dizaina fl\u012bzes no It\u0101lijas, z\u012bmola Ariostea. Iztur\u012bgas akmens masas fl\u012bzes 3m augstum\u0101 virtuves u.c. virsm\u0101m.\",\"breadcrumb\":{\"@id\":\"https:\/\/www.hlstudija.lv\/en\/product\/ultra-grey-onyx-vein-cut-lucidato-shiny\/#breadcrumb\"},\"inLanguage\":\"en-US\",\"potentialAction\":[{\"@type\":\"ReadAction\",\"target\":[\"https:\/\/www.hlstudija.lv\/en\/product\/ultra-grey-onyx-vein-cut-lucidato-shiny\/\"]}]},{\"@type\":\"BreadcrumbList\",\"@id\":\"https:\/\/www.hlstudija.lv\/en\/product\/ultra-grey-onyx-vein-cut-lucidato-shiny\/#breadcrumb\",\"itemListElement\":[{\"@type\":\"ListItem\",\"position\":1,\"name\":\"Fl\u012b\u017eu salons\",\"item\":\"https:\/\/www.hlstudija.lv\/en\/homepage\/\"},{\"@type\":\"ListItem\",\"position\":2,\"name\":\"Shop\",\"item\":\"https:\/\/www.hlstudija.lv\/en\/shop\/\"},{\"@type\":\"ListItem\",\"position\":3,\"name\":\"Ultra Grey Onyx Vein Cut Lucidato Shiny\"}]},{\"@type\":\"WebSite\",\"@id\":\"https:\/\/www.hlstudija.lv\/#website\",\"url\":\"https:\/\/www.hlstudija.lv\/\",\"name\":\"HL Studija\",\"description\":\"Fl\u012bzes un logi\",\"potentialAction\":[{\"@type\":\"SearchAction\",\"target\":{\"@type\":\"EntryPoint\",\"urlTemplate\":\"https:\/\/www.hlstudija.lv\/?s={search_term_string}\"},\"query-input\":\"required name=search_term_string\"}],\"inLanguage\":\"en-US\"}]}<\/script>\n<!-- \/ Yoast SEO plugin. -->","yoast_head_json":{"title":"Lielform\u0101ta fl\u012bzes Ultra Grey Onyx Vein Cut Lucidato Shiny - HL Studija","description":"Augst\u0101k\u0101s kvalit\u0101tes oniksa dizaina fl\u012bzes no It\u0101lijas, z\u012bmola Ariostea. Iztur\u012bgas akmens masas fl\u012bzes 3m augstum\u0101 virtuves u.c. virsm\u0101m.","robots":{"index":"index","follow":"follow","max-snippet":"max-snippet:-1","max-image-preview":"max-image-preview:large","max-video-preview":"max-video-preview:-1"},"canonical":"https:\/\/www.hlstudija.lv\/en\/product\/ultra-grey-onyx-vein-cut-lucidato-shiny\/","og_locale":"en_US","og_type":"article","og_title":"Lielform\u0101ta fl\u012bzes Ultra Grey Onyx Vein Cut Lucidato Shiny - HL Studija","og_description":"Augst\u0101k\u0101s kvalit\u0101tes oniksa dizaina fl\u012bzes no It\u0101lijas, z\u012bmola Ariostea. Iztur\u012bgas akmens masas fl\u012bzes 3m augstum\u0101 virtuves u.c. virsm\u0101m.","og_url":"https:\/\/www.hlstudija.lv\/en\/product\/ultra-grey-onyx-vein-cut-lucidato-shiny\/","og_site_name":"HL Studija","article_publisher":"https:\/\/www.facebook.com\/hlstudija\/","article_modified_time":"2025-05-23T07:36:54+00:00","og_image":[{"width":1500,"height":748,"url":"https:\/\/www.hlstudija.lv\/wp-content\/uploads\/2021\/09\/UO6L300557.-lielformata-flizes-onikss-hl-studija.jpg","type":"image\/jpeg"}],"schema":{"@context":"https:\/\/schema.org","@graph":[{"@type":"WebPage","@id":"https:\/\/www.hlstudija.lv\/en\/product\/ultra-grey-onyx-vein-cut-lucidato-shiny\/","url":"https:\/\/www.hlstudija.lv\/en\/product\/ultra-grey-onyx-vein-cut-lucidato-shiny\/","name":"Lielform\u0101ta fl\u012bzes Ultra Grey Onyx Vein Cut Lucidato Shiny - HL Studija","isPartOf":{"@id":"https:\/\/www.hlstudija.lv\/#website"},"datePublished":"2021-09-27T05:19:41+00:00","dateModified":"2025-05-23T07:36:54+00:00","description":"Augst\u0101k\u0101s kvalit\u0101tes oniksa dizaina fl\u012bzes no It\u0101lijas, z\u012bmola Ariostea. Iztur\u012bgas akmens masas fl\u012bzes 3m augstum\u0101 virtuves u.c. virsm\u0101m.","breadcrumb":{"@id":"https:\/\/www.hlstudija.lv\/en\/product\/ultra-grey-onyx-vein-cut-lucidato-shiny\/#breadcrumb"},"inLanguage":"en-US","potentialAction":[{"@type":"ReadAction","target":["https:\/\/www.hlstudija.lv\/en\/product\/ultra-grey-onyx-vein-cut-lucidato-shiny\/"]}]},{"@type":"BreadcrumbList","@id":"https:\/\/www.hlstudija.lv\/en\/product\/ultra-grey-onyx-vein-cut-lucidato-shiny\/#breadcrumb","itemListElement":[{"@type":"ListItem","position":1,"name":"Fl\u012b\u017eu salons","item":"https:\/\/www.hlstudija.lv\/en\/homepage\/"},{"@type":"ListItem","position":2,"name":"Shop","item":"https:\/\/www.hlstudija.lv\/en\/shop\/"},{"@type":"ListItem","position":3,"name":"Ultra Grey Onyx Vein Cut Lucidato Shiny"}]},{"@type":"WebSite","@id":"https:\/\/www.hlstudija.lv\/#website","url":"https:\/\/www.hlstudija.lv\/","name":"HL Studija","description":"Fl\u012bzes un logi","potentialAction":[{"@type":"SearchAction","target":{"@type":"EntryPoint","urlTemplate":"https:\/\/www.hlstudija.lv\/?s={search_term_string}"},"query-input":"required name=search_term_string"}],"inLanguage":"en-US"}]}},"_links":{"self":[{"href":"https:\/\/www.hlstudija.lv\/en\/wp-json\/wp\/v2\/product\/21047"}],"collection":[{"href":"https:\/\/www.hlstudija.lv\/en\/wp-json\/wp\/v2\/product"}],"about":[{"href":"https:\/\/www.hlstudija.lv\/en\/wp-json\/wp\/v2\/types\/product"}],"wp:featuredmedia":[{"embeddable":true,"href":"https:\/\/www.hlstudija.lv\/en\/wp-json\/wp\/v2\/media\/20968"}],"wp:attachment":[{"href":"https:\/\/www.hlstudija.lv\/en\/wp-json\/wp\/v2\/media?parent=21047"}],"wp:term":[{"taxonomy":"product_cat","embeddable":true,"href":"https:\/\/www.hlstudija.lv\/en\/wp-json\/wp\/v2\/product_cat?post=21047"},{"taxonomy":"product_tag","embeddable":true,"href":"https:\/\/www.hlstudija.lv\/en\/wp-json\/wp\/v2\/product_tag?post=21047"}],"curies":[{"name":"wp","href":"https:\/\/api.w.org\/{rel}","templated":true}]}}