{"id":21578,"date":"2021-10-04T17:58:10","date_gmt":"2021-10-04T14:58:10","guid":{"rendered":"https:\/\/www.hlstudija.lv\/?post_type=product&#038;p=21578"},"modified":"2024-04-18T13:20:57","modified_gmt":"2024-04-18T10:20:57","slug":"in-rosso","status":"publish","type":"product","link":"https:\/\/www.hlstudija.lv\/en\/product\/in-rosso\/","title":{"rendered":"IN Rosso"},"content":{"rendered":"","protected":false},"excerpt":{"rendered":"","protected":false},"featured_media":21494,"template":"","meta":{"ngg_post_thumbnail":0},"product_cat":[234,197,235,224],"product_tag":[],"acf":[],"yoast_head":"<!-- This site is optimized with the Yoast SEO plugin v21.2 - https:\/\/yoast.com\/wordpress\/plugins\/seo\/ -->\n<title>Mono to\u0146a sarkanas fl\u012bzes sien\u0101m un gr\u012bdai IN Rosso - HL Studija<\/title>\n<meta name=\"description\" content=\"Augst\u0101k\u0101s kvalit\u0101tes fl\u012bzes no it\u0101\u013cu z\u012bmola Ceramica Vogue. Jaun\u0101s kolekcijas, izp\u0101rdo\u0161anas pied\u0101v\u0101jumi- interneta veikal\u0101 un fl\u012b\u017eu salonos.\" \/>\n<meta name=\"robots\" content=\"index, follow, max-snippet:-1, max-image-preview:large, max-video-preview:-1\" \/>\n<link rel=\"canonical\" href=\"https:\/\/www.hlstudija.lv\/en\/product\/in-rosso\/\" \/>\n<meta property=\"og:locale\" content=\"en_US\" \/>\n<meta property=\"og:type\" content=\"article\" \/>\n<meta property=\"og:title\" content=\"Mono to\u0146a sarkanas fl\u012bzes sien\u0101m un gr\u012bdai IN Rosso - HL Studija\" \/>\n<meta property=\"og:description\" content=\"Augst\u0101k\u0101s kvalit\u0101tes fl\u012bzes no it\u0101\u013cu z\u012bmola Ceramica Vogue. Jaun\u0101s kolekcijas, izp\u0101rdo\u0161anas pied\u0101v\u0101jumi- interneta veikal\u0101 un fl\u012b\u017eu salonos.\" \/>\n<meta property=\"og:url\" content=\"https:\/\/www.hlstudija.lv\/en\/product\/in-rosso\/\" \/>\n<meta property=\"og:site_name\" content=\"HL Studija\" \/>\n<meta property=\"article:publisher\" content=\"https:\/\/www.facebook.com\/hlstudija\/\" \/>\n<meta property=\"article:modified_time\" content=\"2024-04-18T10:20:57+00:00\" \/>\n<meta property=\"og:image\" content=\"https:\/\/www.hlstudija.lv\/wp-content\/uploads\/2021\/10\/IN-Cielo-20x20-d3d_default_IN_Rosso_20x20.jpg\" \/>\n\t<meta property=\"og:image:width\" content=\"1000\" \/>\n\t<meta property=\"og:image:height\" content=\"1000\" \/>\n\t<meta property=\"og:image:type\" content=\"image\/jpeg\" \/>\n<script type=\"application\/ld+json\" class=\"yoast-schema-graph\">{\"@context\":\"https:\/\/schema.org\",\"@graph\":[{\"@type\":\"WebPage\",\"@id\":\"https:\/\/www.hlstudija.lv\/en\/product\/in-rosso\/\",\"url\":\"https:\/\/www.hlstudija.lv\/en\/product\/in-rosso\/\",\"name\":\"Mono to\u0146a sarkanas fl\u012bzes sien\u0101m un gr\u012bdai IN Rosso - HL Studija\",\"isPartOf\":{\"@id\":\"https:\/\/www.hlstudija.lv\/#website\"},\"datePublished\":\"2021-10-04T14:58:10+00:00\",\"dateModified\":\"2024-04-18T10:20:57+00:00\",\"description\":\"Augst\u0101k\u0101s kvalit\u0101tes fl\u012bzes no it\u0101\u013cu z\u012bmola Ceramica Vogue. Jaun\u0101s kolekcijas, izp\u0101rdo\u0161anas pied\u0101v\u0101jumi- interneta veikal\u0101 un fl\u012b\u017eu salonos.\",\"breadcrumb\":{\"@id\":\"https:\/\/www.hlstudija.lv\/en\/product\/in-rosso\/#breadcrumb\"},\"inLanguage\":\"en-US\",\"potentialAction\":[{\"@type\":\"ReadAction\",\"target\":[\"https:\/\/www.hlstudija.lv\/en\/product\/in-rosso\/\"]}]},{\"@type\":\"BreadcrumbList\",\"@id\":\"https:\/\/www.hlstudija.lv\/en\/product\/in-rosso\/#breadcrumb\",\"itemListElement\":[{\"@type\":\"ListItem\",\"position\":1,\"name\":\"Fl\u012b\u017eu salons\",\"item\":\"https:\/\/www.hlstudija.lv\/en\/homepage\/\"},{\"@type\":\"ListItem\",\"position\":2,\"name\":\"Shop\",\"item\":\"https:\/\/www.hlstudija.lv\/en\/shop\/\"},{\"@type\":\"ListItem\",\"position\":3,\"name\":\"IN Rosso\"}]},{\"@type\":\"WebSite\",\"@id\":\"https:\/\/www.hlstudija.lv\/#website\",\"url\":\"https:\/\/www.hlstudija.lv\/\",\"name\":\"HL Studija\",\"description\":\"Fl\u012bzes un logi\",\"potentialAction\":[{\"@type\":\"SearchAction\",\"target\":{\"@type\":\"EntryPoint\",\"urlTemplate\":\"https:\/\/www.hlstudija.lv\/?s={search_term_string}\"},\"query-input\":\"required name=search_term_string\"}],\"inLanguage\":\"en-US\"}]}<\/script>\n<!-- \/ Yoast SEO plugin. -->","yoast_head_json":{"title":"Mono to\u0146a sarkanas fl\u012bzes sien\u0101m un gr\u012bdai IN Rosso - HL Studija","description":"Augst\u0101k\u0101s kvalit\u0101tes fl\u012bzes no it\u0101\u013cu z\u012bmola Ceramica Vogue. Jaun\u0101s kolekcijas, izp\u0101rdo\u0161anas pied\u0101v\u0101jumi- interneta veikal\u0101 un fl\u012b\u017eu salonos.","robots":{"index":"index","follow":"follow","max-snippet":"max-snippet:-1","max-image-preview":"max-image-preview:large","max-video-preview":"max-video-preview:-1"},"canonical":"https:\/\/www.hlstudija.lv\/en\/product\/in-rosso\/","og_locale":"en_US","og_type":"article","og_title":"Mono to\u0146a sarkanas fl\u012bzes sien\u0101m un gr\u012bdai IN Rosso - HL Studija","og_description":"Augst\u0101k\u0101s kvalit\u0101tes fl\u012bzes no it\u0101\u013cu z\u012bmola Ceramica Vogue. Jaun\u0101s kolekcijas, izp\u0101rdo\u0161anas pied\u0101v\u0101jumi- interneta veikal\u0101 un fl\u012b\u017eu salonos.","og_url":"https:\/\/www.hlstudija.lv\/en\/product\/in-rosso\/","og_site_name":"HL Studija","article_publisher":"https:\/\/www.facebook.com\/hlstudija\/","article_modified_time":"2024-04-18T10:20:57+00:00","og_image":[{"width":1000,"height":1000,"url":"https:\/\/www.hlstudija.lv\/wp-content\/uploads\/2021\/10\/IN-Cielo-20x20-d3d_default_IN_Rosso_20x20.jpg","type":"image\/jpeg"}],"schema":{"@context":"https:\/\/schema.org","@graph":[{"@type":"WebPage","@id":"https:\/\/www.hlstudija.lv\/en\/product\/in-rosso\/","url":"https:\/\/www.hlstudija.lv\/en\/product\/in-rosso\/","name":"Mono to\u0146a sarkanas fl\u012bzes sien\u0101m un gr\u012bdai IN Rosso - HL Studija","isPartOf":{"@id":"https:\/\/www.hlstudija.lv\/#website"},"datePublished":"2021-10-04T14:58:10+00:00","dateModified":"2024-04-18T10:20:57+00:00","description":"Augst\u0101k\u0101s kvalit\u0101tes fl\u012bzes no it\u0101\u013cu z\u012bmola Ceramica Vogue. Jaun\u0101s kolekcijas, izp\u0101rdo\u0161anas pied\u0101v\u0101jumi- interneta veikal\u0101 un fl\u012b\u017eu salonos.","breadcrumb":{"@id":"https:\/\/www.hlstudija.lv\/en\/product\/in-rosso\/#breadcrumb"},"inLanguage":"en-US","potentialAction":[{"@type":"ReadAction","target":["https:\/\/www.hlstudija.lv\/en\/product\/in-rosso\/"]}]},{"@type":"BreadcrumbList","@id":"https:\/\/www.hlstudija.lv\/en\/product\/in-rosso\/#breadcrumb","itemListElement":[{"@type":"ListItem","position":1,"name":"Fl\u012b\u017eu salons","item":"https:\/\/www.hlstudija.lv\/en\/homepage\/"},{"@type":"ListItem","position":2,"name":"Shop","item":"https:\/\/www.hlstudija.lv\/en\/shop\/"},{"@type":"ListItem","position":3,"name":"IN Rosso"}]},{"@type":"WebSite","@id":"https:\/\/www.hlstudija.lv\/#website","url":"https:\/\/www.hlstudija.lv\/","name":"HL Studija","description":"Fl\u012bzes un logi","potentialAction":[{"@type":"SearchAction","target":{"@type":"EntryPoint","urlTemplate":"https:\/\/www.hlstudija.lv\/?s={search_term_string}"},"query-input":"required name=search_term_string"}],"inLanguage":"en-US"}]}},"_links":{"self":[{"href":"https:\/\/www.hlstudija.lv\/en\/wp-json\/wp\/v2\/product\/21578"}],"collection":[{"href":"https:\/\/www.hlstudija.lv\/en\/wp-json\/wp\/v2\/product"}],"about":[{"href":"https:\/\/www.hlstudija.lv\/en\/wp-json\/wp\/v2\/types\/product"}],"wp:featuredmedia":[{"embeddable":true,"href":"https:\/\/www.hlstudija.lv\/en\/wp-json\/wp\/v2\/media\/21494"}],"wp:attachment":[{"href":"https:\/\/www.hlstudija.lv\/en\/wp-json\/wp\/v2\/media?parent=21578"}],"wp:term":[{"taxonomy":"product_cat","embeddable":true,"href":"https:\/\/www.hlstudija.lv\/en\/wp-json\/wp\/v2\/product_cat?post=21578"},{"taxonomy":"product_tag","embeddable":true,"href":"https:\/\/www.hlstudija.lv\/en\/wp-json\/wp\/v2\/product_tag?post=21578"}],"curies":[{"name":"wp","href":"https:\/\/api.w.org\/{rel}","templated":true}]}}