{"id":21658,"date":"2021-10-06T19:34:58","date_gmt":"2021-10-06T16:34:58","guid":{"rendered":"https:\/\/www.hlstudija.lv\/?post_type=product&#038;p=21658"},"modified":"2022-10-31T14:23:42","modified_gmt":"2022-10-31T12:23:42","slug":"kone-beige-rt-lappato","status":"publish","type":"product","link":"https:\/\/www.hlstudija.lv\/en\/product\/kone-beige-rt-lappato\/","title":{"rendered":"Kone Beige RT Lappato"},"content":{"rendered":"","protected":false},"excerpt":{"rendered":"","protected":false},"featured_media":36519,"template":"","meta":{"ngg_post_thumbnail":0},"product_cat":[234,197,235,224],"product_tag":[],"acf":[],"yoast_head":"<!-- This site is optimized with the Yoast SEO plugin v21.2 - https:\/\/yoast.com\/wordpress\/plugins\/seo\/ -->\n<title>It\u0101\u013cu z\u012bmola Atlas Concorde fl\u012bzes - Kone Beige RT Lappato - HL Studija<\/title>\n<meta name=\"description\" content=\"Augst\u0101k\u0101s kvalit\u0101tes gr\u012bdas un sienas fl\u012bzes no presti\u017eiem Eiropas z\u012bmoliem. Vannas istabas fl\u012bzes, virtuves fl\u012bzes- internet\u0101 un salonos.\" \/>\n<meta name=\"robots\" content=\"index, follow, max-snippet:-1, max-image-preview:large, max-video-preview:-1\" \/>\n<link rel=\"canonical\" href=\"https:\/\/www.hlstudija.lv\/en\/product\/kone-beige-rt-lappato\/\" \/>\n<meta property=\"og:locale\" content=\"en_US\" \/>\n<meta property=\"og:type\" content=\"article\" \/>\n<meta property=\"og:title\" content=\"It\u0101\u013cu z\u012bmola Atlas Concorde fl\u012bzes - Kone Beige RT Lappato - HL Studija\" \/>\n<meta property=\"og:description\" content=\"Augst\u0101k\u0101s kvalit\u0101tes gr\u012bdas un sienas fl\u012bzes no presti\u017eiem Eiropas z\u012bmoliem. Vannas istabas fl\u012bzes, virtuves fl\u012bzes- internet\u0101 un salonos.\" \/>\n<meta property=\"og:url\" content=\"https:\/\/www.hlstudija.lv\/en\/product\/kone-beige-rt-lappato\/\" \/>\n<meta property=\"og:site_name\" content=\"HL Studija\" \/>\n<meta property=\"article:publisher\" content=\"https:\/\/www.facebook.com\/hlstudija\/\" \/>\n<meta property=\"article:modified_time\" content=\"2022-10-31T12:23:42+00:00\" \/>\n<meta property=\"og:image\" content=\"https:\/\/www.hlstudija.lv\/wp-content\/uploads\/2021\/10\/AtlasConcorde_Kone_Beige_60X60_Lappato-1022x1024.jpg\" \/>\n\t<meta property=\"og:image:width\" content=\"1022\" \/>\n\t<meta property=\"og:image:height\" content=\"1024\" \/>\n\t<meta property=\"og:image:type\" content=\"image\/jpeg\" \/>\n<script type=\"application\/ld+json\" class=\"yoast-schema-graph\">{\"@context\":\"https:\/\/schema.org\",\"@graph\":[{\"@type\":\"WebPage\",\"@id\":\"https:\/\/www.hlstudija.lv\/en\/product\/kone-beige-rt-lappato\/\",\"url\":\"https:\/\/www.hlstudija.lv\/en\/product\/kone-beige-rt-lappato\/\",\"name\":\"It\u0101\u013cu z\u012bmola Atlas Concorde fl\u012bzes - Kone Beige RT Lappato - HL Studija\",\"isPartOf\":{\"@id\":\"https:\/\/www.hlstudija.lv\/#website\"},\"datePublished\":\"2021-10-06T16:34:58+00:00\",\"dateModified\":\"2022-10-31T12:23:42+00:00\",\"description\":\"Augst\u0101k\u0101s kvalit\u0101tes gr\u012bdas un sienas fl\u012bzes no presti\u017eiem Eiropas z\u012bmoliem. Vannas istabas fl\u012bzes, virtuves fl\u012bzes- internet\u0101 un salonos.\",\"breadcrumb\":{\"@id\":\"https:\/\/www.hlstudija.lv\/en\/product\/kone-beige-rt-lappato\/#breadcrumb\"},\"inLanguage\":\"en-US\",\"potentialAction\":[{\"@type\":\"ReadAction\",\"target\":[\"https:\/\/www.hlstudija.lv\/en\/product\/kone-beige-rt-lappato\/\"]}]},{\"@type\":\"BreadcrumbList\",\"@id\":\"https:\/\/www.hlstudija.lv\/en\/product\/kone-beige-rt-lappato\/#breadcrumb\",\"itemListElement\":[{\"@type\":\"ListItem\",\"position\":1,\"name\":\"Fl\u012b\u017eu salons\",\"item\":\"https:\/\/www.hlstudija.lv\/en\/homepage\/\"},{\"@type\":\"ListItem\",\"position\":2,\"name\":\"Shop\",\"item\":\"https:\/\/www.hlstudija.lv\/en\/shop\/\"},{\"@type\":\"ListItem\",\"position\":3,\"name\":\"Kone Beige RT Lappato\"}]},{\"@type\":\"WebSite\",\"@id\":\"https:\/\/www.hlstudija.lv\/#website\",\"url\":\"https:\/\/www.hlstudija.lv\/\",\"name\":\"HL Studija\",\"description\":\"Fl\u012bzes un logi\",\"potentialAction\":[{\"@type\":\"SearchAction\",\"target\":{\"@type\":\"EntryPoint\",\"urlTemplate\":\"https:\/\/www.hlstudija.lv\/?s={search_term_string}\"},\"query-input\":\"required name=search_term_string\"}],\"inLanguage\":\"en-US\"}]}<\/script>\n<!-- \/ Yoast SEO plugin. -->","yoast_head_json":{"title":"It\u0101\u013cu z\u012bmola Atlas Concorde fl\u012bzes - Kone Beige RT Lappato - HL Studija","description":"Augst\u0101k\u0101s kvalit\u0101tes gr\u012bdas un sienas fl\u012bzes no presti\u017eiem Eiropas z\u012bmoliem. Vannas istabas fl\u012bzes, virtuves fl\u012bzes- internet\u0101 un salonos.","robots":{"index":"index","follow":"follow","max-snippet":"max-snippet:-1","max-image-preview":"max-image-preview:large","max-video-preview":"max-video-preview:-1"},"canonical":"https:\/\/www.hlstudija.lv\/en\/product\/kone-beige-rt-lappato\/","og_locale":"en_US","og_type":"article","og_title":"It\u0101\u013cu z\u012bmola Atlas Concorde fl\u012bzes - Kone Beige RT Lappato - HL Studija","og_description":"Augst\u0101k\u0101s kvalit\u0101tes gr\u012bdas un sienas fl\u012bzes no presti\u017eiem Eiropas z\u012bmoliem. Vannas istabas fl\u012bzes, virtuves fl\u012bzes- internet\u0101 un salonos.","og_url":"https:\/\/www.hlstudija.lv\/en\/product\/kone-beige-rt-lappato\/","og_site_name":"HL Studija","article_publisher":"https:\/\/www.facebook.com\/hlstudija\/","article_modified_time":"2022-10-31T12:23:42+00:00","og_image":[{"width":1022,"height":1024,"url":"https:\/\/www.hlstudija.lv\/wp-content\/uploads\/2021\/10\/AtlasConcorde_Kone_Beige_60X60_Lappato-1022x1024.jpg","type":"image\/jpeg"}],"schema":{"@context":"https:\/\/schema.org","@graph":[{"@type":"WebPage","@id":"https:\/\/www.hlstudija.lv\/en\/product\/kone-beige-rt-lappato\/","url":"https:\/\/www.hlstudija.lv\/en\/product\/kone-beige-rt-lappato\/","name":"It\u0101\u013cu z\u012bmola Atlas Concorde fl\u012bzes - Kone Beige RT Lappato - HL Studija","isPartOf":{"@id":"https:\/\/www.hlstudija.lv\/#website"},"datePublished":"2021-10-06T16:34:58+00:00","dateModified":"2022-10-31T12:23:42+00:00","description":"Augst\u0101k\u0101s kvalit\u0101tes gr\u012bdas un sienas fl\u012bzes no presti\u017eiem Eiropas z\u012bmoliem. Vannas istabas fl\u012bzes, virtuves fl\u012bzes- internet\u0101 un salonos.","breadcrumb":{"@id":"https:\/\/www.hlstudija.lv\/en\/product\/kone-beige-rt-lappato\/#breadcrumb"},"inLanguage":"en-US","potentialAction":[{"@type":"ReadAction","target":["https:\/\/www.hlstudija.lv\/en\/product\/kone-beige-rt-lappato\/"]}]},{"@type":"BreadcrumbList","@id":"https:\/\/www.hlstudija.lv\/en\/product\/kone-beige-rt-lappato\/#breadcrumb","itemListElement":[{"@type":"ListItem","position":1,"name":"Fl\u012b\u017eu salons","item":"https:\/\/www.hlstudija.lv\/en\/homepage\/"},{"@type":"ListItem","position":2,"name":"Shop","item":"https:\/\/www.hlstudija.lv\/en\/shop\/"},{"@type":"ListItem","position":3,"name":"Kone Beige RT Lappato"}]},{"@type":"WebSite","@id":"https:\/\/www.hlstudija.lv\/#website","url":"https:\/\/www.hlstudija.lv\/","name":"HL Studija","description":"Fl\u012bzes un logi","potentialAction":[{"@type":"SearchAction","target":{"@type":"EntryPoint","urlTemplate":"https:\/\/www.hlstudija.lv\/?s={search_term_string}"},"query-input":"required name=search_term_string"}],"inLanguage":"en-US"}]}},"_links":{"self":[{"href":"https:\/\/www.hlstudija.lv\/en\/wp-json\/wp\/v2\/product\/21658"}],"collection":[{"href":"https:\/\/www.hlstudija.lv\/en\/wp-json\/wp\/v2\/product"}],"about":[{"href":"https:\/\/www.hlstudija.lv\/en\/wp-json\/wp\/v2\/types\/product"}],"wp:featuredmedia":[{"embeddable":true,"href":"https:\/\/www.hlstudija.lv\/en\/wp-json\/wp\/v2\/media\/36519"}],"wp:attachment":[{"href":"https:\/\/www.hlstudija.lv\/en\/wp-json\/wp\/v2\/media?parent=21658"}],"wp:term":[{"taxonomy":"product_cat","embeddable":true,"href":"https:\/\/www.hlstudija.lv\/en\/wp-json\/wp\/v2\/product_cat?post=21658"},{"taxonomy":"product_tag","embeddable":true,"href":"https:\/\/www.hlstudija.lv\/en\/wp-json\/wp\/v2\/product_tag?post=21658"}],"curies":[{"name":"wp","href":"https:\/\/api.w.org\/{rel}","templated":true}]}}