{"id":22435,"date":"2021-10-08T23:49:36","date_gmt":"2021-10-08T20:49:36","guid":{"rendered":"https:\/\/www.hlstudija.lv\/?post_type=product&#038;p=22435"},"modified":"2021-11-08T11:29:24","modified_gmt":"2021-11-08T09:29:24","slug":"dark-grey-120-2nd-20-20","status":"publish","type":"product","link":"https:\/\/www.hlstudija.lv\/en\/product\/dark-grey-120-2nd-20-20\/","title":{"rendered":"Dark Grey 120 2nd 20\/20"},"content":{"rendered":"","protected":false},"excerpt":{"rendered":"","protected":false},"featured_media":22267,"template":"","meta":{"ngg_post_thumbnail":0},"product_cat":[234,235,224],"product_tag":[],"acf":[],"yoast_head":"<!-- This site is optimized with the Yoast SEO plugin v21.2 - https:\/\/yoast.com\/wordpress\/plugins\/seo\/ -->\n<title>Sienas fl\u012bzes Ceragni Dark Grey 120 2nd 20\/20 - HL Studija<\/title>\n<meta name=\"description\" content=\"Augst\u0101k\u0101s kvalit\u0101tes melnas fl\u012bzes sien\u0101m no presti\u017eiem Eiropas z\u012bmoliem. Jaun\u0101s kolekcijas, izp\u0101rdo\u0161anas pied\u0101v\u0101jumi- internet\u0101 un salonos.\" \/>\n<meta name=\"robots\" content=\"index, follow, max-snippet:-1, max-image-preview:large, max-video-preview:-1\" \/>\n<link rel=\"canonical\" href=\"https:\/\/www.hlstudija.lv\/en\/product\/dark-grey-120-2nd-20-20\/\" \/>\n<meta property=\"og:locale\" content=\"en_US\" \/>\n<meta property=\"og:type\" content=\"article\" \/>\n<meta property=\"og:title\" content=\"Sienas fl\u012bzes Ceragni Dark Grey 120 2nd 20\/20 - HL Studija\" \/>\n<meta property=\"og:description\" content=\"Augst\u0101k\u0101s kvalit\u0101tes melnas fl\u012bzes sien\u0101m no presti\u017eiem Eiropas z\u012bmoliem. Jaun\u0101s kolekcijas, izp\u0101rdo\u0161anas pied\u0101v\u0101jumi- internet\u0101 un salonos.\" \/>\n<meta property=\"og:url\" content=\"https:\/\/www.hlstudija.lv\/en\/product\/dark-grey-120-2nd-20-20\/\" \/>\n<meta property=\"og:site_name\" content=\"HL Studija\" \/>\n<meta property=\"article:publisher\" content=\"https:\/\/www.facebook.com\/hlstudija\/\" \/>\n<meta property=\"article:modified_time\" content=\"2021-11-08T09:29:24+00:00\" \/>\n<meta property=\"og:image\" content=\"https:\/\/www.hlstudija.lv\/wp-content\/uploads\/2021\/10\/120-cinzento_20x20_flizes_hl_studija-scaled.jpg\" \/>\n\t<meta property=\"og:image:width\" content=\"2560\" \/>\n\t<meta property=\"og:image:height\" content=\"2560\" \/>\n\t<meta property=\"og:image:type\" content=\"image\/jpeg\" \/>\n<script type=\"application\/ld+json\" class=\"yoast-schema-graph\">{\"@context\":\"https:\/\/schema.org\",\"@graph\":[{\"@type\":\"WebPage\",\"@id\":\"https:\/\/www.hlstudija.lv\/en\/product\/dark-grey-120-2nd-20-20\/\",\"url\":\"https:\/\/www.hlstudija.lv\/en\/product\/dark-grey-120-2nd-20-20\/\",\"name\":\"Sienas fl\u012bzes Ceragni Dark Grey 120 2nd 20\/20 - HL Studija\",\"isPartOf\":{\"@id\":\"https:\/\/www.hlstudija.lv\/#website\"},\"datePublished\":\"2021-10-08T20:49:36+00:00\",\"dateModified\":\"2021-11-08T09:29:24+00:00\",\"description\":\"Augst\u0101k\u0101s kvalit\u0101tes melnas fl\u012bzes sien\u0101m no presti\u017eiem Eiropas z\u012bmoliem. Jaun\u0101s kolekcijas, izp\u0101rdo\u0161anas pied\u0101v\u0101jumi- internet\u0101 un salonos.\",\"breadcrumb\":{\"@id\":\"https:\/\/www.hlstudija.lv\/en\/product\/dark-grey-120-2nd-20-20\/#breadcrumb\"},\"inLanguage\":\"en-US\",\"potentialAction\":[{\"@type\":\"ReadAction\",\"target\":[\"https:\/\/www.hlstudija.lv\/en\/product\/dark-grey-120-2nd-20-20\/\"]}]},{\"@type\":\"BreadcrumbList\",\"@id\":\"https:\/\/www.hlstudija.lv\/en\/product\/dark-grey-120-2nd-20-20\/#breadcrumb\",\"itemListElement\":[{\"@type\":\"ListItem\",\"position\":1,\"name\":\"Fl\u012b\u017eu salons\",\"item\":\"https:\/\/www.hlstudija.lv\/en\/homepage\/\"},{\"@type\":\"ListItem\",\"position\":2,\"name\":\"Shop\",\"item\":\"https:\/\/www.hlstudija.lv\/en\/shop\/\"},{\"@type\":\"ListItem\",\"position\":3,\"name\":\"Dark Grey 120 2nd 20\/20\"}]},{\"@type\":\"WebSite\",\"@id\":\"https:\/\/www.hlstudija.lv\/#website\",\"url\":\"https:\/\/www.hlstudija.lv\/\",\"name\":\"HL Studija\",\"description\":\"Fl\u012bzes un logi\",\"potentialAction\":[{\"@type\":\"SearchAction\",\"target\":{\"@type\":\"EntryPoint\",\"urlTemplate\":\"https:\/\/www.hlstudija.lv\/?s={search_term_string}\"},\"query-input\":\"required name=search_term_string\"}],\"inLanguage\":\"en-US\"}]}<\/script>\n<!-- \/ Yoast SEO plugin. -->","yoast_head_json":{"title":"Sienas fl\u012bzes Ceragni Dark Grey 120 2nd 20\/20 - HL Studija","description":"Augst\u0101k\u0101s kvalit\u0101tes melnas fl\u012bzes sien\u0101m no presti\u017eiem Eiropas z\u012bmoliem. Jaun\u0101s kolekcijas, izp\u0101rdo\u0161anas pied\u0101v\u0101jumi- internet\u0101 un salonos.","robots":{"index":"index","follow":"follow","max-snippet":"max-snippet:-1","max-image-preview":"max-image-preview:large","max-video-preview":"max-video-preview:-1"},"canonical":"https:\/\/www.hlstudija.lv\/en\/product\/dark-grey-120-2nd-20-20\/","og_locale":"en_US","og_type":"article","og_title":"Sienas fl\u012bzes Ceragni Dark Grey 120 2nd 20\/20 - HL Studija","og_description":"Augst\u0101k\u0101s kvalit\u0101tes melnas fl\u012bzes sien\u0101m no presti\u017eiem Eiropas z\u012bmoliem. Jaun\u0101s kolekcijas, izp\u0101rdo\u0161anas pied\u0101v\u0101jumi- internet\u0101 un salonos.","og_url":"https:\/\/www.hlstudija.lv\/en\/product\/dark-grey-120-2nd-20-20\/","og_site_name":"HL Studija","article_publisher":"https:\/\/www.facebook.com\/hlstudija\/","article_modified_time":"2021-11-08T09:29:24+00:00","og_image":[{"width":2560,"height":2560,"url":"https:\/\/www.hlstudija.lv\/wp-content\/uploads\/2021\/10\/120-cinzento_20x20_flizes_hl_studija-scaled.jpg","type":"image\/jpeg"}],"schema":{"@context":"https:\/\/schema.org","@graph":[{"@type":"WebPage","@id":"https:\/\/www.hlstudija.lv\/en\/product\/dark-grey-120-2nd-20-20\/","url":"https:\/\/www.hlstudija.lv\/en\/product\/dark-grey-120-2nd-20-20\/","name":"Sienas fl\u012bzes Ceragni Dark Grey 120 2nd 20\/20 - HL Studija","isPartOf":{"@id":"https:\/\/www.hlstudija.lv\/#website"},"datePublished":"2021-10-08T20:49:36+00:00","dateModified":"2021-11-08T09:29:24+00:00","description":"Augst\u0101k\u0101s kvalit\u0101tes melnas fl\u012bzes sien\u0101m no presti\u017eiem Eiropas z\u012bmoliem. Jaun\u0101s kolekcijas, izp\u0101rdo\u0161anas pied\u0101v\u0101jumi- internet\u0101 un salonos.","breadcrumb":{"@id":"https:\/\/www.hlstudija.lv\/en\/product\/dark-grey-120-2nd-20-20\/#breadcrumb"},"inLanguage":"en-US","potentialAction":[{"@type":"ReadAction","target":["https:\/\/www.hlstudija.lv\/en\/product\/dark-grey-120-2nd-20-20\/"]}]},{"@type":"BreadcrumbList","@id":"https:\/\/www.hlstudija.lv\/en\/product\/dark-grey-120-2nd-20-20\/#breadcrumb","itemListElement":[{"@type":"ListItem","position":1,"name":"Fl\u012b\u017eu salons","item":"https:\/\/www.hlstudija.lv\/en\/homepage\/"},{"@type":"ListItem","position":2,"name":"Shop","item":"https:\/\/www.hlstudija.lv\/en\/shop\/"},{"@type":"ListItem","position":3,"name":"Dark Grey 120 2nd 20\/20"}]},{"@type":"WebSite","@id":"https:\/\/www.hlstudija.lv\/#website","url":"https:\/\/www.hlstudija.lv\/","name":"HL Studija","description":"Fl\u012bzes un logi","potentialAction":[{"@type":"SearchAction","target":{"@type":"EntryPoint","urlTemplate":"https:\/\/www.hlstudija.lv\/?s={search_term_string}"},"query-input":"required name=search_term_string"}],"inLanguage":"en-US"}]}},"_links":{"self":[{"href":"https:\/\/www.hlstudija.lv\/en\/wp-json\/wp\/v2\/product\/22435"}],"collection":[{"href":"https:\/\/www.hlstudija.lv\/en\/wp-json\/wp\/v2\/product"}],"about":[{"href":"https:\/\/www.hlstudija.lv\/en\/wp-json\/wp\/v2\/types\/product"}],"wp:featuredmedia":[{"embeddable":true,"href":"https:\/\/www.hlstudija.lv\/en\/wp-json\/wp\/v2\/media\/22267"}],"wp:attachment":[{"href":"https:\/\/www.hlstudija.lv\/en\/wp-json\/wp\/v2\/media?parent=22435"}],"wp:term":[{"taxonomy":"product_cat","embeddable":true,"href":"https:\/\/www.hlstudija.lv\/en\/wp-json\/wp\/v2\/product_cat?post=22435"},{"taxonomy":"product_tag","embeddable":true,"href":"https:\/\/www.hlstudija.lv\/en\/wp-json\/wp\/v2\/product_tag?post=22435"}],"curies":[{"name":"wp","href":"https:\/\/api.w.org\/{rel}","templated":true}]}}