{"id":25255,"date":"2022-02-14T16:16:19","date_gmt":"2022-02-14T14:16:19","guid":{"rendered":"https:\/\/www.hlstudija.lv\/veikals\/uncategorized\/vero-natural-chevron\/"},"modified":"2023-07-13T14:41:33","modified_gmt":"2023-07-13T11:41:33","slug":"vero-natural-chevron","status":"publish","type":"product","link":"https:\/\/www.hlstudija.lv\/en\/product\/vero-natural-chevron\/","title":{"rendered":"Vero Natural Chevron"},"content":{"rendered":"<p class=\"lead\"><strong>Augstv\u0113rt\u012bg\u0101 it\u0101\u013cu z\u012bmola <em><a href=\"https:\/\/www.marazzigroup.com\/collections\/vero\/\">Marazzi<\/a><\/em> kolekcija<\/strong> <strong>Vero<\/strong> &#8211; solis uz priek\u0161u tehnolo\u0123isko inov\u0101ciju jom\u0101, kas pied\u0101v\u0101 m\u016bsdien\u012bgu, ozolkoka iedvesmotu, kolekciju. Izmantojot fl\u012bzes interjer\u0101, ieg\u016bsiet \u012bpa\u0161i m\u0101j\u012bgu saj\u016btu, pateicoties kvalitat\u012bv\u0101 gr\u012bdas seguma &#8211; akmens masas fl\u012b\u017eu &#8211; ra\u017eo\u0161anas principiem un to apbr\u012bnojamajai re\u0101listiskajai l\u012bdz\u012bbai ozola koka materi\u0101lam &#8211; izskat\u0101, to\u0146os un pat tekst\u016br\u0101s, ko sajut\u012bsiet pat viegl\u0101kaj\u0101 piesk\u0101rien\u0101 fl\u012bz\u0113m.<\/p>\n<p>Tr\u012bs autentiski to\u0146i fl\u012bz\u0113m, kas pieejamas <em>chevron<\/em> jeb fran\u010du skujas (skuji\u0146as) form\u0101t\u0101, kas ir iecien\u012bts parketa veids k\u0101 klasiski v\u0113sturisk\u0101, t\u0101 ar\u012b m\u016bsdien\u012bg\u0101 interjer\u0101. Gr\u012bdas fl\u012bzes no augstv\u0113rt\u012bg\u0101s gr\u012bdas koka dizaina fl\u012b\u017eu kolekcijas <em>Vero<\/em> ir ilgm\u016b\u017e\u012bgs risin\u0101jums ar lielisku vizu\u0101lo sniegumu un tehniskaj\u0101m \u012bpa\u0161\u012bb\u0101m. Kvalitat\u012bv\u0101s, iztur\u012bgas akmens masas fl\u012bzes ar pretsl\u012bdes koeficientu R9 ir atbilsto\u0161as iekl\u0101\u0161anai virtuv\u0113, priek\u0161nam\u0101 (koridor\u0101), vannas istab\u0101, dz\u012bvojam\u0101s telp\u0101s u.c. interjera risin\u0101jumos.&nbsp;<\/p>\n","protected":false},"excerpt":{"rendered":"<p>Augstv\u0113rt\u012bg\u0101 it\u0101\u013cu z\u012bmola Marazzi kolekcija Vero &#8211; solis uz priek\u0161u tehnolo\u0123isko inov\u0101ciju jom\u0101, kas pied\u0101v\u0101 m\u016bsdien\u012bgu, ozolkoka iedvesmotu, kolekciju. Izmantojot fl\u012bzes interjer\u0101, ieg\u016bsiet \u012bpa\u0161i m\u0101j\u012bgu saj\u016btu, pateicoties kvalitat\u012bv\u0101 gr\u012bdas seguma &#8211; akmens masas fl\u012b\u017eu &#8211; ra\u017eo\u0161anas principiem un to apbr\u012bnojamajai re\u0101listiskajai l\u012bdz\u012bbai ozola koka materi\u0101lam &#8211; izskat\u0101, to\u0146os un pat tekst\u016br\u0101s, ko sajut\u012bsiet pat viegl\u0101kaj\u0101&#8230;  <a href=\"https:\/\/www.hlstudija.lv\/en\/product\/vero-natural-chevron\/\" class=\"more-link\" title=\"Read Vero Natural Chevron\">Read more &raquo;<\/a><\/p>\n","protected":false},"featured_media":25241,"template":"","meta":{"ngg_post_thumbnail":0},"product_cat":[234,197,235],"product_tag":[],"acf":[],"yoast_head":"<!-- This site is optimized with the Yoast SEO plugin v21.2 - https:\/\/yoast.com\/wordpress\/plugins\/seo\/ -->\n<title>Ozolkoka parketa dizaina gr\u012bdas fl\u012bzes Vero Natural Chevron - HL Studija<\/title>\n<meta name=\"description\" content=\"Premium kvalit\u0101tes koka dizaina fl\u012bzes gr\u012bdai no Marazzi (It\u0101lija). 100% re\u0101listiskas ozola fran\u010du skuji\u0146as (chevron) parketa dizaina fl\u012bzes.\" \/>\n<meta name=\"robots\" content=\"index, follow, max-snippet:-1, max-image-preview:large, max-video-preview:-1\" \/>\n<link rel=\"canonical\" href=\"https:\/\/www.hlstudija.lv\/en\/product\/vero-natural-chevron\/\" \/>\n<meta property=\"og:locale\" content=\"en_US\" \/>\n<meta property=\"og:type\" content=\"article\" \/>\n<meta property=\"og:title\" content=\"Ozolkoka parketa dizaina gr\u012bdas fl\u012bzes Vero Natural Chevron - HL Studija\" \/>\n<meta property=\"og:description\" content=\"Premium kvalit\u0101tes koka dizaina fl\u012bzes gr\u012bdai no Marazzi (It\u0101lija). 100% re\u0101listiskas ozola fran\u010du skuji\u0146as (chevron) parketa dizaina fl\u012bzes.\" \/>\n<meta property=\"og:url\" content=\"https:\/\/www.hlstudija.lv\/en\/product\/vero-natural-chevron\/\" \/>\n<meta property=\"og:site_name\" content=\"HL Studija\" \/>\n<meta property=\"article:publisher\" content=\"https:\/\/www.facebook.com\/hlstudija\/\" \/>\n<meta property=\"article:modified_time\" content=\"2023-07-13T11:41:33+00:00\" \/>\n<meta property=\"og:image\" content=\"https:\/\/www.hlstudija.lv\/wp-content\/uploads\/2022\/02\/Marazzi_Vero_MA8W-chevron-gridas-flizes-parkets-koka-skujina.jpg\" \/>\n\t<meta property=\"og:image:width\" content=\"2455\" \/>\n\t<meta property=\"og:image:height\" content=\"500\" \/>\n\t<meta property=\"og:image:type\" content=\"image\/jpeg\" \/>\n<meta name=\"twitter:label1\" content=\"Est. reading time\" \/>\n\t<meta name=\"twitter:data1\" content=\"1 minute\" \/>\n<script type=\"application\/ld+json\" class=\"yoast-schema-graph\">{\"@context\":\"https:\/\/schema.org\",\"@graph\":[{\"@type\":\"WebPage\",\"@id\":\"https:\/\/www.hlstudija.lv\/en\/product\/vero-natural-chevron\/\",\"url\":\"https:\/\/www.hlstudija.lv\/en\/product\/vero-natural-chevron\/\",\"name\":\"Ozolkoka parketa dizaina gr\u012bdas fl\u012bzes Vero Natural Chevron - HL Studija\",\"isPartOf\":{\"@id\":\"https:\/\/www.hlstudija.lv\/#website\"},\"datePublished\":\"2022-02-14T14:16:19+00:00\",\"dateModified\":\"2023-07-13T11:41:33+00:00\",\"description\":\"Premium kvalit\u0101tes koka dizaina fl\u012bzes gr\u012bdai no Marazzi (It\u0101lija). 100% re\u0101listiskas ozola fran\u010du skuji\u0146as (chevron) parketa dizaina fl\u012bzes.\",\"breadcrumb\":{\"@id\":\"https:\/\/www.hlstudija.lv\/en\/product\/vero-natural-chevron\/#breadcrumb\"},\"inLanguage\":\"en-US\",\"potentialAction\":[{\"@type\":\"ReadAction\",\"target\":[\"https:\/\/www.hlstudija.lv\/en\/product\/vero-natural-chevron\/\"]}]},{\"@type\":\"BreadcrumbList\",\"@id\":\"https:\/\/www.hlstudija.lv\/en\/product\/vero-natural-chevron\/#breadcrumb\",\"itemListElement\":[{\"@type\":\"ListItem\",\"position\":1,\"name\":\"Fl\u012b\u017eu salons\",\"item\":\"https:\/\/www.hlstudija.lv\/en\/homepage\/\"},{\"@type\":\"ListItem\",\"position\":2,\"name\":\"Shop\",\"item\":\"https:\/\/www.hlstudija.lv\/en\/shop\/\"},{\"@type\":\"ListItem\",\"position\":3,\"name\":\"Vero Natural Chevron\"}]},{\"@type\":\"WebSite\",\"@id\":\"https:\/\/www.hlstudija.lv\/#website\",\"url\":\"https:\/\/www.hlstudija.lv\/\",\"name\":\"HL Studija\",\"description\":\"Fl\u012bzes un logi\",\"potentialAction\":[{\"@type\":\"SearchAction\",\"target\":{\"@type\":\"EntryPoint\",\"urlTemplate\":\"https:\/\/www.hlstudija.lv\/?s={search_term_string}\"},\"query-input\":\"required name=search_term_string\"}],\"inLanguage\":\"en-US\"}]}<\/script>\n<!-- \/ Yoast SEO plugin. -->","yoast_head_json":{"title":"Ozolkoka parketa dizaina gr\u012bdas fl\u012bzes Vero Natural Chevron - HL Studija","description":"Premium kvalit\u0101tes koka dizaina fl\u012bzes gr\u012bdai no Marazzi (It\u0101lija). 100% re\u0101listiskas ozola fran\u010du skuji\u0146as (chevron) parketa dizaina fl\u012bzes.","robots":{"index":"index","follow":"follow","max-snippet":"max-snippet:-1","max-image-preview":"max-image-preview:large","max-video-preview":"max-video-preview:-1"},"canonical":"https:\/\/www.hlstudija.lv\/en\/product\/vero-natural-chevron\/","og_locale":"en_US","og_type":"article","og_title":"Ozolkoka parketa dizaina gr\u012bdas fl\u012bzes Vero Natural Chevron - HL Studija","og_description":"Premium kvalit\u0101tes koka dizaina fl\u012bzes gr\u012bdai no Marazzi (It\u0101lija). 100% re\u0101listiskas ozola fran\u010du skuji\u0146as (chevron) parketa dizaina fl\u012bzes.","og_url":"https:\/\/www.hlstudija.lv\/en\/product\/vero-natural-chevron\/","og_site_name":"HL Studija","article_publisher":"https:\/\/www.facebook.com\/hlstudija\/","article_modified_time":"2023-07-13T11:41:33+00:00","og_image":[{"width":2455,"height":500,"url":"https:\/\/www.hlstudija.lv\/wp-content\/uploads\/2022\/02\/Marazzi_Vero_MA8W-chevron-gridas-flizes-parkets-koka-skujina.jpg","type":"image\/jpeg"}],"twitter_misc":{"Est. reading time":"1 minute"},"schema":{"@context":"https:\/\/schema.org","@graph":[{"@type":"WebPage","@id":"https:\/\/www.hlstudija.lv\/en\/product\/vero-natural-chevron\/","url":"https:\/\/www.hlstudija.lv\/en\/product\/vero-natural-chevron\/","name":"Ozolkoka parketa dizaina gr\u012bdas fl\u012bzes Vero Natural Chevron - HL Studija","isPartOf":{"@id":"https:\/\/www.hlstudija.lv\/#website"},"datePublished":"2022-02-14T14:16:19+00:00","dateModified":"2023-07-13T11:41:33+00:00","description":"Premium kvalit\u0101tes koka dizaina fl\u012bzes gr\u012bdai no Marazzi (It\u0101lija). 100% re\u0101listiskas ozola fran\u010du skuji\u0146as (chevron) parketa dizaina fl\u012bzes.","breadcrumb":{"@id":"https:\/\/www.hlstudija.lv\/en\/product\/vero-natural-chevron\/#breadcrumb"},"inLanguage":"en-US","potentialAction":[{"@type":"ReadAction","target":["https:\/\/www.hlstudija.lv\/en\/product\/vero-natural-chevron\/"]}]},{"@type":"BreadcrumbList","@id":"https:\/\/www.hlstudija.lv\/en\/product\/vero-natural-chevron\/#breadcrumb","itemListElement":[{"@type":"ListItem","position":1,"name":"Fl\u012b\u017eu salons","item":"https:\/\/www.hlstudija.lv\/en\/homepage\/"},{"@type":"ListItem","position":2,"name":"Shop","item":"https:\/\/www.hlstudija.lv\/en\/shop\/"},{"@type":"ListItem","position":3,"name":"Vero Natural Chevron"}]},{"@type":"WebSite","@id":"https:\/\/www.hlstudija.lv\/#website","url":"https:\/\/www.hlstudija.lv\/","name":"HL Studija","description":"Fl\u012bzes un logi","potentialAction":[{"@type":"SearchAction","target":{"@type":"EntryPoint","urlTemplate":"https:\/\/www.hlstudija.lv\/?s={search_term_string}"},"query-input":"required name=search_term_string"}],"inLanguage":"en-US"}]}},"_links":{"self":[{"href":"https:\/\/www.hlstudija.lv\/en\/wp-json\/wp\/v2\/product\/25255"}],"collection":[{"href":"https:\/\/www.hlstudija.lv\/en\/wp-json\/wp\/v2\/product"}],"about":[{"href":"https:\/\/www.hlstudija.lv\/en\/wp-json\/wp\/v2\/types\/product"}],"wp:featuredmedia":[{"embeddable":true,"href":"https:\/\/www.hlstudija.lv\/en\/wp-json\/wp\/v2\/media\/25241"}],"wp:attachment":[{"href":"https:\/\/www.hlstudija.lv\/en\/wp-json\/wp\/v2\/media?parent=25255"}],"wp:term":[{"taxonomy":"product_cat","embeddable":true,"href":"https:\/\/www.hlstudija.lv\/en\/wp-json\/wp\/v2\/product_cat?post=25255"},{"taxonomy":"product_tag","embeddable":true,"href":"https:\/\/www.hlstudija.lv\/en\/wp-json\/wp\/v2\/product_tag?post=25255"}],"curies":[{"name":"wp","href":"https:\/\/api.w.org\/{rel}","templated":true}]}}