{"id":25269,"date":"2022-02-14T16:44:46","date_gmt":"2022-02-14T14:44:46","guid":{"rendered":"https:\/\/www.hlstudija.lv\/?post_type=product&#038;p=25269"},"modified":"2022-09-27T09:17:57","modified_gmt":"2022-09-27T06:17:57","slug":"zellige-gesso-marazzi","status":"publish","type":"product","link":"https:\/\/www.hlstudija.lv\/en\/product\/zellige-gesso-marazzi\/","title":{"rendered":"Zellige Gesso LX"},"content":{"rendered":"<p class=\"lead\" class=\"lead\"><strong>Zellige &#8211; izm\u0113r\u0101 nelielas, glaz\u0113tas sienas fl\u012bzes ar senatn\u012bgu,<\/strong>&nbsp;\u0100frikas re\u0123ionam rakstur\u012bgu,&nbsp;<strong>roku darba efektu <\/strong>no presti\u017e\u0101 it\u0101\u013cu fl\u012b\u017eu ra\u017eot\u0101ja <em>Marazzi<\/em>. Pla\u0161\u0101 kr\u0101su vari\u0101cija un dzi\u013cums, sasp\u0113l\u0113 ar gaismu, telp\u0101 ienes\u012bs \u012bpa\u0161u dinamiku &#8211; virtuves, vannas istabas un dz\u012bvojam\u0101s telp\u0101s interjer\u0101 priv\u0101tos projektos, un neatk\u0101rtojamu raksturu pie\u0161\u0137irs ar\u012b sabiedriskos projektos &#8211; restor\u0101nu, viesn\u012bcu un citu burv\u012bgu, klientiem un darbiniekiem pat\u012bkamu telpu apdar\u0113.<\/p>\n<p class=\"lead\">Kolekcijas <strong>Zellige<\/strong> sienas fl\u012bzes: Unik\u0101las un augstv\u0113rt\u012bgas <strong>10\u00d710 cm<\/strong> izm\u0113ra sienas fl\u012bzes, vair\u0101ku m\u016bsdien\u012bgu to\u0146u izv\u0113l\u0113.<\/p>\n","protected":false},"excerpt":{"rendered":"<p>Zellige &#8211; izm\u0113r\u0101 nelielas, glaz\u0113tas sienas fl\u012bzes ar senatn\u012bgu,&nbsp;\u0100frikas re\u0123ionam rakstur\u012bgu,&nbsp;roku darba efektu no presti\u017e\u0101 it\u0101\u013cu fl\u012b\u017eu ra\u017eot\u0101ja Marazzi. Pla\u0161\u0101 kr\u0101su vari\u0101cija un dzi\u013cums, sasp\u0113l\u0113 ar gaismu, telp\u0101 ienes\u012bs \u012bpa\u0161u dinamiku &#8211; virtuves, vannas istabas un dz\u012bvojam\u0101s telp\u0101s interjer\u0101 priv\u0101tos projektos, un neatk\u0101rtojamu raksturu pie\u0161\u0137irs ar\u012b sabiedriskos projektos &#8211; restor\u0101nu, viesn\u012bcu un citu burv\u012bgu, klientiem&#8230;  <a href=\"https:\/\/www.hlstudija.lv\/en\/product\/zellige-gesso-marazzi\/\" class=\"more-link\" title=\"Read Zellige Gesso LX\">Read more &raquo;<\/a><\/p>\n","protected":false},"featured_media":25208,"template":"","meta":{"ngg_post_thumbnail":0},"product_cat":[234,235,224],"product_tag":[],"acf":[],"yoast_head":"<!-- This site is optimized with the Yoast SEO plugin v21.2 - https:\/\/yoast.com\/wordpress\/plugins\/seo\/ -->\n<title>Majolica dizaina sienas fl\u012bzes no Marazzi - Zellige Gesso LX - HL Studija<\/title>\n<meta name=\"description\" content=\"Augst\u0101k\u0101s kvalit\u0101tes fl\u012bzes no Marazzi (It\u0101lija). Roku darba efekta fl\u012bzes sienai, m\u016bsdien\u012bgam un v\u0113sturiskam interjeram - HL Studija salonos\" \/>\n<meta name=\"robots\" content=\"index, follow, max-snippet:-1, max-image-preview:large, max-video-preview:-1\" \/>\n<link rel=\"canonical\" href=\"https:\/\/www.hlstudija.lv\/en\/product\/zellige-gesso-marazzi\/\" \/>\n<meta property=\"og:locale\" content=\"en_US\" \/>\n<meta property=\"og:type\" content=\"article\" \/>\n<meta property=\"og:title\" content=\"Majolica dizaina sienas fl\u012bzes no Marazzi - Zellige Gesso LX - HL Studija\" \/>\n<meta property=\"og:description\" content=\"Augst\u0101k\u0101s kvalit\u0101tes fl\u012bzes no Marazzi (It\u0101lija). Roku darba efekta fl\u012bzes sienai, m\u016bsdien\u012bgam un v\u0113sturiskam interjeram - HL Studija salonos\" \/>\n<meta property=\"og:url\" content=\"https:\/\/www.hlstudija.lv\/en\/product\/zellige-gesso-marazzi\/\" \/>\n<meta property=\"og:site_name\" content=\"HL Studija\" \/>\n<meta property=\"article:publisher\" content=\"https:\/\/www.facebook.com\/hlstudija\/\" \/>\n<meta property=\"article:modified_time\" content=\"2022-09-27T06:17:57+00:00\" \/>\n<meta property=\"og:image\" content=\"https:\/\/www.hlstudija.lv\/wp-content\/uploads\/2022\/02\/Marazzi_Crogiolo_Zellige_M5S0.jpg\" \/>\n\t<meta property=\"og:image:width\" content=\"1592\" \/>\n\t<meta property=\"og:image:height\" content=\"1600\" \/>\n\t<meta property=\"og:image:type\" content=\"image\/jpeg\" \/>\n<meta name=\"twitter:label1\" content=\"Est. reading time\" \/>\n\t<meta name=\"twitter:data1\" content=\"1 minute\" \/>\n<script type=\"application\/ld+json\" class=\"yoast-schema-graph\">{\"@context\":\"https:\/\/schema.org\",\"@graph\":[{\"@type\":\"WebPage\",\"@id\":\"https:\/\/www.hlstudija.lv\/en\/product\/zellige-gesso-marazzi\/\",\"url\":\"https:\/\/www.hlstudija.lv\/en\/product\/zellige-gesso-marazzi\/\",\"name\":\"Majolica dizaina sienas fl\u012bzes no Marazzi - Zellige Gesso LX - HL Studija\",\"isPartOf\":{\"@id\":\"https:\/\/www.hlstudija.lv\/#website\"},\"datePublished\":\"2022-02-14T14:44:46+00:00\",\"dateModified\":\"2022-09-27T06:17:57+00:00\",\"description\":\"Augst\u0101k\u0101s kvalit\u0101tes fl\u012bzes no Marazzi (It\u0101lija). Roku darba efekta fl\u012bzes sienai, m\u016bsdien\u012bgam un v\u0113sturiskam interjeram - HL Studija salonos\",\"breadcrumb\":{\"@id\":\"https:\/\/www.hlstudija.lv\/en\/product\/zellige-gesso-marazzi\/#breadcrumb\"},\"inLanguage\":\"en-US\",\"potentialAction\":[{\"@type\":\"ReadAction\",\"target\":[\"https:\/\/www.hlstudija.lv\/en\/product\/zellige-gesso-marazzi\/\"]}]},{\"@type\":\"BreadcrumbList\",\"@id\":\"https:\/\/www.hlstudija.lv\/en\/product\/zellige-gesso-marazzi\/#breadcrumb\",\"itemListElement\":[{\"@type\":\"ListItem\",\"position\":1,\"name\":\"Fl\u012b\u017eu salons\",\"item\":\"https:\/\/www.hlstudija.lv\/en\/homepage\/\"},{\"@type\":\"ListItem\",\"position\":2,\"name\":\"Shop\",\"item\":\"https:\/\/www.hlstudija.lv\/en\/shop\/\"},{\"@type\":\"ListItem\",\"position\":3,\"name\":\"Zellige Gesso LX\"}]},{\"@type\":\"WebSite\",\"@id\":\"https:\/\/www.hlstudija.lv\/#website\",\"url\":\"https:\/\/www.hlstudija.lv\/\",\"name\":\"HL Studija\",\"description\":\"Fl\u012bzes un logi\",\"potentialAction\":[{\"@type\":\"SearchAction\",\"target\":{\"@type\":\"EntryPoint\",\"urlTemplate\":\"https:\/\/www.hlstudija.lv\/?s={search_term_string}\"},\"query-input\":\"required name=search_term_string\"}],\"inLanguage\":\"en-US\"}]}<\/script>\n<!-- \/ Yoast SEO plugin. -->","yoast_head_json":{"title":"Majolica dizaina sienas fl\u012bzes no Marazzi - Zellige Gesso LX - HL Studija","description":"Augst\u0101k\u0101s kvalit\u0101tes fl\u012bzes no Marazzi (It\u0101lija). Roku darba efekta fl\u012bzes sienai, m\u016bsdien\u012bgam un v\u0113sturiskam interjeram - HL Studija salonos","robots":{"index":"index","follow":"follow","max-snippet":"max-snippet:-1","max-image-preview":"max-image-preview:large","max-video-preview":"max-video-preview:-1"},"canonical":"https:\/\/www.hlstudija.lv\/en\/product\/zellige-gesso-marazzi\/","og_locale":"en_US","og_type":"article","og_title":"Majolica dizaina sienas fl\u012bzes no Marazzi - Zellige Gesso LX - HL Studija","og_description":"Augst\u0101k\u0101s kvalit\u0101tes fl\u012bzes no Marazzi (It\u0101lija). Roku darba efekta fl\u012bzes sienai, m\u016bsdien\u012bgam un v\u0113sturiskam interjeram - HL Studija salonos","og_url":"https:\/\/www.hlstudija.lv\/en\/product\/zellige-gesso-marazzi\/","og_site_name":"HL Studija","article_publisher":"https:\/\/www.facebook.com\/hlstudija\/","article_modified_time":"2022-09-27T06:17:57+00:00","og_image":[{"width":1592,"height":1600,"url":"https:\/\/www.hlstudija.lv\/wp-content\/uploads\/2022\/02\/Marazzi_Crogiolo_Zellige_M5S0.jpg","type":"image\/jpeg"}],"twitter_misc":{"Est. reading time":"1 minute"},"schema":{"@context":"https:\/\/schema.org","@graph":[{"@type":"WebPage","@id":"https:\/\/www.hlstudija.lv\/en\/product\/zellige-gesso-marazzi\/","url":"https:\/\/www.hlstudija.lv\/en\/product\/zellige-gesso-marazzi\/","name":"Majolica dizaina sienas fl\u012bzes no Marazzi - Zellige Gesso LX - HL Studija","isPartOf":{"@id":"https:\/\/www.hlstudija.lv\/#website"},"datePublished":"2022-02-14T14:44:46+00:00","dateModified":"2022-09-27T06:17:57+00:00","description":"Augst\u0101k\u0101s kvalit\u0101tes fl\u012bzes no Marazzi (It\u0101lija). Roku darba efekta fl\u012bzes sienai, m\u016bsdien\u012bgam un v\u0113sturiskam interjeram - HL Studija salonos","breadcrumb":{"@id":"https:\/\/www.hlstudija.lv\/en\/product\/zellige-gesso-marazzi\/#breadcrumb"},"inLanguage":"en-US","potentialAction":[{"@type":"ReadAction","target":["https:\/\/www.hlstudija.lv\/en\/product\/zellige-gesso-marazzi\/"]}]},{"@type":"BreadcrumbList","@id":"https:\/\/www.hlstudija.lv\/en\/product\/zellige-gesso-marazzi\/#breadcrumb","itemListElement":[{"@type":"ListItem","position":1,"name":"Fl\u012b\u017eu salons","item":"https:\/\/www.hlstudija.lv\/en\/homepage\/"},{"@type":"ListItem","position":2,"name":"Shop","item":"https:\/\/www.hlstudija.lv\/en\/shop\/"},{"@type":"ListItem","position":3,"name":"Zellige Gesso LX"}]},{"@type":"WebSite","@id":"https:\/\/www.hlstudija.lv\/#website","url":"https:\/\/www.hlstudija.lv\/","name":"HL Studija","description":"Fl\u012bzes un logi","potentialAction":[{"@type":"SearchAction","target":{"@type":"EntryPoint","urlTemplate":"https:\/\/www.hlstudija.lv\/?s={search_term_string}"},"query-input":"required name=search_term_string"}],"inLanguage":"en-US"}]}},"_links":{"self":[{"href":"https:\/\/www.hlstudija.lv\/en\/wp-json\/wp\/v2\/product\/25269"}],"collection":[{"href":"https:\/\/www.hlstudija.lv\/en\/wp-json\/wp\/v2\/product"}],"about":[{"href":"https:\/\/www.hlstudija.lv\/en\/wp-json\/wp\/v2\/types\/product"}],"wp:featuredmedia":[{"embeddable":true,"href":"https:\/\/www.hlstudija.lv\/en\/wp-json\/wp\/v2\/media\/25208"}],"wp:attachment":[{"href":"https:\/\/www.hlstudija.lv\/en\/wp-json\/wp\/v2\/media?parent=25269"}],"wp:term":[{"taxonomy":"product_cat","embeddable":true,"href":"https:\/\/www.hlstudija.lv\/en\/wp-json\/wp\/v2\/product_cat?post=25269"},{"taxonomy":"product_tag","embeddable":true,"href":"https:\/\/www.hlstudija.lv\/en\/wp-json\/wp\/v2\/product_tag?post=25269"}],"curies":[{"name":"wp","href":"https:\/\/api.w.org\/{rel}","templated":true}]}}