{"id":25296,"date":"2022-02-18T09:24:44","date_gmt":"2022-02-18T07:24:44","guid":{"rendered":"https:\/\/www.hlstudija.lv\/?post_type=product&#038;p=25296"},"modified":"2023-03-09T17:02:41","modified_gmt":"2023-03-09T15:02:41","slug":"brave-coke-30x60","status":"publish","type":"product","link":"https:\/\/www.hlstudija.lv\/en\/product\/brave-coke-30x60\/","title":{"rendered":"Brave Coke"},"content":{"rendered":"<p class=\"lead\">Augstv\u0113rt\u012bgas akmens interpret\u0101cijas fl\u012bzes no&nbsp;<a href=\"https:\/\/www.atlasconcorde.com\/en\/\">Atlas Concorde<\/a> \u2013 sien\u0101m, gr\u012bd\u0101m interjera apdar\u0113. \u0100rk\u0101rt\u012bgi re\u0101listisku akmens saj\u016btu fl\u012bz\u0113m sniedz virsmas dz\u012bslojums un dabas iedvesmota akmens unik\u0101l\u0101 to\u0146u nokr\u0101su vari\u0101cija. Lieliska un univers\u0101la fl\u012b\u017eu kolekcija, kas paaugstina telpas v\u0113rt\u012bbu, ir ilgm\u016b\u017e\u012bga un m\u016bsdienu pras\u012bb\u0101m atbilsto\u0161a.<\/p>\n","protected":false},"excerpt":{"rendered":"<p>Augstv\u0113rt\u012bgas akmens interpret\u0101cijas fl\u012bzes no&nbsp;Atlas Concorde \u2013 sien\u0101m, gr\u012bd\u0101m interjera apdar\u0113. \u0100rk\u0101rt\u012bgi re\u0101listisku akmens saj\u016btu fl\u012bz\u0113m sniedz virsmas dz\u012bslojums un dabas iedvesmota akmens unik\u0101l\u0101 to\u0146u nokr\u0101su vari\u0101cija. Lieliska un univers\u0101la fl\u012b\u017eu kolekcija, kas paaugstina telpas v\u0113rt\u012bbu, ir ilgm\u016b\u017e\u012bga un m\u016bsdienu pras\u012bb\u0101m atbilsto\u0161a.<\/p>\n","protected":false},"featured_media":25305,"template":"","meta":{"ngg_post_thumbnail":0},"product_cat":[234,197,235,227,224],"product_tag":[],"acf":[],"yoast_head":"<!-- This site is optimized with the Yoast SEO plugin v21.2 - https:\/\/yoast.com\/wordpress\/plugins\/seo\/ -->\n<title>It\u0101\u013cu z\u012bmola Atlas Concorde fl\u012bzes - Brave Coke - HL Studija<\/title>\n<meta name=\"description\" content=\"Augst\u0101k\u0101s kvalit\u0101tes gr\u012bdas un sienas fl\u012bzes no presti\u017eiem Eiropas z\u012bmoliem. Vannas istabas fl\u012bzes, virtuves fl\u012bzes- internet\u0101 un salonos.\" \/>\n<meta name=\"robots\" content=\"index, follow, max-snippet:-1, max-image-preview:large, max-video-preview:-1\" \/>\n<link rel=\"canonical\" href=\"https:\/\/www.hlstudija.lv\/en\/product\/brave-coke-30x60\/\" \/>\n<meta property=\"og:locale\" content=\"en_US\" \/>\n<meta property=\"og:type\" content=\"article\" \/>\n<meta property=\"og:title\" content=\"It\u0101\u013cu z\u012bmola Atlas Concorde fl\u012bzes - Brave Coke - HL Studija\" \/>\n<meta property=\"og:description\" content=\"Augst\u0101k\u0101s kvalit\u0101tes gr\u012bdas un sienas fl\u012bzes no presti\u017eiem Eiropas z\u012bmoliem. Vannas istabas fl\u012bzes, virtuves fl\u012bzes- internet\u0101 un salonos.\" \/>\n<meta property=\"og:url\" content=\"https:\/\/www.hlstudija.lv\/en\/product\/brave-coke-30x60\/\" \/>\n<meta property=\"og:site_name\" content=\"HL Studija\" \/>\n<meta property=\"article:publisher\" content=\"https:\/\/www.facebook.com\/hlstudija\/\" \/>\n<meta property=\"article:modified_time\" content=\"2023-03-09T15:02:41+00:00\" \/>\n<meta property=\"og:image\" content=\"https:\/\/www.hlstudija.lv\/wp-content\/uploads\/2022\/02\/AtlasConcorde_Brave_Coke_30x60_Matte_D050.jpg\" \/>\n\t<meta property=\"og:image:width\" content=\"1417\" \/>\n\t<meta property=\"og:image:height\" content=\"709\" \/>\n\t<meta property=\"og:image:type\" content=\"image\/jpeg\" \/>\n<script type=\"application\/ld+json\" class=\"yoast-schema-graph\">{\"@context\":\"https:\/\/schema.org\",\"@graph\":[{\"@type\":\"WebPage\",\"@id\":\"https:\/\/www.hlstudija.lv\/en\/product\/brave-coke-30x60\/\",\"url\":\"https:\/\/www.hlstudija.lv\/en\/product\/brave-coke-30x60\/\",\"name\":\"It\u0101\u013cu z\u012bmola Atlas Concorde fl\u012bzes - Brave Coke - HL Studija\",\"isPartOf\":{\"@id\":\"https:\/\/www.hlstudija.lv\/#website\"},\"datePublished\":\"2022-02-18T07:24:44+00:00\",\"dateModified\":\"2023-03-09T15:02:41+00:00\",\"description\":\"Augst\u0101k\u0101s kvalit\u0101tes gr\u012bdas un sienas fl\u012bzes no presti\u017eiem Eiropas z\u012bmoliem. Vannas istabas fl\u012bzes, virtuves fl\u012bzes- internet\u0101 un salonos.\",\"breadcrumb\":{\"@id\":\"https:\/\/www.hlstudija.lv\/en\/product\/brave-coke-30x60\/#breadcrumb\"},\"inLanguage\":\"en-US\",\"potentialAction\":[{\"@type\":\"ReadAction\",\"target\":[\"https:\/\/www.hlstudija.lv\/en\/product\/brave-coke-30x60\/\"]}]},{\"@type\":\"BreadcrumbList\",\"@id\":\"https:\/\/www.hlstudija.lv\/en\/product\/brave-coke-30x60\/#breadcrumb\",\"itemListElement\":[{\"@type\":\"ListItem\",\"position\":1,\"name\":\"Fl\u012b\u017eu salons\",\"item\":\"https:\/\/www.hlstudija.lv\/en\/homepage\/\"},{\"@type\":\"ListItem\",\"position\":2,\"name\":\"Shop\",\"item\":\"https:\/\/www.hlstudija.lv\/en\/shop\/\"},{\"@type\":\"ListItem\",\"position\":3,\"name\":\"Brave Coke\"}]},{\"@type\":\"WebSite\",\"@id\":\"https:\/\/www.hlstudija.lv\/#website\",\"url\":\"https:\/\/www.hlstudija.lv\/\",\"name\":\"HL Studija\",\"description\":\"Fl\u012bzes un logi\",\"potentialAction\":[{\"@type\":\"SearchAction\",\"target\":{\"@type\":\"EntryPoint\",\"urlTemplate\":\"https:\/\/www.hlstudija.lv\/?s={search_term_string}\"},\"query-input\":\"required name=search_term_string\"}],\"inLanguage\":\"en-US\"}]}<\/script>\n<!-- \/ Yoast SEO plugin. -->","yoast_head_json":{"title":"It\u0101\u013cu z\u012bmola Atlas Concorde fl\u012bzes - Brave Coke - HL Studija","description":"Augst\u0101k\u0101s kvalit\u0101tes gr\u012bdas un sienas fl\u012bzes no presti\u017eiem Eiropas z\u012bmoliem. Vannas istabas fl\u012bzes, virtuves fl\u012bzes- internet\u0101 un salonos.","robots":{"index":"index","follow":"follow","max-snippet":"max-snippet:-1","max-image-preview":"max-image-preview:large","max-video-preview":"max-video-preview:-1"},"canonical":"https:\/\/www.hlstudija.lv\/en\/product\/brave-coke-30x60\/","og_locale":"en_US","og_type":"article","og_title":"It\u0101\u013cu z\u012bmola Atlas Concorde fl\u012bzes - Brave Coke - HL Studija","og_description":"Augst\u0101k\u0101s kvalit\u0101tes gr\u012bdas un sienas fl\u012bzes no presti\u017eiem Eiropas z\u012bmoliem. Vannas istabas fl\u012bzes, virtuves fl\u012bzes- internet\u0101 un salonos.","og_url":"https:\/\/www.hlstudija.lv\/en\/product\/brave-coke-30x60\/","og_site_name":"HL Studija","article_publisher":"https:\/\/www.facebook.com\/hlstudija\/","article_modified_time":"2023-03-09T15:02:41+00:00","og_image":[{"width":1417,"height":709,"url":"https:\/\/www.hlstudija.lv\/wp-content\/uploads\/2022\/02\/AtlasConcorde_Brave_Coke_30x60_Matte_D050.jpg","type":"image\/jpeg"}],"schema":{"@context":"https:\/\/schema.org","@graph":[{"@type":"WebPage","@id":"https:\/\/www.hlstudija.lv\/en\/product\/brave-coke-30x60\/","url":"https:\/\/www.hlstudija.lv\/en\/product\/brave-coke-30x60\/","name":"It\u0101\u013cu z\u012bmola Atlas Concorde fl\u012bzes - Brave Coke - HL Studija","isPartOf":{"@id":"https:\/\/www.hlstudija.lv\/#website"},"datePublished":"2022-02-18T07:24:44+00:00","dateModified":"2023-03-09T15:02:41+00:00","description":"Augst\u0101k\u0101s kvalit\u0101tes gr\u012bdas un sienas fl\u012bzes no presti\u017eiem Eiropas z\u012bmoliem. Vannas istabas fl\u012bzes, virtuves fl\u012bzes- internet\u0101 un salonos.","breadcrumb":{"@id":"https:\/\/www.hlstudija.lv\/en\/product\/brave-coke-30x60\/#breadcrumb"},"inLanguage":"en-US","potentialAction":[{"@type":"ReadAction","target":["https:\/\/www.hlstudija.lv\/en\/product\/brave-coke-30x60\/"]}]},{"@type":"BreadcrumbList","@id":"https:\/\/www.hlstudija.lv\/en\/product\/brave-coke-30x60\/#breadcrumb","itemListElement":[{"@type":"ListItem","position":1,"name":"Fl\u012b\u017eu salons","item":"https:\/\/www.hlstudija.lv\/en\/homepage\/"},{"@type":"ListItem","position":2,"name":"Shop","item":"https:\/\/www.hlstudija.lv\/en\/shop\/"},{"@type":"ListItem","position":3,"name":"Brave Coke"}]},{"@type":"WebSite","@id":"https:\/\/www.hlstudija.lv\/#website","url":"https:\/\/www.hlstudija.lv\/","name":"HL Studija","description":"Fl\u012bzes un logi","potentialAction":[{"@type":"SearchAction","target":{"@type":"EntryPoint","urlTemplate":"https:\/\/www.hlstudija.lv\/?s={search_term_string}"},"query-input":"required name=search_term_string"}],"inLanguage":"en-US"}]}},"_links":{"self":[{"href":"https:\/\/www.hlstudija.lv\/en\/wp-json\/wp\/v2\/product\/25296"}],"collection":[{"href":"https:\/\/www.hlstudija.lv\/en\/wp-json\/wp\/v2\/product"}],"about":[{"href":"https:\/\/www.hlstudija.lv\/en\/wp-json\/wp\/v2\/types\/product"}],"wp:featuredmedia":[{"embeddable":true,"href":"https:\/\/www.hlstudija.lv\/en\/wp-json\/wp\/v2\/media\/25305"}],"wp:attachment":[{"href":"https:\/\/www.hlstudija.lv\/en\/wp-json\/wp\/v2\/media?parent=25296"}],"wp:term":[{"taxonomy":"product_cat","embeddable":true,"href":"https:\/\/www.hlstudija.lv\/en\/wp-json\/wp\/v2\/product_cat?post=25296"},{"taxonomy":"product_tag","embeddable":true,"href":"https:\/\/www.hlstudija.lv\/en\/wp-json\/wp\/v2\/product_tag?post=25296"}],"curies":[{"name":"wp","href":"https:\/\/api.w.org\/{rel}","templated":true}]}}