{"id":25466,"date":"2022-02-18T11:22:20","date_gmt":"2022-02-18T09:22:20","guid":{"rendered":"https:\/\/www.hlstudija.lv\/?post_type=product&#038;p=25466"},"modified":"2022-09-27T09:00:21","modified_gmt":"2022-09-27T06:00:21","slug":"lims-ivory-atlas-concorde","status":"publish","type":"product","link":"https:\/\/www.hlstudija.lv\/en\/product\/lims-ivory-atlas-concorde\/","title":{"rendered":"Lims Ivory"},"content":{"rendered":"<p class=\"lead\">Augo\u0161\u0101s tendences &#8211; ka\u013c\u0137akmens &#8211; iedvesmota akmens masas fl\u012b\u017eu kolekcija, kas piem\u0113rota gr\u012bdu un sienu apdar\u0113. Iztur\u012bgas, kvalitat\u012bvas, ar lielisk\u0101m tehniskaj\u0101m \u012bpa\u0161\u012bb\u0101m. Izcils apdares materi\u0101ls siltos to\u0146os, kas rad\u012bs m\u0101j\u012bgu un ilgm\u016b\u017e\u012bgu interjeru jebkur\u0101 telp\u0101 &#8211; virtuv\u0113, vannas istab\u0101, gaiten\u012b, dz\u012bvojam\u0101s telp\u0101s u.c.<\/p>\n<p>Kolekcijas Lims ietvaros, p\u0113c \u012bpa\u0161a pas\u016bt\u012bjuma iesp\u0113jams ieg\u016bt ar\u012b lielform\u0101ta fl\u012bzes izm\u0113r\u0101 l\u012bdz 120&#215;278 cm lielai fl\u012bzes, fl\u012bzes ar da\u017e\u0101d\u0101m \u012bpa\u0161\u0101m tekst\u016br\u0101m un fl\u012bzes \u0101ra apdarei &#8211; strukur\u0113tas, 20mm biezum\u0101.<\/p>\n","protected":false},"excerpt":{"rendered":"<p>Augo\u0161\u0101s tendences &#8211; ka\u013c\u0137akmens &#8211; iedvesmota akmens masas fl\u012b\u017eu kolekcija, kas piem\u0113rota gr\u012bdu un sienu apdar\u0113. Iztur\u012bgas, kvalitat\u012bvas, ar lielisk\u0101m tehniskaj\u0101m \u012bpa\u0161\u012bb\u0101m. Izcils apdares materi\u0101ls siltos to\u0146os, kas rad\u012bs m\u0101j\u012bgu un ilgm\u016b\u017e\u012bgu interjeru jebkur\u0101 telp\u0101 &#8211; virtuv\u0113, vannas istab\u0101, gaiten\u012b, dz\u012bvojam\u0101s telp\u0101s u.c. Kolekcijas Lims ietvaros, p\u0113c \u012bpa\u0161a pas\u016bt\u012bjuma iesp\u0113jams ieg\u016bt ar\u012b lielform\u0101ta fl\u012bzes izm\u0113r\u0101&#8230;  <a href=\"https:\/\/www.hlstudija.lv\/en\/product\/lims-ivory-atlas-concorde\/\" class=\"more-link\" title=\"Read Lims Ivory\">Read more &raquo;<\/a><\/p>\n","protected":false},"featured_media":25302,"template":"","meta":{"ngg_post_thumbnail":0},"product_cat":[234,197,235,224],"product_tag":[],"acf":[],"yoast_head":"<!-- This site is optimized with the Yoast SEO plugin v21.2 - https:\/\/yoast.com\/wordpress\/plugins\/seo\/ -->\n<title>It\u0101\u013cu z\u012bmola Atlas Concorde fl\u012bzes - Lims Ivory - HL Studija<\/title>\n<meta name=\"description\" content=\"Augst\u0101k\u0101s kvalit\u0101tes gr\u012bdas un sienas fl\u012bzes no presti\u017eiem Eiropas z\u012bmoliem. Vannas istabas fl\u012bzes, virtuves fl\u012bzes- internet\u0101 un salonos.\" \/>\n<meta name=\"robots\" content=\"index, follow, max-snippet:-1, max-image-preview:large, max-video-preview:-1\" \/>\n<link rel=\"canonical\" href=\"https:\/\/www.hlstudija.lv\/en\/product\/lims-ivory-atlas-concorde\/\" \/>\n<meta property=\"og:locale\" content=\"en_US\" \/>\n<meta property=\"og:type\" content=\"article\" \/>\n<meta property=\"og:title\" content=\"It\u0101\u013cu z\u012bmola Atlas Concorde fl\u012bzes - Lims Ivory - HL Studija\" \/>\n<meta property=\"og:description\" content=\"Augst\u0101k\u0101s kvalit\u0101tes gr\u012bdas un sienas fl\u012bzes no presti\u017eiem Eiropas z\u012bmoliem. Vannas istabas fl\u012bzes, virtuves fl\u012bzes- internet\u0101 un salonos.\" \/>\n<meta property=\"og:url\" content=\"https:\/\/www.hlstudija.lv\/en\/product\/lims-ivory-atlas-concorde\/\" \/>\n<meta property=\"og:site_name\" content=\"HL Studija\" \/>\n<meta property=\"article:publisher\" content=\"https:\/\/www.facebook.com\/hlstudija\/\" \/>\n<meta property=\"article:modified_time\" content=\"2022-09-27T06:00:21+00:00\" \/>\n<meta property=\"og:image\" content=\"https:\/\/www.hlstudija.lv\/wp-content\/uploads\/2022\/02\/AtlasConcorde_Lims_Ivory_75x75_Matte_A3DQ_1.jpg\" \/>\n\t<meta property=\"og:image:width\" content=\"1500\" \/>\n\t<meta property=\"og:image:height\" content=\"1500\" \/>\n\t<meta property=\"og:image:type\" content=\"image\/jpeg\" \/>\n<meta name=\"twitter:label1\" content=\"Est. reading time\" \/>\n\t<meta name=\"twitter:data1\" content=\"1 minute\" \/>\n<script type=\"application\/ld+json\" class=\"yoast-schema-graph\">{\"@context\":\"https:\/\/schema.org\",\"@graph\":[{\"@type\":\"WebPage\",\"@id\":\"https:\/\/www.hlstudija.lv\/en\/product\/lims-ivory-atlas-concorde\/\",\"url\":\"https:\/\/www.hlstudija.lv\/en\/product\/lims-ivory-atlas-concorde\/\",\"name\":\"It\u0101\u013cu z\u012bmola Atlas Concorde fl\u012bzes - Lims Ivory - HL Studija\",\"isPartOf\":{\"@id\":\"https:\/\/www.hlstudija.lv\/#website\"},\"datePublished\":\"2022-02-18T09:22:20+00:00\",\"dateModified\":\"2022-09-27T06:00:21+00:00\",\"description\":\"Augst\u0101k\u0101s kvalit\u0101tes gr\u012bdas un sienas fl\u012bzes no presti\u017eiem Eiropas z\u012bmoliem. Vannas istabas fl\u012bzes, virtuves fl\u012bzes- internet\u0101 un salonos.\",\"breadcrumb\":{\"@id\":\"https:\/\/www.hlstudija.lv\/en\/product\/lims-ivory-atlas-concorde\/#breadcrumb\"},\"inLanguage\":\"en-US\",\"potentialAction\":[{\"@type\":\"ReadAction\",\"target\":[\"https:\/\/www.hlstudija.lv\/en\/product\/lims-ivory-atlas-concorde\/\"]}]},{\"@type\":\"BreadcrumbList\",\"@id\":\"https:\/\/www.hlstudija.lv\/en\/product\/lims-ivory-atlas-concorde\/#breadcrumb\",\"itemListElement\":[{\"@type\":\"ListItem\",\"position\":1,\"name\":\"Fl\u012b\u017eu salons\",\"item\":\"https:\/\/www.hlstudija.lv\/en\/homepage\/\"},{\"@type\":\"ListItem\",\"position\":2,\"name\":\"Shop\",\"item\":\"https:\/\/www.hlstudija.lv\/en\/shop\/\"},{\"@type\":\"ListItem\",\"position\":3,\"name\":\"Lims Ivory\"}]},{\"@type\":\"WebSite\",\"@id\":\"https:\/\/www.hlstudija.lv\/#website\",\"url\":\"https:\/\/www.hlstudija.lv\/\",\"name\":\"HL Studija\",\"description\":\"Fl\u012bzes un logi\",\"potentialAction\":[{\"@type\":\"SearchAction\",\"target\":{\"@type\":\"EntryPoint\",\"urlTemplate\":\"https:\/\/www.hlstudija.lv\/?s={search_term_string}\"},\"query-input\":\"required name=search_term_string\"}],\"inLanguage\":\"en-US\"}]}<\/script>\n<!-- \/ Yoast SEO plugin. -->","yoast_head_json":{"title":"It\u0101\u013cu z\u012bmola Atlas Concorde fl\u012bzes - Lims Ivory - HL Studija","description":"Augst\u0101k\u0101s kvalit\u0101tes gr\u012bdas un sienas fl\u012bzes no presti\u017eiem Eiropas z\u012bmoliem. Vannas istabas fl\u012bzes, virtuves fl\u012bzes- internet\u0101 un salonos.","robots":{"index":"index","follow":"follow","max-snippet":"max-snippet:-1","max-image-preview":"max-image-preview:large","max-video-preview":"max-video-preview:-1"},"canonical":"https:\/\/www.hlstudija.lv\/en\/product\/lims-ivory-atlas-concorde\/","og_locale":"en_US","og_type":"article","og_title":"It\u0101\u013cu z\u012bmola Atlas Concorde fl\u012bzes - Lims Ivory - HL Studija","og_description":"Augst\u0101k\u0101s kvalit\u0101tes gr\u012bdas un sienas fl\u012bzes no presti\u017eiem Eiropas z\u012bmoliem. Vannas istabas fl\u012bzes, virtuves fl\u012bzes- internet\u0101 un salonos.","og_url":"https:\/\/www.hlstudija.lv\/en\/product\/lims-ivory-atlas-concorde\/","og_site_name":"HL Studija","article_publisher":"https:\/\/www.facebook.com\/hlstudija\/","article_modified_time":"2022-09-27T06:00:21+00:00","og_image":[{"width":1500,"height":1500,"url":"https:\/\/www.hlstudija.lv\/wp-content\/uploads\/2022\/02\/AtlasConcorde_Lims_Ivory_75x75_Matte_A3DQ_1.jpg","type":"image\/jpeg"}],"twitter_misc":{"Est. reading time":"1 minute"},"schema":{"@context":"https:\/\/schema.org","@graph":[{"@type":"WebPage","@id":"https:\/\/www.hlstudija.lv\/en\/product\/lims-ivory-atlas-concorde\/","url":"https:\/\/www.hlstudija.lv\/en\/product\/lims-ivory-atlas-concorde\/","name":"It\u0101\u013cu z\u012bmola Atlas Concorde fl\u012bzes - Lims Ivory - HL Studija","isPartOf":{"@id":"https:\/\/www.hlstudija.lv\/#website"},"datePublished":"2022-02-18T09:22:20+00:00","dateModified":"2022-09-27T06:00:21+00:00","description":"Augst\u0101k\u0101s kvalit\u0101tes gr\u012bdas un sienas fl\u012bzes no presti\u017eiem Eiropas z\u012bmoliem. Vannas istabas fl\u012bzes, virtuves fl\u012bzes- internet\u0101 un salonos.","breadcrumb":{"@id":"https:\/\/www.hlstudija.lv\/en\/product\/lims-ivory-atlas-concorde\/#breadcrumb"},"inLanguage":"en-US","potentialAction":[{"@type":"ReadAction","target":["https:\/\/www.hlstudija.lv\/en\/product\/lims-ivory-atlas-concorde\/"]}]},{"@type":"BreadcrumbList","@id":"https:\/\/www.hlstudija.lv\/en\/product\/lims-ivory-atlas-concorde\/#breadcrumb","itemListElement":[{"@type":"ListItem","position":1,"name":"Fl\u012b\u017eu salons","item":"https:\/\/www.hlstudija.lv\/en\/homepage\/"},{"@type":"ListItem","position":2,"name":"Shop","item":"https:\/\/www.hlstudija.lv\/en\/shop\/"},{"@type":"ListItem","position":3,"name":"Lims Ivory"}]},{"@type":"WebSite","@id":"https:\/\/www.hlstudija.lv\/#website","url":"https:\/\/www.hlstudija.lv\/","name":"HL Studija","description":"Fl\u012bzes un logi","potentialAction":[{"@type":"SearchAction","target":{"@type":"EntryPoint","urlTemplate":"https:\/\/www.hlstudija.lv\/?s={search_term_string}"},"query-input":"required name=search_term_string"}],"inLanguage":"en-US"}]}},"_links":{"self":[{"href":"https:\/\/www.hlstudija.lv\/en\/wp-json\/wp\/v2\/product\/25466"}],"collection":[{"href":"https:\/\/www.hlstudija.lv\/en\/wp-json\/wp\/v2\/product"}],"about":[{"href":"https:\/\/www.hlstudija.lv\/en\/wp-json\/wp\/v2\/types\/product"}],"wp:featuredmedia":[{"embeddable":true,"href":"https:\/\/www.hlstudija.lv\/en\/wp-json\/wp\/v2\/media\/25302"}],"wp:attachment":[{"href":"https:\/\/www.hlstudija.lv\/en\/wp-json\/wp\/v2\/media?parent=25466"}],"wp:term":[{"taxonomy":"product_cat","embeddable":true,"href":"https:\/\/www.hlstudija.lv\/en\/wp-json\/wp\/v2\/product_cat?post=25466"},{"taxonomy":"product_tag","embeddable":true,"href":"https:\/\/www.hlstudija.lv\/en\/wp-json\/wp\/v2\/product_tag?post=25466"}],"curies":[{"name":"wp","href":"https:\/\/api.w.org\/{rel}","templated":true}]}}