{"id":33440,"date":"2022-07-02T19:17:23","date_gmt":"2022-07-02T16:17:23","guid":{"rendered":"https:\/\/www.hlstudija.lv\/veikals\/uncategorized\/stroher-riegel-50-456-black-blue-stura-el\/"},"modified":"2022-08-11T14:59:16","modified_gmt":"2022-08-11T11:59:16","slug":"stroher-riegel-50-456-black-blue-stura-el","status":"publish","type":"product","link":"https:\/\/www.hlstudija.lv\/en\/product\/stroher-riegel-50-456-black-blue-stura-el\/","title":{"rendered":"Str\u00f6her RIEGEL 50 456 black-blue, st\u016bra el."},"content":{"rendered":"","protected":false},"excerpt":{"rendered":"","protected":false},"featured_media":33435,"template":"","meta":{"ngg_post_thumbnail":0},"product_cat":[242],"product_tag":[],"acf":[],"yoast_head":"<!-- This site is optimized with the Yoast SEO plugin v21.2 - https:\/\/yoast.com\/wordpress\/plugins\/seo\/ -->\n<title>Ekskluz\u012bv\u0101s fl\u012bzes Str\u00f6her RIEGEL 50 456 black-blue, st\u016bra el. - HL Studija<\/title>\n<meta name=\"description\" content=\"Augst\u0101k\u0101s kvalit\u0101tes fl\u012bzes no presti\u017eiem Eiropas z\u012bmoliem. Jaun\u0101s kolekcijas, izp\u0101rdo\u0161anas pied\u0101v\u0101jumi- interneta veikal\u0101 un fl\u012b\u017eu salonos.\" \/>\n<meta name=\"robots\" content=\"index, follow, max-snippet:-1, max-image-preview:large, max-video-preview:-1\" \/>\n<link rel=\"canonical\" href=\"https:\/\/www.hlstudija.lv\/en\/product\/stroher-riegel-50-456-black-blue-stura-el\/\" \/>\n<meta property=\"og:locale\" content=\"en_US\" \/>\n<meta property=\"og:type\" content=\"article\" \/>\n<meta property=\"og:title\" content=\"Ekskluz\u012bv\u0101s fl\u012bzes Str\u00f6her RIEGEL 50 456 black-blue, st\u016bra el. - HL Studija\" \/>\n<meta property=\"og:description\" content=\"Augst\u0101k\u0101s kvalit\u0101tes fl\u012bzes no presti\u017eiem Eiropas z\u012bmoliem. Jaun\u0101s kolekcijas, izp\u0101rdo\u0161anas pied\u0101v\u0101jumi- interneta veikal\u0101 un fl\u012b\u017eu salonos.\" \/>\n<meta property=\"og:url\" content=\"https:\/\/www.hlstudija.lv\/en\/product\/stroher-riegel-50-456-black-blue-stura-el\/\" \/>\n<meta property=\"og:site_name\" content=\"HL Studija\" \/>\n<meta property=\"article:publisher\" content=\"https:\/\/www.facebook.com\/hlstudija\/\" \/>\n<meta property=\"article:modified_time\" content=\"2022-08-11T11:59:16+00:00\" \/>\n<meta property=\"og:image\" content=\"https:\/\/www.hlstudija.lv\/wp-content\/uploads\/2022\/07\/Nr.-02.Riegel50.7750.456-scaled.jpg\" \/>\n\t<meta property=\"og:image:width\" content=\"2560\" \/>\n\t<meta property=\"og:image:height\" content=\"1597\" \/>\n\t<meta property=\"og:image:type\" content=\"image\/jpeg\" \/>\n<script type=\"application\/ld+json\" class=\"yoast-schema-graph\">{\"@context\":\"https:\/\/schema.org\",\"@graph\":[{\"@type\":\"WebPage\",\"@id\":\"https:\/\/www.hlstudija.lv\/en\/product\/stroher-riegel-50-456-black-blue-stura-el\/\",\"url\":\"https:\/\/www.hlstudija.lv\/en\/product\/stroher-riegel-50-456-black-blue-stura-el\/\",\"name\":\"Ekskluz\u012bv\u0101s fl\u012bzes Str\u00f6her RIEGEL 50 456 black-blue, st\u016bra el. - HL Studija\",\"isPartOf\":{\"@id\":\"https:\/\/www.hlstudija.lv\/#website\"},\"datePublished\":\"2022-07-02T16:17:23+00:00\",\"dateModified\":\"2022-08-11T11:59:16+00:00\",\"description\":\"Augst\u0101k\u0101s kvalit\u0101tes fl\u012bzes no presti\u017eiem Eiropas z\u012bmoliem. Jaun\u0101s kolekcijas, izp\u0101rdo\u0161anas pied\u0101v\u0101jumi- interneta veikal\u0101 un fl\u012b\u017eu salonos.\",\"breadcrumb\":{\"@id\":\"https:\/\/www.hlstudija.lv\/en\/product\/stroher-riegel-50-456-black-blue-stura-el\/#breadcrumb\"},\"inLanguage\":\"en-US\",\"potentialAction\":[{\"@type\":\"ReadAction\",\"target\":[\"https:\/\/www.hlstudija.lv\/en\/product\/stroher-riegel-50-456-black-blue-stura-el\/\"]}]},{\"@type\":\"BreadcrumbList\",\"@id\":\"https:\/\/www.hlstudija.lv\/en\/product\/stroher-riegel-50-456-black-blue-stura-el\/#breadcrumb\",\"itemListElement\":[{\"@type\":\"ListItem\",\"position\":1,\"name\":\"Fl\u012b\u017eu salons\",\"item\":\"https:\/\/www.hlstudija.lv\/en\/homepage\/\"},{\"@type\":\"ListItem\",\"position\":2,\"name\":\"Shop\",\"item\":\"https:\/\/www.hlstudija.lv\/en\/shop\/\"},{\"@type\":\"ListItem\",\"position\":3,\"name\":\"Str\u00f6her RIEGEL 50 456 black-blue, st\u016bra el.\"}]},{\"@type\":\"WebSite\",\"@id\":\"https:\/\/www.hlstudija.lv\/#website\",\"url\":\"https:\/\/www.hlstudija.lv\/\",\"name\":\"HL Studija\",\"description\":\"Fl\u012bzes un logi\",\"potentialAction\":[{\"@type\":\"SearchAction\",\"target\":{\"@type\":\"EntryPoint\",\"urlTemplate\":\"https:\/\/www.hlstudija.lv\/?s={search_term_string}\"},\"query-input\":\"required name=search_term_string\"}],\"inLanguage\":\"en-US\"}]}<\/script>\n<!-- \/ Yoast SEO plugin. -->","yoast_head_json":{"title":"Ekskluz\u012bv\u0101s fl\u012bzes Str\u00f6her RIEGEL 50 456 black-blue, st\u016bra el. - HL Studija","description":"Augst\u0101k\u0101s kvalit\u0101tes fl\u012bzes no presti\u017eiem Eiropas z\u012bmoliem. Jaun\u0101s kolekcijas, izp\u0101rdo\u0161anas pied\u0101v\u0101jumi- interneta veikal\u0101 un fl\u012b\u017eu salonos.","robots":{"index":"index","follow":"follow","max-snippet":"max-snippet:-1","max-image-preview":"max-image-preview:large","max-video-preview":"max-video-preview:-1"},"canonical":"https:\/\/www.hlstudija.lv\/en\/product\/stroher-riegel-50-456-black-blue-stura-el\/","og_locale":"en_US","og_type":"article","og_title":"Ekskluz\u012bv\u0101s fl\u012bzes Str\u00f6her RIEGEL 50 456 black-blue, st\u016bra el. - HL Studija","og_description":"Augst\u0101k\u0101s kvalit\u0101tes fl\u012bzes no presti\u017eiem Eiropas z\u012bmoliem. Jaun\u0101s kolekcijas, izp\u0101rdo\u0161anas pied\u0101v\u0101jumi- interneta veikal\u0101 un fl\u012b\u017eu salonos.","og_url":"https:\/\/www.hlstudija.lv\/en\/product\/stroher-riegel-50-456-black-blue-stura-el\/","og_site_name":"HL Studija","article_publisher":"https:\/\/www.facebook.com\/hlstudija\/","article_modified_time":"2022-08-11T11:59:16+00:00","og_image":[{"width":2560,"height":1597,"url":"https:\/\/www.hlstudija.lv\/wp-content\/uploads\/2022\/07\/Nr.-02.Riegel50.7750.456-scaled.jpg","type":"image\/jpeg"}],"schema":{"@context":"https:\/\/schema.org","@graph":[{"@type":"WebPage","@id":"https:\/\/www.hlstudija.lv\/en\/product\/stroher-riegel-50-456-black-blue-stura-el\/","url":"https:\/\/www.hlstudija.lv\/en\/product\/stroher-riegel-50-456-black-blue-stura-el\/","name":"Ekskluz\u012bv\u0101s fl\u012bzes Str\u00f6her RIEGEL 50 456 black-blue, st\u016bra el. - HL Studija","isPartOf":{"@id":"https:\/\/www.hlstudija.lv\/#website"},"datePublished":"2022-07-02T16:17:23+00:00","dateModified":"2022-08-11T11:59:16+00:00","description":"Augst\u0101k\u0101s kvalit\u0101tes fl\u012bzes no presti\u017eiem Eiropas z\u012bmoliem. Jaun\u0101s kolekcijas, izp\u0101rdo\u0161anas pied\u0101v\u0101jumi- interneta veikal\u0101 un fl\u012b\u017eu salonos.","breadcrumb":{"@id":"https:\/\/www.hlstudija.lv\/en\/product\/stroher-riegel-50-456-black-blue-stura-el\/#breadcrumb"},"inLanguage":"en-US","potentialAction":[{"@type":"ReadAction","target":["https:\/\/www.hlstudija.lv\/en\/product\/stroher-riegel-50-456-black-blue-stura-el\/"]}]},{"@type":"BreadcrumbList","@id":"https:\/\/www.hlstudija.lv\/en\/product\/stroher-riegel-50-456-black-blue-stura-el\/#breadcrumb","itemListElement":[{"@type":"ListItem","position":1,"name":"Fl\u012b\u017eu salons","item":"https:\/\/www.hlstudija.lv\/en\/homepage\/"},{"@type":"ListItem","position":2,"name":"Shop","item":"https:\/\/www.hlstudija.lv\/en\/shop\/"},{"@type":"ListItem","position":3,"name":"Str\u00f6her RIEGEL 50 456 black-blue, st\u016bra el."}]},{"@type":"WebSite","@id":"https:\/\/www.hlstudija.lv\/#website","url":"https:\/\/www.hlstudija.lv\/","name":"HL Studija","description":"Fl\u012bzes un logi","potentialAction":[{"@type":"SearchAction","target":{"@type":"EntryPoint","urlTemplate":"https:\/\/www.hlstudija.lv\/?s={search_term_string}"},"query-input":"required name=search_term_string"}],"inLanguage":"en-US"}]}},"_links":{"self":[{"href":"https:\/\/www.hlstudija.lv\/en\/wp-json\/wp\/v2\/product\/33440"}],"collection":[{"href":"https:\/\/www.hlstudija.lv\/en\/wp-json\/wp\/v2\/product"}],"about":[{"href":"https:\/\/www.hlstudija.lv\/en\/wp-json\/wp\/v2\/types\/product"}],"wp:featuredmedia":[{"embeddable":true,"href":"https:\/\/www.hlstudija.lv\/en\/wp-json\/wp\/v2\/media\/33435"}],"wp:attachment":[{"href":"https:\/\/www.hlstudija.lv\/en\/wp-json\/wp\/v2\/media?parent=33440"}],"wp:term":[{"taxonomy":"product_cat","embeddable":true,"href":"https:\/\/www.hlstudija.lv\/en\/wp-json\/wp\/v2\/product_cat?post=33440"},{"taxonomy":"product_tag","embeddable":true,"href":"https:\/\/www.hlstudija.lv\/en\/wp-json\/wp\/v2\/product_tag?post=33440"}],"curies":[{"name":"wp","href":"https:\/\/api.w.org\/{rel}","templated":true}]}}