{"id":35622,"date":"2022-09-06T14:32:07","date_gmt":"2022-09-06T11:32:07","guid":{"rendered":"https:\/\/www.hlstudija.lv\/?post_type=product&#038;p=35622"},"modified":"2022-09-29T10:38:13","modified_gmt":"2022-09-29T07:38:13","slug":"suvotajs-fugabella-color-12-3kg","status":"publish","type":"product","link":"https:\/\/www.hlstudija.lv\/en\/product\/suvotajs-fugabella-color-12-3kg\/","title":{"rendered":"\u0160uvot\u0101js Fugabella Color 12, 3kg"},"content":{"rendered":"<p class=\"lead\">Kvalitat\u012bvais it\u0101\u013cu ra\u017eot\u0101ja <strong>Kerakoll \u0161uvot\u0101js Fugabella Color<\/strong> nodro\u0161ina 0-20mm \u0161uves ar gludu virsmu, augstu ciet\u012bbu un mitrumiztur\u012bbu.<br \/>\nRevolucion\u0101r\u0101 <strong>hibr\u012bdtehnolo\u0123ija<\/strong> \u2013 cementa \u0161uvot\u0101js ar pievienotu epoks\u012bda da\u013cu \u2013 <strong>ilgtermi\u0146\u0101 nodro\u0161ina lab\u0101ko rezult\u0101tu<\/strong> keramikas, akmens masas, moza\u012bkas un dab\u012bg\u0101 akmens fl\u012b\u017eu \u0161uvo\u0161an\u0101. Piem\u0113rots \u0161uvju aizpild\u012b\u0161anai iek\u0161telp\u0101s un \u0101r\u0101, t.sk. viet\u0101s ar augstu noslodzi un liel\u0101m temperat\u016bras sv\u0101rst\u012bb\u0101m, baseinos un siltaj\u0101s gr\u012bd\u0101s. <strong>Ekolo\u0123isks <\/strong>produkts, kas piem\u0113rots izmanto\u0161anai ar\u012b biolo\u0123iskaj\u0101\/za\u013caj\u0101 b\u016bvniec\u012bb\u0101.<\/p>\n","protected":false},"excerpt":{"rendered":"<p>Kvalitat\u012bvais it\u0101\u013cu ra\u017eot\u0101ja <strong>Kerakoll <\/strong>hibr\u012bdtehnolo\u0123iskais<strong> \u0161uvot\u0101js Fugabella Color<\/strong> meln\u0101 kr\u0101s\u0101 &#8211; izcilai \u0161uvju aizpild\u012b\u0161anai iek\u0161telp\u0101s un \u0101r\u0101.<\/p>\n","protected":false},"featured_media":35544,"template":"","meta":{"ngg_post_thumbnail":0},"product_cat":[1181],"product_tag":[],"acf":[],"yoast_head":"<!-- This site is optimized with the Yoast SEO plugin v21.2 - https:\/\/yoast.com\/wordpress\/plugins\/seo\/ -->\n<title>Melns dizaina \u0160uvot\u0101js Fugabella Color 12, 3kg - HL Studija<\/title>\n<meta name=\"description\" content=\"Kvalitat\u012bva Kerakoll fl\u012b\u017eu \u0137\u012bmija \u0161uvot\u0101ji herm\u0113ti\u0137i no TOP Eiropas ra\u017eot\u0101jiem, pieejami noliktav\u0101, interneta veikal\u0101, fl\u012b\u017eu salonos.\" \/>\n<meta name=\"robots\" content=\"index, follow, max-snippet:-1, max-image-preview:large, max-video-preview:-1\" \/>\n<link rel=\"canonical\" href=\"https:\/\/www.hlstudija.lv\/en\/product\/suvotajs-fugabella-color-12-3kg\/\" \/>\n<meta property=\"og:locale\" content=\"en_US\" \/>\n<meta property=\"og:type\" content=\"article\" \/>\n<meta property=\"og:title\" content=\"Melns dizaina \u0160uvot\u0101js Fugabella Color 12, 3kg - HL Studija\" \/>\n<meta property=\"og:description\" content=\"Kvalitat\u012bva Kerakoll fl\u012b\u017eu \u0137\u012bmija \u0161uvot\u0101ji herm\u0113ti\u0137i no TOP Eiropas ra\u017eot\u0101jiem, pieejami noliktav\u0101, interneta veikal\u0101, fl\u012b\u017eu salonos.\" \/>\n<meta property=\"og:url\" content=\"https:\/\/www.hlstudija.lv\/en\/product\/suvotajs-fugabella-color-12-3kg\/\" \/>\n<meta property=\"og:site_name\" content=\"HL Studija\" \/>\n<meta property=\"article:publisher\" content=\"https:\/\/www.facebook.com\/hlstudija\/\" \/>\n<meta property=\"article:modified_time\" content=\"2022-09-29T07:38:13+00:00\" \/>\n<meta property=\"og:image\" content=\"https:\/\/www.hlstudija.lv\/wp-content\/uploads\/2022\/09\/HL-Studija-Fugabella-Color-flizu-suvotajs-flizem-12-melns-82412.png\" \/>\n\t<meta property=\"og:image:width\" content=\"800\" \/>\n\t<meta property=\"og:image:height\" content=\"800\" \/>\n\t<meta property=\"og:image:type\" content=\"image\/png\" \/>\n<meta name=\"twitter:label1\" content=\"Est. reading time\" \/>\n\t<meta name=\"twitter:data1\" content=\"1 minute\" \/>\n<script type=\"application\/ld+json\" class=\"yoast-schema-graph\">{\"@context\":\"https:\/\/schema.org\",\"@graph\":[{\"@type\":\"WebPage\",\"@id\":\"https:\/\/www.hlstudija.lv\/en\/product\/suvotajs-fugabella-color-12-3kg\/\",\"url\":\"https:\/\/www.hlstudija.lv\/en\/product\/suvotajs-fugabella-color-12-3kg\/\",\"name\":\"Melns dizaina \u0160uvot\u0101js Fugabella Color 12, 3kg - HL Studija\",\"isPartOf\":{\"@id\":\"https:\/\/www.hlstudija.lv\/#website\"},\"datePublished\":\"2022-09-06T11:32:07+00:00\",\"dateModified\":\"2022-09-29T07:38:13+00:00\",\"description\":\"Kvalitat\u012bva Kerakoll fl\u012b\u017eu \u0137\u012bmija \u0161uvot\u0101ji herm\u0113ti\u0137i no TOP Eiropas ra\u017eot\u0101jiem, pieejami noliktav\u0101, interneta veikal\u0101, fl\u012b\u017eu salonos.\",\"breadcrumb\":{\"@id\":\"https:\/\/www.hlstudija.lv\/en\/product\/suvotajs-fugabella-color-12-3kg\/#breadcrumb\"},\"inLanguage\":\"en-US\",\"potentialAction\":[{\"@type\":\"ReadAction\",\"target\":[\"https:\/\/www.hlstudija.lv\/en\/product\/suvotajs-fugabella-color-12-3kg\/\"]}]},{\"@type\":\"BreadcrumbList\",\"@id\":\"https:\/\/www.hlstudija.lv\/en\/product\/suvotajs-fugabella-color-12-3kg\/#breadcrumb\",\"itemListElement\":[{\"@type\":\"ListItem\",\"position\":1,\"name\":\"Fl\u012b\u017eu salons\",\"item\":\"https:\/\/www.hlstudija.lv\/en\/homepage\/\"},{\"@type\":\"ListItem\",\"position\":2,\"name\":\"Shop\",\"item\":\"https:\/\/www.hlstudija.lv\/en\/shop\/\"},{\"@type\":\"ListItem\",\"position\":3,\"name\":\"\u0160uvot\u0101js Fugabella Color 12, 3kg\"}]},{\"@type\":\"WebSite\",\"@id\":\"https:\/\/www.hlstudija.lv\/#website\",\"url\":\"https:\/\/www.hlstudija.lv\/\",\"name\":\"HL Studija\",\"description\":\"Fl\u012bzes un logi\",\"potentialAction\":[{\"@type\":\"SearchAction\",\"target\":{\"@type\":\"EntryPoint\",\"urlTemplate\":\"https:\/\/www.hlstudija.lv\/?s={search_term_string}\"},\"query-input\":\"required name=search_term_string\"}],\"inLanguage\":\"en-US\"}]}<\/script>\n<!-- \/ Yoast SEO plugin. -->","yoast_head_json":{"title":"Melns dizaina \u0160uvot\u0101js Fugabella Color 12, 3kg - HL Studija","description":"Kvalitat\u012bva Kerakoll fl\u012b\u017eu \u0137\u012bmija \u0161uvot\u0101ji herm\u0113ti\u0137i no TOP Eiropas ra\u017eot\u0101jiem, pieejami noliktav\u0101, interneta veikal\u0101, fl\u012b\u017eu salonos.","robots":{"index":"index","follow":"follow","max-snippet":"max-snippet:-1","max-image-preview":"max-image-preview:large","max-video-preview":"max-video-preview:-1"},"canonical":"https:\/\/www.hlstudija.lv\/en\/product\/suvotajs-fugabella-color-12-3kg\/","og_locale":"en_US","og_type":"article","og_title":"Melns dizaina \u0160uvot\u0101js Fugabella Color 12, 3kg - HL Studija","og_description":"Kvalitat\u012bva Kerakoll fl\u012b\u017eu \u0137\u012bmija \u0161uvot\u0101ji herm\u0113ti\u0137i no TOP Eiropas ra\u017eot\u0101jiem, pieejami noliktav\u0101, interneta veikal\u0101, fl\u012b\u017eu salonos.","og_url":"https:\/\/www.hlstudija.lv\/en\/product\/suvotajs-fugabella-color-12-3kg\/","og_site_name":"HL Studija","article_publisher":"https:\/\/www.facebook.com\/hlstudija\/","article_modified_time":"2022-09-29T07:38:13+00:00","og_image":[{"width":800,"height":800,"url":"https:\/\/www.hlstudija.lv\/wp-content\/uploads\/2022\/09\/HL-Studija-Fugabella-Color-flizu-suvotajs-flizem-12-melns-82412.png","type":"image\/png"}],"twitter_misc":{"Est. reading time":"1 minute"},"schema":{"@context":"https:\/\/schema.org","@graph":[{"@type":"WebPage","@id":"https:\/\/www.hlstudija.lv\/en\/product\/suvotajs-fugabella-color-12-3kg\/","url":"https:\/\/www.hlstudija.lv\/en\/product\/suvotajs-fugabella-color-12-3kg\/","name":"Melns dizaina \u0160uvot\u0101js Fugabella Color 12, 3kg - HL Studija","isPartOf":{"@id":"https:\/\/www.hlstudija.lv\/#website"},"datePublished":"2022-09-06T11:32:07+00:00","dateModified":"2022-09-29T07:38:13+00:00","description":"Kvalitat\u012bva Kerakoll fl\u012b\u017eu \u0137\u012bmija \u0161uvot\u0101ji herm\u0113ti\u0137i no TOP Eiropas ra\u017eot\u0101jiem, pieejami noliktav\u0101, interneta veikal\u0101, fl\u012b\u017eu salonos.","breadcrumb":{"@id":"https:\/\/www.hlstudija.lv\/en\/product\/suvotajs-fugabella-color-12-3kg\/#breadcrumb"},"inLanguage":"en-US","potentialAction":[{"@type":"ReadAction","target":["https:\/\/www.hlstudija.lv\/en\/product\/suvotajs-fugabella-color-12-3kg\/"]}]},{"@type":"BreadcrumbList","@id":"https:\/\/www.hlstudija.lv\/en\/product\/suvotajs-fugabella-color-12-3kg\/#breadcrumb","itemListElement":[{"@type":"ListItem","position":1,"name":"Fl\u012b\u017eu salons","item":"https:\/\/www.hlstudija.lv\/en\/homepage\/"},{"@type":"ListItem","position":2,"name":"Shop","item":"https:\/\/www.hlstudija.lv\/en\/shop\/"},{"@type":"ListItem","position":3,"name":"\u0160uvot\u0101js Fugabella Color 12, 3kg"}]},{"@type":"WebSite","@id":"https:\/\/www.hlstudija.lv\/#website","url":"https:\/\/www.hlstudija.lv\/","name":"HL Studija","description":"Fl\u012bzes un logi","potentialAction":[{"@type":"SearchAction","target":{"@type":"EntryPoint","urlTemplate":"https:\/\/www.hlstudija.lv\/?s={search_term_string}"},"query-input":"required name=search_term_string"}],"inLanguage":"en-US"}]}},"_links":{"self":[{"href":"https:\/\/www.hlstudija.lv\/en\/wp-json\/wp\/v2\/product\/35622"}],"collection":[{"href":"https:\/\/www.hlstudija.lv\/en\/wp-json\/wp\/v2\/product"}],"about":[{"href":"https:\/\/www.hlstudija.lv\/en\/wp-json\/wp\/v2\/types\/product"}],"wp:featuredmedia":[{"embeddable":true,"href":"https:\/\/www.hlstudija.lv\/en\/wp-json\/wp\/v2\/media\/35544"}],"wp:attachment":[{"href":"https:\/\/www.hlstudija.lv\/en\/wp-json\/wp\/v2\/media?parent=35622"}],"wp:term":[{"taxonomy":"product_cat","embeddable":true,"href":"https:\/\/www.hlstudija.lv\/en\/wp-json\/wp\/v2\/product_cat?post=35622"},{"taxonomy":"product_tag","embeddable":true,"href":"https:\/\/www.hlstudija.lv\/en\/wp-json\/wp\/v2\/product_tag?post=35622"}],"curies":[{"name":"wp","href":"https:\/\/api.w.org\/{rel}","templated":true}]}}