{"id":37138,"date":"2023-03-10T11:15:13","date_gmt":"2023-03-10T09:15:13","guid":{"rendered":"https:\/\/www.hlstudija.lv\/?post_type=product&#038;p=37138"},"modified":"2023-03-10T11:22:27","modified_gmt":"2023-03-10T09:22:27","slug":"boost-tarmac-2","status":"publish","type":"product","link":"https:\/\/www.hlstudija.lv\/en\/product\/boost-tarmac-2\/","title":{"rendered":"Boost Tarmac"},"content":{"rendered":"<p class=\"lead\"><strong>TOP p\u0101rdot\u0101k\u0101 fl\u012b\u017eu kolekcija p\u0113rnaj\u0101 gad\u0101 &#8211; Boost! <\/strong>Iztur\u012bg\u0101s <a href=\"https:\/\/www.atlasconcorde.com\/en\/\">Atlas Concorde<\/a> <strong>akmens masas fl\u012bzes<\/strong>&nbsp;ar metropol\u012btisku dizainu un izsmalcin\u0101t\u012bbu sav\u0101 rakstur\u0101, sapl\u016bst vien\u0101 kolekcij\u0101 \u2013 Boost.&nbsp;<strong>Betona bag\u0101t\u012bgo tekst\u016bru&nbsp;<\/strong>iedvesmotas, fl\u012bzes b\u016bs piem\u0113rotas gan sienu, gr\u012bdu, gan \u0101ra apdarei. Kolekcij\u0101 &#8211; ar\u012b lielform\u0101ta fl\u012bzes bie\u017ei tiek izmantotas teras\u0113m, verand\u0101m un ventil\u0113jam\u0101m fas\u0101d\u0113m.<\/p>\n<p><strong>Pieejamas pla\u0161\u0101 izm\u0113ru kl\u0101st\u0101:<\/strong> no neliel\u0101m 30\u00d760 cm l\u012bdz Lielform\u0101ta fl\u012bz\u0113m <a href=\"https:\/\/www.hlstudija.lv\/?orderby=width&amp;paged=1&amp;product_tile_collection=boost\">120\u00d7278 cm<\/a> izm\u0113r\u0101, l\u012bdz pat 6 mm pl\u0101num\u0101 &#8211; fl\u012bzes pieejamas noliktav\u0101.&nbsp;<\/p>\n","protected":false},"excerpt":{"rendered":"<p>TOP p\u0101rdot\u0101k\u0101 fl\u012b\u017eu kolekcija p\u0113rnaj\u0101 gad\u0101 &#8211; Boost! Iztur\u012bg\u0101s Atlas Concorde akmens masas fl\u012bzes&nbsp;ar metropol\u012btisku dizainu un izsmalcin\u0101t\u012bbu sav\u0101 rakstur\u0101, sapl\u016bst vien\u0101 kolekcij\u0101 \u2013 Boost.&nbsp;Betona bag\u0101t\u012bgo tekst\u016bru&nbsp;iedvesmotas, fl\u012bzes b\u016bs piem\u0113rotas gan sienu, gr\u012bdu, gan \u0101ra apdarei. Kolekcij\u0101 &#8211; ar\u012b lielform\u0101ta fl\u012bzes bie\u017ei tiek izmantotas teras\u0113m, verand\u0101m un ventil\u0113jam\u0101m fas\u0101d\u0113m. Pieejamas pla\u0161\u0101 izm\u0113ru kl\u0101st\u0101: no neliel\u0101m&#8230;  <a href=\"https:\/\/www.hlstudija.lv\/en\/product\/boost-tarmac-2\/\" class=\"more-link\" title=\"Read Boost Tarmac\">Read more &raquo;<\/a><\/p>\n","protected":false},"featured_media":37116,"template":"","meta":{"ngg_post_thumbnail":0},"product_cat":[234,197,235,224],"product_tag":[],"acf":[],"yoast_head":"<!-- This site is optimized with the Yoast SEO plugin v21.2 - https:\/\/yoast.com\/wordpress\/plugins\/seo\/ -->\n<title>Ekskluz\u012bv\u0101s fl\u012bzes Boost Tarmac Atlas Concorde - HL Studija<\/title>\n<meta name=\"description\" content=\"Kvalitat\u012bv\u0101s fl\u012bzes BOOST no It\u0101lijas - Atlas Concorde. Izcilas akmens masas fl\u012bzes gr\u012bdai, sienas fl\u012bzes, virtuvei, fl\u012bzes vannas istabai.\" \/>\n<meta name=\"robots\" content=\"index, follow, max-snippet:-1, max-image-preview:large, max-video-preview:-1\" \/>\n<link rel=\"canonical\" href=\"https:\/\/www.hlstudija.lv\/en\/product\/boost-tarmac-2\/\" \/>\n<meta property=\"og:locale\" content=\"en_US\" \/>\n<meta property=\"og:type\" content=\"article\" \/>\n<meta property=\"og:title\" content=\"Ekskluz\u012bv\u0101s fl\u012bzes Boost Tarmac Atlas Concorde - HL Studija\" \/>\n<meta property=\"og:description\" content=\"Kvalitat\u012bv\u0101s fl\u012bzes BOOST no It\u0101lijas - Atlas Concorde. Izcilas akmens masas fl\u012bzes gr\u012bdai, sienas fl\u012bzes, virtuvei, fl\u012bzes vannas istabai.\" \/>\n<meta property=\"og:url\" content=\"https:\/\/www.hlstudija.lv\/en\/product\/boost-tarmac-2\/\" \/>\n<meta property=\"og:site_name\" content=\"HL Studija\" \/>\n<meta property=\"article:publisher\" content=\"https:\/\/www.facebook.com\/hlstudija\/\" \/>\n<meta property=\"article:modified_time\" content=\"2023-03-10T09:22:27+00:00\" \/>\n<meta property=\"og:image\" content=\"https:\/\/www.hlstudija.lv\/wp-content\/uploads\/2023\/03\/hl-studija-boost-atlas-concorde-A0MS..jpg\" \/>\n\t<meta property=\"og:image:width\" content=\"1300\" \/>\n\t<meta property=\"og:image:height\" content=\"650\" \/>\n\t<meta property=\"og:image:type\" content=\"image\/jpeg\" \/>\n<meta name=\"twitter:label1\" content=\"Est. reading time\" \/>\n\t<meta name=\"twitter:data1\" content=\"1 minute\" \/>\n<script type=\"application\/ld+json\" class=\"yoast-schema-graph\">{\"@context\":\"https:\/\/schema.org\",\"@graph\":[{\"@type\":\"WebPage\",\"@id\":\"https:\/\/www.hlstudija.lv\/en\/product\/boost-tarmac-2\/\",\"url\":\"https:\/\/www.hlstudija.lv\/en\/product\/boost-tarmac-2\/\",\"name\":\"Ekskluz\u012bv\u0101s fl\u012bzes Boost Tarmac Atlas Concorde - HL Studija\",\"isPartOf\":{\"@id\":\"https:\/\/www.hlstudija.lv\/#website\"},\"datePublished\":\"2023-03-10T09:15:13+00:00\",\"dateModified\":\"2023-03-10T09:22:27+00:00\",\"description\":\"Kvalitat\u012bv\u0101s fl\u012bzes BOOST no It\u0101lijas - Atlas Concorde. Izcilas akmens masas fl\u012bzes gr\u012bdai, sienas fl\u012bzes, virtuvei, fl\u012bzes vannas istabai.\",\"breadcrumb\":{\"@id\":\"https:\/\/www.hlstudija.lv\/en\/product\/boost-tarmac-2\/#breadcrumb\"},\"inLanguage\":\"en-US\",\"potentialAction\":[{\"@type\":\"ReadAction\",\"target\":[\"https:\/\/www.hlstudija.lv\/en\/product\/boost-tarmac-2\/\"]}]},{\"@type\":\"BreadcrumbList\",\"@id\":\"https:\/\/www.hlstudija.lv\/en\/product\/boost-tarmac-2\/#breadcrumb\",\"itemListElement\":[{\"@type\":\"ListItem\",\"position\":1,\"name\":\"Fl\u012b\u017eu salons\",\"item\":\"https:\/\/www.hlstudija.lv\/en\/homepage\/\"},{\"@type\":\"ListItem\",\"position\":2,\"name\":\"Shop\",\"item\":\"https:\/\/www.hlstudija.lv\/en\/shop\/\"},{\"@type\":\"ListItem\",\"position\":3,\"name\":\"Boost Tarmac\"}]},{\"@type\":\"WebSite\",\"@id\":\"https:\/\/www.hlstudija.lv\/#website\",\"url\":\"https:\/\/www.hlstudija.lv\/\",\"name\":\"HL Studija\",\"description\":\"Fl\u012bzes un logi\",\"potentialAction\":[{\"@type\":\"SearchAction\",\"target\":{\"@type\":\"EntryPoint\",\"urlTemplate\":\"https:\/\/www.hlstudija.lv\/?s={search_term_string}\"},\"query-input\":\"required name=search_term_string\"}],\"inLanguage\":\"en-US\"}]}<\/script>\n<!-- \/ Yoast SEO plugin. -->","yoast_head_json":{"title":"Ekskluz\u012bv\u0101s fl\u012bzes Boost Tarmac Atlas Concorde - HL Studija","description":"Kvalitat\u012bv\u0101s fl\u012bzes BOOST no It\u0101lijas - Atlas Concorde. Izcilas akmens masas fl\u012bzes gr\u012bdai, sienas fl\u012bzes, virtuvei, fl\u012bzes vannas istabai.","robots":{"index":"index","follow":"follow","max-snippet":"max-snippet:-1","max-image-preview":"max-image-preview:large","max-video-preview":"max-video-preview:-1"},"canonical":"https:\/\/www.hlstudija.lv\/en\/product\/boost-tarmac-2\/","og_locale":"en_US","og_type":"article","og_title":"Ekskluz\u012bv\u0101s fl\u012bzes Boost Tarmac Atlas Concorde - HL Studija","og_description":"Kvalitat\u012bv\u0101s fl\u012bzes BOOST no It\u0101lijas - Atlas Concorde. Izcilas akmens masas fl\u012bzes gr\u012bdai, sienas fl\u012bzes, virtuvei, fl\u012bzes vannas istabai.","og_url":"https:\/\/www.hlstudija.lv\/en\/product\/boost-tarmac-2\/","og_site_name":"HL Studija","article_publisher":"https:\/\/www.facebook.com\/hlstudija\/","article_modified_time":"2023-03-10T09:22:27+00:00","og_image":[{"width":1300,"height":650,"url":"https:\/\/www.hlstudija.lv\/wp-content\/uploads\/2023\/03\/hl-studija-boost-atlas-concorde-A0MS..jpg","type":"image\/jpeg"}],"twitter_misc":{"Est. reading time":"1 minute"},"schema":{"@context":"https:\/\/schema.org","@graph":[{"@type":"WebPage","@id":"https:\/\/www.hlstudija.lv\/en\/product\/boost-tarmac-2\/","url":"https:\/\/www.hlstudija.lv\/en\/product\/boost-tarmac-2\/","name":"Ekskluz\u012bv\u0101s fl\u012bzes Boost Tarmac Atlas Concorde - HL Studija","isPartOf":{"@id":"https:\/\/www.hlstudija.lv\/#website"},"datePublished":"2023-03-10T09:15:13+00:00","dateModified":"2023-03-10T09:22:27+00:00","description":"Kvalitat\u012bv\u0101s fl\u012bzes BOOST no It\u0101lijas - Atlas Concorde. Izcilas akmens masas fl\u012bzes gr\u012bdai, sienas fl\u012bzes, virtuvei, fl\u012bzes vannas istabai.","breadcrumb":{"@id":"https:\/\/www.hlstudija.lv\/en\/product\/boost-tarmac-2\/#breadcrumb"},"inLanguage":"en-US","potentialAction":[{"@type":"ReadAction","target":["https:\/\/www.hlstudija.lv\/en\/product\/boost-tarmac-2\/"]}]},{"@type":"BreadcrumbList","@id":"https:\/\/www.hlstudija.lv\/en\/product\/boost-tarmac-2\/#breadcrumb","itemListElement":[{"@type":"ListItem","position":1,"name":"Fl\u012b\u017eu salons","item":"https:\/\/www.hlstudija.lv\/en\/homepage\/"},{"@type":"ListItem","position":2,"name":"Shop","item":"https:\/\/www.hlstudija.lv\/en\/shop\/"},{"@type":"ListItem","position":3,"name":"Boost Tarmac"}]},{"@type":"WebSite","@id":"https:\/\/www.hlstudija.lv\/#website","url":"https:\/\/www.hlstudija.lv\/","name":"HL Studija","description":"Fl\u012bzes un logi","potentialAction":[{"@type":"SearchAction","target":{"@type":"EntryPoint","urlTemplate":"https:\/\/www.hlstudija.lv\/?s={search_term_string}"},"query-input":"required name=search_term_string"}],"inLanguage":"en-US"}]}},"_links":{"self":[{"href":"https:\/\/www.hlstudija.lv\/en\/wp-json\/wp\/v2\/product\/37138"}],"collection":[{"href":"https:\/\/www.hlstudija.lv\/en\/wp-json\/wp\/v2\/product"}],"about":[{"href":"https:\/\/www.hlstudija.lv\/en\/wp-json\/wp\/v2\/types\/product"}],"wp:featuredmedia":[{"embeddable":true,"href":"https:\/\/www.hlstudija.lv\/en\/wp-json\/wp\/v2\/media\/37116"}],"wp:attachment":[{"href":"https:\/\/www.hlstudija.lv\/en\/wp-json\/wp\/v2\/media?parent=37138"}],"wp:term":[{"taxonomy":"product_cat","embeddable":true,"href":"https:\/\/www.hlstudija.lv\/en\/wp-json\/wp\/v2\/product_cat?post=37138"},{"taxonomy":"product_tag","embeddable":true,"href":"https:\/\/www.hlstudija.lv\/en\/wp-json\/wp\/v2\/product_tag?post=37138"}],"curies":[{"name":"wp","href":"https:\/\/api.w.org\/{rel}","templated":true}]}}