{"id":38057,"date":"2023-08-28T17:03:06","date_gmt":"2023-08-28T14:03:06","guid":{"rendered":"https:\/\/www.hlstudija.lv\/?post_type=product&#038;p=38057"},"modified":"2023-11-01T09:14:08","modified_gmt":"2023-11-01T07:14:08","slug":"fragmenta-grigio-milano","status":"publish","type":"product","link":"https:\/\/www.hlstudija.lv\/en\/product\/fragmenta-grigio-milano\/","title":{"rendered":"Fragmenta Grigio Milano (full\u00a0body)"},"content":{"rendered":"<p class=\"lead\"><strong>FRAGMENTA<\/strong> ir it\u0101\u013cu z\u012bmola <a href=\"https:\/\/www.ariostea-high-tech.com\/collections\/fragmenta\">Ariostea<\/a> pilnas akmens masas fl\u012b\u017eu kolekcija, kas m\u016bsu noliktavas izlas\u0113 p\u0101rst\u0101v\u0113ta tr\u012bs dab\u012bg\u0101 akmens to\u0146os. Fl\u012bzes nav apdruk\u0101tas, bet gan vis\u0101 t\u0101s biezum\u0101 veidotas no akmens gabali\u0146u masas. Ar \u0161\u012bs tehnolo\u0123ijas pal\u012bdz\u012bbu tiek nov\u0113rsts vizu\u0101lais gr\u012bdas seguma nodilums pat telp\u0101s ar visaugst\u0101ko noslodzi \u2013 \u012bpa\u0161i sabiedriskaj\u0101, ar\u012b priv\u0101taj\u0101 sektor\u0101.<\/p>\n<p>Elegantais dizains, apvienojum\u0101 ar tehnolo\u0123iski augstv\u0113rt\u012bgo ra\u017eo\u0161anu, \u0161\u012bs fl\u012bzes padara \u012bpa\u0161i pievilc\u012bgas modernu interjeru izveidei, kas savu aktualit\u0101ti nezaud\u0113s m\u016b\u017eam.<\/p>\n<p>Iev\u0113r\u012bbas cien\u012bgs, efekt\u012bgs un m\u016bsdienu pras\u012bb\u0101m atbilsto\u0161s ir noliktav\u0101 pieejamais FRAGMENTA kolekcijas fl\u012b\u017eu izm\u0113rs \u2013 <strong>60x120cm lielas fl\u012bzes<\/strong>. Turkl\u0101t, fl\u012bzes ir \u013coti iztur\u012bgas un ilgm\u016b\u017e\u012bgas, piem\u0113rotas gan sienu, gan gr\u012bdu apdarei.<\/p>\n","protected":false},"excerpt":{"rendered":"<p>Pilnas (full body) akmens masas fl\u012bzes no it\u0101\u013cu z\u012bmola <a href=\"https:\/\/www.ariostea-high-tech.com\/collections\/fragmenta\/arlecchino\">Ariostea &#8211; Fragmenta<\/a> Grigio Milano. Efekt\u012bgs dizains un augstv\u0113rt\u012bgas ra\u017eo\u0161anas tehnolo\u0123ijas nodro\u0161ina fl\u012b\u017eu kolekciju Fragmenta piem\u0113rotu gr\u012bdu, sienu virsmu apdarei un m\u016b\u017e\u012bgu to kalpo\u0161anu.&nbsp;<\/p>\n","protected":false},"featured_media":38060,"template":"","meta":{"ngg_post_thumbnail":0},"product_cat":[234,197,235],"product_tag":[],"acf":[],"yoast_head":"<!-- This site is optimized with the Yoast SEO plugin v21.2 - https:\/\/yoast.com\/wordpress\/plugins\/seo\/ -->\n<title>Pilnas akmens masas fl\u012bzes Fragmenta Grigio Milano (full\u00a0body) - HL Studija<\/title>\n<meta name=\"description\" content=\"Augst\u0101k\u0101s kvalit\u0101tes fl\u012bzes no it\u0101\u013cu z\u012bmola Ariostea. Jaun\u0101s kolekcijas, izp\u0101rdo\u0161anas pied\u0101v\u0101jumi- interneta veikal\u0101 un fl\u012b\u017eu salonos.\" \/>\n<meta name=\"robots\" content=\"index, follow, max-snippet:-1, max-image-preview:large, max-video-preview:-1\" \/>\n<link rel=\"canonical\" href=\"https:\/\/www.hlstudija.lv\/en\/product\/fragmenta-grigio-milano\/\" \/>\n<meta property=\"og:locale\" content=\"en_US\" \/>\n<meta property=\"og:type\" content=\"article\" \/>\n<meta property=\"og:title\" content=\"Pilnas akmens masas fl\u012bzes Fragmenta Grigio Milano (full\u00a0body) - HL Studija\" \/>\n<meta property=\"og:description\" content=\"Augst\u0101k\u0101s kvalit\u0101tes fl\u012bzes no it\u0101\u013cu z\u012bmola Ariostea. Jaun\u0101s kolekcijas, izp\u0101rdo\u0161anas pied\u0101v\u0101jumi- interneta veikal\u0101 un fl\u012b\u017eu salonos.\" \/>\n<meta property=\"og:url\" content=\"https:\/\/www.hlstudija.lv\/en\/product\/fragmenta-grigio-milano\/\" \/>\n<meta property=\"og:site_name\" content=\"HL Studija\" \/>\n<meta property=\"article:publisher\" content=\"https:\/\/www.facebook.com\/hlstudija\/\" \/>\n<meta property=\"article:modified_time\" content=\"2023-11-01T07:14:08+00:00\" \/>\n<meta property=\"og:image\" content=\"https:\/\/www.hlstudija.lv\/wp-content\/uploads\/2023\/08\/HL_Studija_Fragmenta_flizes_ar_teksturu_Grigio_Milano_60x120.jpg\" \/>\n\t<meta property=\"og:image:width\" content=\"1000\" \/>\n\t<meta property=\"og:image:height\" content=\"500\" \/>\n\t<meta property=\"og:image:type\" content=\"image\/jpeg\" \/>\n<script type=\"application\/ld+json\" class=\"yoast-schema-graph\">{\"@context\":\"https:\/\/schema.org\",\"@graph\":[{\"@type\":\"WebPage\",\"@id\":\"https:\/\/www.hlstudija.lv\/en\/product\/fragmenta-grigio-milano\/\",\"url\":\"https:\/\/www.hlstudija.lv\/en\/product\/fragmenta-grigio-milano\/\",\"name\":\"Pilnas akmens masas fl\u012bzes Fragmenta Grigio Milano (full\u00a0body) - HL Studija\",\"isPartOf\":{\"@id\":\"https:\/\/www.hlstudija.lv\/#website\"},\"datePublished\":\"2023-08-28T14:03:06+00:00\",\"dateModified\":\"2023-11-01T07:14:08+00:00\",\"description\":\"Augst\u0101k\u0101s kvalit\u0101tes fl\u012bzes no it\u0101\u013cu z\u012bmola Ariostea. Jaun\u0101s kolekcijas, izp\u0101rdo\u0161anas pied\u0101v\u0101jumi- interneta veikal\u0101 un fl\u012b\u017eu salonos.\",\"breadcrumb\":{\"@id\":\"https:\/\/www.hlstudija.lv\/en\/product\/fragmenta-grigio-milano\/#breadcrumb\"},\"inLanguage\":\"en-US\",\"potentialAction\":[{\"@type\":\"ReadAction\",\"target\":[\"https:\/\/www.hlstudija.lv\/en\/product\/fragmenta-grigio-milano\/\"]}]},{\"@type\":\"BreadcrumbList\",\"@id\":\"https:\/\/www.hlstudija.lv\/en\/product\/fragmenta-grigio-milano\/#breadcrumb\",\"itemListElement\":[{\"@type\":\"ListItem\",\"position\":1,\"name\":\"Fl\u012b\u017eu salons\",\"item\":\"https:\/\/www.hlstudija.lv\/en\/homepage\/\"},{\"@type\":\"ListItem\",\"position\":2,\"name\":\"Shop\",\"item\":\"https:\/\/www.hlstudija.lv\/en\/shop\/\"},{\"@type\":\"ListItem\",\"position\":3,\"name\":\"Fragmenta Grigio Milano (full\u00a0body)\"}]},{\"@type\":\"WebSite\",\"@id\":\"https:\/\/www.hlstudija.lv\/#website\",\"url\":\"https:\/\/www.hlstudija.lv\/\",\"name\":\"HL Studija\",\"description\":\"Fl\u012bzes un logi\",\"potentialAction\":[{\"@type\":\"SearchAction\",\"target\":{\"@type\":\"EntryPoint\",\"urlTemplate\":\"https:\/\/www.hlstudija.lv\/?s={search_term_string}\"},\"query-input\":\"required name=search_term_string\"}],\"inLanguage\":\"en-US\"}]}<\/script>\n<!-- \/ Yoast SEO plugin. -->","yoast_head_json":{"title":"Pilnas akmens masas fl\u012bzes Fragmenta Grigio Milano (full\u00a0body) - HL Studija","description":"Augst\u0101k\u0101s kvalit\u0101tes fl\u012bzes no it\u0101\u013cu z\u012bmola Ariostea. Jaun\u0101s kolekcijas, izp\u0101rdo\u0161anas pied\u0101v\u0101jumi- interneta veikal\u0101 un fl\u012b\u017eu salonos.","robots":{"index":"index","follow":"follow","max-snippet":"max-snippet:-1","max-image-preview":"max-image-preview:large","max-video-preview":"max-video-preview:-1"},"canonical":"https:\/\/www.hlstudija.lv\/en\/product\/fragmenta-grigio-milano\/","og_locale":"en_US","og_type":"article","og_title":"Pilnas akmens masas fl\u012bzes Fragmenta Grigio Milano (full\u00a0body) - HL Studija","og_description":"Augst\u0101k\u0101s kvalit\u0101tes fl\u012bzes no it\u0101\u013cu z\u012bmola Ariostea. Jaun\u0101s kolekcijas, izp\u0101rdo\u0161anas pied\u0101v\u0101jumi- interneta veikal\u0101 un fl\u012b\u017eu salonos.","og_url":"https:\/\/www.hlstudija.lv\/en\/product\/fragmenta-grigio-milano\/","og_site_name":"HL Studija","article_publisher":"https:\/\/www.facebook.com\/hlstudija\/","article_modified_time":"2023-11-01T07:14:08+00:00","og_image":[{"width":1000,"height":500,"url":"https:\/\/www.hlstudija.lv\/wp-content\/uploads\/2023\/08\/HL_Studija_Fragmenta_flizes_ar_teksturu_Grigio_Milano_60x120.jpg","type":"image\/jpeg"}],"schema":{"@context":"https:\/\/schema.org","@graph":[{"@type":"WebPage","@id":"https:\/\/www.hlstudija.lv\/en\/product\/fragmenta-grigio-milano\/","url":"https:\/\/www.hlstudija.lv\/en\/product\/fragmenta-grigio-milano\/","name":"Pilnas akmens masas fl\u012bzes Fragmenta Grigio Milano (full\u00a0body) - HL Studija","isPartOf":{"@id":"https:\/\/www.hlstudija.lv\/#website"},"datePublished":"2023-08-28T14:03:06+00:00","dateModified":"2023-11-01T07:14:08+00:00","description":"Augst\u0101k\u0101s kvalit\u0101tes fl\u012bzes no it\u0101\u013cu z\u012bmola Ariostea. Jaun\u0101s kolekcijas, izp\u0101rdo\u0161anas pied\u0101v\u0101jumi- interneta veikal\u0101 un fl\u012b\u017eu salonos.","breadcrumb":{"@id":"https:\/\/www.hlstudija.lv\/en\/product\/fragmenta-grigio-milano\/#breadcrumb"},"inLanguage":"en-US","potentialAction":[{"@type":"ReadAction","target":["https:\/\/www.hlstudija.lv\/en\/product\/fragmenta-grigio-milano\/"]}]},{"@type":"BreadcrumbList","@id":"https:\/\/www.hlstudija.lv\/en\/product\/fragmenta-grigio-milano\/#breadcrumb","itemListElement":[{"@type":"ListItem","position":1,"name":"Fl\u012b\u017eu salons","item":"https:\/\/www.hlstudija.lv\/en\/homepage\/"},{"@type":"ListItem","position":2,"name":"Shop","item":"https:\/\/www.hlstudija.lv\/en\/shop\/"},{"@type":"ListItem","position":3,"name":"Fragmenta Grigio Milano (full\u00a0body)"}]},{"@type":"WebSite","@id":"https:\/\/www.hlstudija.lv\/#website","url":"https:\/\/www.hlstudija.lv\/","name":"HL Studija","description":"Fl\u012bzes un logi","potentialAction":[{"@type":"SearchAction","target":{"@type":"EntryPoint","urlTemplate":"https:\/\/www.hlstudija.lv\/?s={search_term_string}"},"query-input":"required name=search_term_string"}],"inLanguage":"en-US"}]}},"_links":{"self":[{"href":"https:\/\/www.hlstudija.lv\/en\/wp-json\/wp\/v2\/product\/38057"}],"collection":[{"href":"https:\/\/www.hlstudija.lv\/en\/wp-json\/wp\/v2\/product"}],"about":[{"href":"https:\/\/www.hlstudija.lv\/en\/wp-json\/wp\/v2\/types\/product"}],"wp:featuredmedia":[{"embeddable":true,"href":"https:\/\/www.hlstudija.lv\/en\/wp-json\/wp\/v2\/media\/38060"}],"wp:attachment":[{"href":"https:\/\/www.hlstudija.lv\/en\/wp-json\/wp\/v2\/media?parent=38057"}],"wp:term":[{"taxonomy":"product_cat","embeddable":true,"href":"https:\/\/www.hlstudija.lv\/en\/wp-json\/wp\/v2\/product_cat?post=38057"},{"taxonomy":"product_tag","embeddable":true,"href":"https:\/\/www.hlstudija.lv\/en\/wp-json\/wp\/v2\/product_tag?post=38057"}],"curies":[{"name":"wp","href":"https:\/\/api.w.org\/{rel}","templated":true}]}}