{"id":38280,"date":"2023-09-14T14:34:22","date_gmt":"2023-09-14T11:34:22","guid":{"rendered":"https:\/\/www.hlstudija.lv\/product\/desso-essence-aa90-9502\/"},"modified":"2023-09-14T14:45:36","modified_gmt":"2023-09-14T11:45:36","slug":"desso-essence-aa90-9502","status":"publish","type":"product","link":"https:\/\/www.hlstudija.lv\/en\/product\/desso-essence-aa90-9502\/","title":{"rendered":"Pakl\u0101jfl\u012bzes Desso Essence AA90 9502"},"content":{"rendered":"<p class=\"lead\">Izstr\u0101d\u0101ts, dom\u0101jot par daudzpus\u012bbu, iztur\u012bgais un \u013coti funkcion\u0101lais DESSO Essence darbojas k\u0101 pamatelements \u010detru pakl\u0101ju kolekciju portfel\u012b, kas izstr\u0101d\u0101tas t\u0101, lai t\u0101s nevainojami sader\u0113tu kop\u0101. Cilpot\u0101 pakl\u0101ja veida DESSO Essence pakl\u0101jfl\u012bze ir pieejama 31 sp\u0113c\u012bg\u0101 atsvaidzino\u0161\u0101 kr\u0101s\u0101, kas visas ir integr\u0113tas DESSO Essence Maze, DESSO Essence Structure un DESSO Essence Stripe s\u0113rij\u0101s. Tas noz\u012bm\u0113, ka izstr\u0101d\u0101t\u0101ji var efekt\u012bv\u0101k kombin\u0113t papildino\u0161us siltos un v\u0113sos neitr\u0101los to\u0146us, ievad\u012bt treknus akcent\u0113tus to\u0146us \u2014 s\u0101kot no zilganas l\u012bdz bordo kr\u0101sai, k\u0101 ar\u012b izp\u0113t\u012bt interesantus rakstu iestarpin\u0101jumus no visas \u0161\u012bs paties\u0101s produktu grupas. K\u0101 s\u0113rijas pamatelements DESSO Essence ir p\u0101rsteidzo\u0161i vienk\u0101r\u0161s gr\u012bdas seguma risin\u0101jums, kas pied\u0101v\u0101 izcilu cenu un bezgal\u012bgu rado\u0161o iesp\u0113ju komerci\u0101liem interjeriem.<\/p>\n<p>&nbsp;<\/p>\n<p>Ra\u017eots N\u012bderland\u0113<\/p>\n<p>&nbsp;<\/p>\n<p>TEHNISK\u0100 SPECIFIK\u0100CIJA:<\/p>\n<p>Nodilumiztur\u012bbas klase: 33\/23&nbsp;<\/p>\n<p>Kvalit\u0101tes un vides sertifik\u0101ti: ISO 14001<\/p>\n<p>&nbsp;<\/p>\n","protected":false},"excerpt":{"rendered":"<p>Izstr\u0101d\u0101ts, dom\u0101jot par daudzpus\u012bbu, iztur\u012bgais un \u013coti funkcion\u0101lais DESSO Essence darbojas k\u0101 pamatelements \u010detru pakl\u0101ju kolekciju portfel\u012b, kas izstr\u0101d\u0101tas t\u0101, lai t\u0101s nevainojami sader\u0113tu kop\u0101. Cilpot\u0101 pakl\u0101ja veida DESSO Essence pakl\u0101jfl\u012bze ir pieejama 31 sp\u0113c\u012bg\u0101 atsvaidzino\u0161\u0101 kr\u0101s\u0101, kas visas ir integr\u0113tas DESSO Essence Maze, DESSO Essence Structure un DESSO Essence Stripe s\u0113rij\u0101s. Tas noz\u012bm\u0113, ka&#8230;  <a href=\"https:\/\/www.hlstudija.lv\/en\/product\/desso-essence-aa90-9502\/\" class=\"more-link\" title=\"Read Pakl\u0101jfl\u012bzes Desso Essence AA90 9502\">Read more &raquo;<\/a><\/p>\n","protected":false},"featured_media":38269,"template":"","meta":{"ngg_post_thumbnail":0},"product_cat":[1213],"product_tag":[],"acf":[],"yoast_head":"<!-- This site is optimized with the Yoast SEO plugin v21.2 - https:\/\/yoast.com\/wordpress\/plugins\/seo\/ -->\n<title>Kvalitat\u012bvas pakl\u0101jfl\u012bzes Pakl\u0101jfl\u012bzes Desso Essence AA90 9502 - HL Studija<\/title>\n<meta name=\"description\" content=\"Augst\u0101k\u0101s kvalit\u0101tes pakl\u0101jfl\u012bzes gr\u012bd\u0101m no labiem Eiropas z\u012bmoliem. Jaun\u0101s kolekcijas, izp\u0101rdo\u0161anas pied\u0101v\u0101jumi interneta veikal\u0101, salonos.\" \/>\n<meta name=\"robots\" content=\"index, follow, max-snippet:-1, max-image-preview:large, max-video-preview:-1\" \/>\n<link rel=\"canonical\" href=\"https:\/\/www.hlstudija.lv\/en\/product\/desso-essence-aa90-9502\/\" \/>\n<meta property=\"og:locale\" content=\"en_US\" \/>\n<meta property=\"og:type\" content=\"article\" \/>\n<meta property=\"og:title\" content=\"Kvalitat\u012bvas pakl\u0101jfl\u012bzes Pakl\u0101jfl\u012bzes Desso Essence AA90 9502 - HL Studija\" \/>\n<meta property=\"og:description\" content=\"Augst\u0101k\u0101s kvalit\u0101tes pakl\u0101jfl\u012bzes gr\u012bd\u0101m no labiem Eiropas z\u012bmoliem. Jaun\u0101s kolekcijas, izp\u0101rdo\u0161anas pied\u0101v\u0101jumi interneta veikal\u0101, salonos.\" \/>\n<meta property=\"og:url\" content=\"https:\/\/www.hlstudija.lv\/en\/product\/desso-essence-aa90-9502\/\" \/>\n<meta property=\"og:site_name\" content=\"HL Studija\" \/>\n<meta property=\"article:publisher\" content=\"https:\/\/www.facebook.com\/hlstudija\/\" \/>\n<meta property=\"article:modified_time\" content=\"2023-09-14T11:45:36+00:00\" \/>\n<meta property=\"og:image\" content=\"https:\/\/www.hlstudija.lv\/wp-content\/uploads\/2023\/09\/Essence-AA90-9502.jpg\" \/>\n\t<meta property=\"og:image:width\" content=\"310\" \/>\n\t<meta property=\"og:image:height\" content=\"310\" \/>\n\t<meta property=\"og:image:type\" content=\"image\/jpeg\" \/>\n<meta name=\"twitter:label1\" content=\"Est. reading time\" \/>\n\t<meta name=\"twitter:data1\" content=\"1 minute\" \/>\n<script type=\"application\/ld+json\" class=\"yoast-schema-graph\">{\"@context\":\"https:\/\/schema.org\",\"@graph\":[{\"@type\":\"WebPage\",\"@id\":\"https:\/\/www.hlstudija.lv\/en\/product\/desso-essence-aa90-9502\/\",\"url\":\"https:\/\/www.hlstudija.lv\/en\/product\/desso-essence-aa90-9502\/\",\"name\":\"Kvalitat\u012bvas pakl\u0101jfl\u012bzes Pakl\u0101jfl\u012bzes Desso Essence AA90 9502 - HL Studija\",\"isPartOf\":{\"@id\":\"https:\/\/www.hlstudija.lv\/#website\"},\"datePublished\":\"2023-09-14T11:34:22+00:00\",\"dateModified\":\"2023-09-14T11:45:36+00:00\",\"description\":\"Augst\u0101k\u0101s kvalit\u0101tes pakl\u0101jfl\u012bzes gr\u012bd\u0101m no labiem Eiropas z\u012bmoliem. Jaun\u0101s kolekcijas, izp\u0101rdo\u0161anas pied\u0101v\u0101jumi interneta veikal\u0101, salonos.\",\"breadcrumb\":{\"@id\":\"https:\/\/www.hlstudija.lv\/en\/product\/desso-essence-aa90-9502\/#breadcrumb\"},\"inLanguage\":\"en-US\",\"potentialAction\":[{\"@type\":\"ReadAction\",\"target\":[\"https:\/\/www.hlstudija.lv\/en\/product\/desso-essence-aa90-9502\/\"]}]},{\"@type\":\"BreadcrumbList\",\"@id\":\"https:\/\/www.hlstudija.lv\/en\/product\/desso-essence-aa90-9502\/#breadcrumb\",\"itemListElement\":[{\"@type\":\"ListItem\",\"position\":1,\"name\":\"Fl\u012b\u017eu salons\",\"item\":\"https:\/\/www.hlstudija.lv\/en\/homepage\/\"},{\"@type\":\"ListItem\",\"position\":2,\"name\":\"Shop\",\"item\":\"https:\/\/www.hlstudija.lv\/en\/shop\/\"},{\"@type\":\"ListItem\",\"position\":3,\"name\":\"Pakl\u0101jfl\u012bzes Desso Essence AA90 9502\"}]},{\"@type\":\"WebSite\",\"@id\":\"https:\/\/www.hlstudija.lv\/#website\",\"url\":\"https:\/\/www.hlstudija.lv\/\",\"name\":\"HL Studija\",\"description\":\"Fl\u012bzes un logi\",\"potentialAction\":[{\"@type\":\"SearchAction\",\"target\":{\"@type\":\"EntryPoint\",\"urlTemplate\":\"https:\/\/www.hlstudija.lv\/?s={search_term_string}\"},\"query-input\":\"required name=search_term_string\"}],\"inLanguage\":\"en-US\"}]}<\/script>\n<!-- \/ Yoast SEO plugin. -->","yoast_head_json":{"title":"Kvalitat\u012bvas pakl\u0101jfl\u012bzes Pakl\u0101jfl\u012bzes Desso Essence AA90 9502 - HL Studija","description":"Augst\u0101k\u0101s kvalit\u0101tes pakl\u0101jfl\u012bzes gr\u012bd\u0101m no labiem Eiropas z\u012bmoliem. Jaun\u0101s kolekcijas, izp\u0101rdo\u0161anas pied\u0101v\u0101jumi interneta veikal\u0101, salonos.","robots":{"index":"index","follow":"follow","max-snippet":"max-snippet:-1","max-image-preview":"max-image-preview:large","max-video-preview":"max-video-preview:-1"},"canonical":"https:\/\/www.hlstudija.lv\/en\/product\/desso-essence-aa90-9502\/","og_locale":"en_US","og_type":"article","og_title":"Kvalitat\u012bvas pakl\u0101jfl\u012bzes Pakl\u0101jfl\u012bzes Desso Essence AA90 9502 - HL Studija","og_description":"Augst\u0101k\u0101s kvalit\u0101tes pakl\u0101jfl\u012bzes gr\u012bd\u0101m no labiem Eiropas z\u012bmoliem. Jaun\u0101s kolekcijas, izp\u0101rdo\u0161anas pied\u0101v\u0101jumi interneta veikal\u0101, salonos.","og_url":"https:\/\/www.hlstudija.lv\/en\/product\/desso-essence-aa90-9502\/","og_site_name":"HL Studija","article_publisher":"https:\/\/www.facebook.com\/hlstudija\/","article_modified_time":"2023-09-14T11:45:36+00:00","og_image":[{"width":310,"height":310,"url":"https:\/\/www.hlstudija.lv\/wp-content\/uploads\/2023\/09\/Essence-AA90-9502.jpg","type":"image\/jpeg"}],"twitter_misc":{"Est. reading time":"1 minute"},"schema":{"@context":"https:\/\/schema.org","@graph":[{"@type":"WebPage","@id":"https:\/\/www.hlstudija.lv\/en\/product\/desso-essence-aa90-9502\/","url":"https:\/\/www.hlstudija.lv\/en\/product\/desso-essence-aa90-9502\/","name":"Kvalitat\u012bvas pakl\u0101jfl\u012bzes Pakl\u0101jfl\u012bzes Desso Essence AA90 9502 - HL Studija","isPartOf":{"@id":"https:\/\/www.hlstudija.lv\/#website"},"datePublished":"2023-09-14T11:34:22+00:00","dateModified":"2023-09-14T11:45:36+00:00","description":"Augst\u0101k\u0101s kvalit\u0101tes pakl\u0101jfl\u012bzes gr\u012bd\u0101m no labiem Eiropas z\u012bmoliem. Jaun\u0101s kolekcijas, izp\u0101rdo\u0161anas pied\u0101v\u0101jumi interneta veikal\u0101, salonos.","breadcrumb":{"@id":"https:\/\/www.hlstudija.lv\/en\/product\/desso-essence-aa90-9502\/#breadcrumb"},"inLanguage":"en-US","potentialAction":[{"@type":"ReadAction","target":["https:\/\/www.hlstudija.lv\/en\/product\/desso-essence-aa90-9502\/"]}]},{"@type":"BreadcrumbList","@id":"https:\/\/www.hlstudija.lv\/en\/product\/desso-essence-aa90-9502\/#breadcrumb","itemListElement":[{"@type":"ListItem","position":1,"name":"Fl\u012b\u017eu salons","item":"https:\/\/www.hlstudija.lv\/en\/homepage\/"},{"@type":"ListItem","position":2,"name":"Shop","item":"https:\/\/www.hlstudija.lv\/en\/shop\/"},{"@type":"ListItem","position":3,"name":"Pakl\u0101jfl\u012bzes Desso Essence AA90 9502"}]},{"@type":"WebSite","@id":"https:\/\/www.hlstudija.lv\/#website","url":"https:\/\/www.hlstudija.lv\/","name":"HL Studija","description":"Fl\u012bzes un logi","potentialAction":[{"@type":"SearchAction","target":{"@type":"EntryPoint","urlTemplate":"https:\/\/www.hlstudija.lv\/?s={search_term_string}"},"query-input":"required name=search_term_string"}],"inLanguage":"en-US"}]}},"_links":{"self":[{"href":"https:\/\/www.hlstudija.lv\/en\/wp-json\/wp\/v2\/product\/38280"}],"collection":[{"href":"https:\/\/www.hlstudija.lv\/en\/wp-json\/wp\/v2\/product"}],"about":[{"href":"https:\/\/www.hlstudija.lv\/en\/wp-json\/wp\/v2\/types\/product"}],"wp:featuredmedia":[{"embeddable":true,"href":"https:\/\/www.hlstudija.lv\/en\/wp-json\/wp\/v2\/media\/38269"}],"wp:attachment":[{"href":"https:\/\/www.hlstudija.lv\/en\/wp-json\/wp\/v2\/media?parent=38280"}],"wp:term":[{"taxonomy":"product_cat","embeddable":true,"href":"https:\/\/www.hlstudija.lv\/en\/wp-json\/wp\/v2\/product_cat?post=38280"},{"taxonomy":"product_tag","embeddable":true,"href":"https:\/\/www.hlstudija.lv\/en\/wp-json\/wp\/v2\/product_tag?post=38280"}],"curies":[{"name":"wp","href":"https:\/\/api.w.org\/{rel}","templated":true}]}}