{"id":38351,"date":"2023-10-11T16:55:49","date_gmt":"2023-10-11T13:55:49","guid":{"rendered":"https:\/\/www.hlstudija.lv\/?post_type=product&#038;p=38351"},"modified":"2023-10-11T17:02:57","modified_gmt":"2023-10-11T14:02:57","slug":"paklajflizes-stratos-65640-56460","status":"publish","type":"product","link":"https:\/\/www.hlstudija.lv\/en\/product\/paklajflizes-stratos-65640-56460\/","title":{"rendered":"Pakl\u0101jfl\u012bzes STRATOS 65640 (56460)"},"content":{"rendered":"<p class=\"lead\">Tum\u0161i pel\u0113kzilas, kvalitat\u012bvas pakl\u0101jfl\u012bzes Stratos lieto\u0161anai priv\u0101tos un komerci\u0101los interjeros.&nbsp;<\/p>\n<p>&nbsp;<\/p>\n<p>&nbsp;<\/p>\n<p>Ra\u017eotas Be\u013c\u0123ij\u0101&nbsp; &#8211; ra\u017eot\u0101js: Tapibel<\/p>\n<p>&nbsp;<\/p>\n<p>TEHNISK\u0100 SPECIFIK\u0100CIJA:<\/p>\n<p>Izm\u0113rs: 50 x 50 x 6,8 mm<\/p>\n<p>Nodilumiztur\u012bbas klase: 33<\/p>\n<p>Stils: Structured Loop Pile<\/p>\n<p>&nbsp;<\/p>\n<p>&nbsp;<\/p>\n","protected":false},"excerpt":{"rendered":"<p>Tum\u0161i pel\u0113kzilas, kvalitat\u012bvas pakl\u0101jfl\u012bzes Stratos lieto\u0161anai priv\u0101tos un komerci\u0101los interjeros.&nbsp; &nbsp; &nbsp; Ra\u017eotas Be\u013c\u0123ij\u0101&nbsp; &#8211; ra\u017eot\u0101js: Tapibel &nbsp; TEHNISK\u0100 SPECIFIK\u0100CIJA: Izm\u0113rs: 50 x 50 x 6,8 mm Nodilumiztur\u012bbas klase: 33 Stils: Structured Loop Pile &nbsp; &nbsp;<\/p>\n","protected":false},"featured_media":38354,"template":"","meta":{"ngg_post_thumbnail":0},"product_cat":[1213],"product_tag":[],"acf":[],"yoast_head":"<!-- This site is optimized with the Yoast SEO plugin v21.2 - https:\/\/yoast.com\/wordpress\/plugins\/seo\/ -->\n<title>Kvalitat\u012bvas Tarkett Pakl\u0101jfl\u012bzes STRATOS 65640 (56460) - HL Studija<\/title>\n<meta name=\"description\" content=\"Augst\u0101k\u0101s kvalit\u0101tes pakl\u0101jfl\u012bzes gr\u012bd\u0101m no labiem Eiropas z\u012bmoliem. Jaun\u0101s kolekcijas, izp\u0101rdo\u0161anas pied\u0101v\u0101jumi interneta veikal\u0101, salonos.\" \/>\n<meta name=\"robots\" content=\"index, follow, max-snippet:-1, max-image-preview:large, max-video-preview:-1\" \/>\n<link rel=\"canonical\" href=\"https:\/\/www.hlstudija.lv\/en\/product\/paklajflizes-stratos-65640-56460\/\" \/>\n<meta property=\"og:locale\" content=\"en_US\" \/>\n<meta property=\"og:type\" content=\"article\" \/>\n<meta property=\"og:title\" content=\"Kvalitat\u012bvas Tarkett Pakl\u0101jfl\u012bzes STRATOS 65640 (56460) - HL Studija\" \/>\n<meta property=\"og:description\" content=\"Augst\u0101k\u0101s kvalit\u0101tes pakl\u0101jfl\u012bzes gr\u012bd\u0101m no labiem Eiropas z\u012bmoliem. Jaun\u0101s kolekcijas, izp\u0101rdo\u0161anas pied\u0101v\u0101jumi interneta veikal\u0101, salonos.\" \/>\n<meta property=\"og:url\" content=\"https:\/\/www.hlstudija.lv\/en\/product\/paklajflizes-stratos-65640-56460\/\" \/>\n<meta property=\"og:site_name\" content=\"HL Studija\" \/>\n<meta property=\"article:publisher\" content=\"https:\/\/www.facebook.com\/hlstudija\/\" \/>\n<meta property=\"article:modified_time\" content=\"2023-10-11T14:02:57+00:00\" \/>\n<meta property=\"og:image\" content=\"https:\/\/www.hlstudija.lv\/wp-content\/uploads\/2023\/10\/tapibel-myrage-tiles-56460-30795-stratos.jpg\" \/>\n\t<meta property=\"og:image:width\" content=\"1200\" \/>\n\t<meta property=\"og:image:height\" content=\"1200\" \/>\n\t<meta property=\"og:image:type\" content=\"image\/jpeg\" \/>\n<meta name=\"twitter:label1\" content=\"Est. reading time\" \/>\n\t<meta name=\"twitter:data1\" content=\"1 minute\" \/>\n<script type=\"application\/ld+json\" class=\"yoast-schema-graph\">{\"@context\":\"https:\/\/schema.org\",\"@graph\":[{\"@type\":\"WebPage\",\"@id\":\"https:\/\/www.hlstudija.lv\/en\/product\/paklajflizes-stratos-65640-56460\/\",\"url\":\"https:\/\/www.hlstudija.lv\/en\/product\/paklajflizes-stratos-65640-56460\/\",\"name\":\"Kvalitat\u012bvas Tarkett Pakl\u0101jfl\u012bzes STRATOS 65640 (56460) - HL Studija\",\"isPartOf\":{\"@id\":\"https:\/\/www.hlstudija.lv\/#website\"},\"datePublished\":\"2023-10-11T13:55:49+00:00\",\"dateModified\":\"2023-10-11T14:02:57+00:00\",\"description\":\"Augst\u0101k\u0101s kvalit\u0101tes pakl\u0101jfl\u012bzes gr\u012bd\u0101m no labiem Eiropas z\u012bmoliem. Jaun\u0101s kolekcijas, izp\u0101rdo\u0161anas pied\u0101v\u0101jumi interneta veikal\u0101, salonos.\",\"breadcrumb\":{\"@id\":\"https:\/\/www.hlstudija.lv\/en\/product\/paklajflizes-stratos-65640-56460\/#breadcrumb\"},\"inLanguage\":\"en-US\",\"potentialAction\":[{\"@type\":\"ReadAction\",\"target\":[\"https:\/\/www.hlstudija.lv\/en\/product\/paklajflizes-stratos-65640-56460\/\"]}]},{\"@type\":\"BreadcrumbList\",\"@id\":\"https:\/\/www.hlstudija.lv\/en\/product\/paklajflizes-stratos-65640-56460\/#breadcrumb\",\"itemListElement\":[{\"@type\":\"ListItem\",\"position\":1,\"name\":\"Fl\u012b\u017eu salons\",\"item\":\"https:\/\/www.hlstudija.lv\/en\/homepage\/\"},{\"@type\":\"ListItem\",\"position\":2,\"name\":\"Shop\",\"item\":\"https:\/\/www.hlstudija.lv\/en\/shop\/\"},{\"@type\":\"ListItem\",\"position\":3,\"name\":\"Pakl\u0101jfl\u012bzes STRATOS 65640 (56460)\"}]},{\"@type\":\"WebSite\",\"@id\":\"https:\/\/www.hlstudija.lv\/#website\",\"url\":\"https:\/\/www.hlstudija.lv\/\",\"name\":\"HL Studija\",\"description\":\"Fl\u012bzes un logi\",\"potentialAction\":[{\"@type\":\"SearchAction\",\"target\":{\"@type\":\"EntryPoint\",\"urlTemplate\":\"https:\/\/www.hlstudija.lv\/?s={search_term_string}\"},\"query-input\":\"required name=search_term_string\"}],\"inLanguage\":\"en-US\"}]}<\/script>\n<!-- \/ Yoast SEO plugin. -->","yoast_head_json":{"title":"Kvalitat\u012bvas Tarkett Pakl\u0101jfl\u012bzes STRATOS 65640 (56460) - HL Studija","description":"Augst\u0101k\u0101s kvalit\u0101tes pakl\u0101jfl\u012bzes gr\u012bd\u0101m no labiem Eiropas z\u012bmoliem. Jaun\u0101s kolekcijas, izp\u0101rdo\u0161anas pied\u0101v\u0101jumi interneta veikal\u0101, salonos.","robots":{"index":"index","follow":"follow","max-snippet":"max-snippet:-1","max-image-preview":"max-image-preview:large","max-video-preview":"max-video-preview:-1"},"canonical":"https:\/\/www.hlstudija.lv\/en\/product\/paklajflizes-stratos-65640-56460\/","og_locale":"en_US","og_type":"article","og_title":"Kvalitat\u012bvas Tarkett Pakl\u0101jfl\u012bzes STRATOS 65640 (56460) - HL Studija","og_description":"Augst\u0101k\u0101s kvalit\u0101tes pakl\u0101jfl\u012bzes gr\u012bd\u0101m no labiem Eiropas z\u012bmoliem. Jaun\u0101s kolekcijas, izp\u0101rdo\u0161anas pied\u0101v\u0101jumi interneta veikal\u0101, salonos.","og_url":"https:\/\/www.hlstudija.lv\/en\/product\/paklajflizes-stratos-65640-56460\/","og_site_name":"HL Studija","article_publisher":"https:\/\/www.facebook.com\/hlstudija\/","article_modified_time":"2023-10-11T14:02:57+00:00","og_image":[{"width":1200,"height":1200,"url":"https:\/\/www.hlstudija.lv\/wp-content\/uploads\/2023\/10\/tapibel-myrage-tiles-56460-30795-stratos.jpg","type":"image\/jpeg"}],"twitter_misc":{"Est. reading time":"1 minute"},"schema":{"@context":"https:\/\/schema.org","@graph":[{"@type":"WebPage","@id":"https:\/\/www.hlstudija.lv\/en\/product\/paklajflizes-stratos-65640-56460\/","url":"https:\/\/www.hlstudija.lv\/en\/product\/paklajflizes-stratos-65640-56460\/","name":"Kvalitat\u012bvas Tarkett Pakl\u0101jfl\u012bzes STRATOS 65640 (56460) - HL Studija","isPartOf":{"@id":"https:\/\/www.hlstudija.lv\/#website"},"datePublished":"2023-10-11T13:55:49+00:00","dateModified":"2023-10-11T14:02:57+00:00","description":"Augst\u0101k\u0101s kvalit\u0101tes pakl\u0101jfl\u012bzes gr\u012bd\u0101m no labiem Eiropas z\u012bmoliem. Jaun\u0101s kolekcijas, izp\u0101rdo\u0161anas pied\u0101v\u0101jumi interneta veikal\u0101, salonos.","breadcrumb":{"@id":"https:\/\/www.hlstudija.lv\/en\/product\/paklajflizes-stratos-65640-56460\/#breadcrumb"},"inLanguage":"en-US","potentialAction":[{"@type":"ReadAction","target":["https:\/\/www.hlstudija.lv\/en\/product\/paklajflizes-stratos-65640-56460\/"]}]},{"@type":"BreadcrumbList","@id":"https:\/\/www.hlstudija.lv\/en\/product\/paklajflizes-stratos-65640-56460\/#breadcrumb","itemListElement":[{"@type":"ListItem","position":1,"name":"Fl\u012b\u017eu salons","item":"https:\/\/www.hlstudija.lv\/en\/homepage\/"},{"@type":"ListItem","position":2,"name":"Shop","item":"https:\/\/www.hlstudija.lv\/en\/shop\/"},{"@type":"ListItem","position":3,"name":"Pakl\u0101jfl\u012bzes STRATOS 65640 (56460)"}]},{"@type":"WebSite","@id":"https:\/\/www.hlstudija.lv\/#website","url":"https:\/\/www.hlstudija.lv\/","name":"HL Studija","description":"Fl\u012bzes un logi","potentialAction":[{"@type":"SearchAction","target":{"@type":"EntryPoint","urlTemplate":"https:\/\/www.hlstudija.lv\/?s={search_term_string}"},"query-input":"required name=search_term_string"}],"inLanguage":"en-US"}]}},"_links":{"self":[{"href":"https:\/\/www.hlstudija.lv\/en\/wp-json\/wp\/v2\/product\/38351"}],"collection":[{"href":"https:\/\/www.hlstudija.lv\/en\/wp-json\/wp\/v2\/product"}],"about":[{"href":"https:\/\/www.hlstudija.lv\/en\/wp-json\/wp\/v2\/types\/product"}],"wp:featuredmedia":[{"embeddable":true,"href":"https:\/\/www.hlstudija.lv\/en\/wp-json\/wp\/v2\/media\/38354"}],"wp:attachment":[{"href":"https:\/\/www.hlstudija.lv\/en\/wp-json\/wp\/v2\/media?parent=38351"}],"wp:term":[{"taxonomy":"product_cat","embeddable":true,"href":"https:\/\/www.hlstudija.lv\/en\/wp-json\/wp\/v2\/product_cat?post=38351"},{"taxonomy":"product_tag","embeddable":true,"href":"https:\/\/www.hlstudija.lv\/en\/wp-json\/wp\/v2\/product_tag?post=38351"}],"curies":[{"name":"wp","href":"https:\/\/api.w.org\/{rel}","templated":true}]}}