{"id":9638,"date":"2020-12-14T15:04:33","date_gmt":"2020-12-14T13:04:33","guid":{"rendered":"https:\/\/hldevelopment.createit.lv\/product\/tile-adhesive-biogel-no-limits-25kg-gray\/"},"modified":"2020-12-20T21:02:49","modified_gmt":"2020-12-20T19:02:49","slug":"tile-adhesive-biogel-no-limits-25kg-gray","status":"publish","type":"product","link":"https:\/\/www.hlstudija.lv\/en\/product\/tile-adhesive-biogel-no-limits-25kg-gray\/","title":{"rendered":"Tile adhesive Biogel No Limits 25kg (gray)"},"content":{"rendered":"","protected":false},"excerpt":{"rendered":"<p>Flexible tile adhesive from Italian manufacturer Kerakoll, suitable for all kinds of tiles on almost any surface.<\/p>\n<p>Package: 25 kg<\/p>\n","protected":false},"featured_media":17926,"template":"","meta":{"ngg_post_thumbnail":0},"product_cat":[1181],"product_tag":[],"acf":[],"yoast_head":"<!-- This site is optimized with the Yoast SEO plugin v21.2 - https:\/\/yoast.com\/wordpress\/plugins\/seo\/ -->\n<title>Ekskluz\u012bv\u0101s fl\u012bzes Tile adhesive Biogel No Limits 25kg (gray) - HL Studija<\/title>\n<meta name=\"description\" content=\"Augst\u0101k\u0101s kvalit\u0101tes fl\u012bzes no presti\u017eiem Eiropas z\u012bmoliem. Jaun\u0101s kolekcijas, izp\u0101rdo\u0161anas pied\u0101v\u0101jumi- interneta veikal\u0101 un fl\u012b\u017eu salonos.\" \/>\n<meta name=\"robots\" content=\"index, follow, max-snippet:-1, max-image-preview:large, max-video-preview:-1\" \/>\n<link rel=\"canonical\" href=\"https:\/\/www.hlstudija.lv\/en\/product\/tile-adhesive-biogel-no-limits-25kg-gray\/\" \/>\n<meta property=\"og:locale\" content=\"en_US\" \/>\n<meta property=\"og:type\" content=\"article\" \/>\n<meta property=\"og:title\" content=\"Ekskluz\u012bv\u0101s fl\u012bzes Tile adhesive Biogel No Limits 25kg (gray) - HL Studija\" \/>\n<meta property=\"og:description\" content=\"Augst\u0101k\u0101s kvalit\u0101tes fl\u012bzes no presti\u017eiem Eiropas z\u012bmoliem. Jaun\u0101s kolekcijas, izp\u0101rdo\u0161anas pied\u0101v\u0101jumi- interneta veikal\u0101 un fl\u012b\u017eu salonos.\" \/>\n<meta property=\"og:url\" content=\"https:\/\/www.hlstudija.lv\/en\/product\/tile-adhesive-biogel-no-limits-25kg-gray\/\" \/>\n<meta property=\"og:site_name\" content=\"HL Studija\" \/>\n<meta property=\"article:publisher\" content=\"https:\/\/www.facebook.com\/hlstudija\/\" \/>\n<meta property=\"article:modified_time\" content=\"2020-12-20T19:02:49+00:00\" \/>\n<meta property=\"og:image\" content=\"https:\/\/www.hlstudija.lv\/wp-content\/uploads\/2020\/12\/BIOGEL-NO-LIMITS-flizu-lime-HL-studija.jpg\" \/>\n\t<meta property=\"og:image:width\" content=\"1536\" \/>\n\t<meta property=\"og:image:height\" content=\"1536\" \/>\n\t<meta property=\"og:image:type\" content=\"image\/jpeg\" \/>\n<script type=\"application\/ld+json\" class=\"yoast-schema-graph\">{\"@context\":\"https:\/\/schema.org\",\"@graph\":[{\"@type\":\"WebPage\",\"@id\":\"https:\/\/www.hlstudija.lv\/en\/product\/tile-adhesive-biogel-no-limits-25kg-gray\/\",\"url\":\"https:\/\/www.hlstudija.lv\/en\/product\/tile-adhesive-biogel-no-limits-25kg-gray\/\",\"name\":\"Ekskluz\u012bv\u0101s fl\u012bzes Tile adhesive Biogel No Limits 25kg (gray) - HL Studija\",\"isPartOf\":{\"@id\":\"https:\/\/www.hlstudija.lv\/#website\"},\"datePublished\":\"2020-12-14T13:04:33+00:00\",\"dateModified\":\"2020-12-20T19:02:49+00:00\",\"description\":\"Augst\u0101k\u0101s kvalit\u0101tes fl\u012bzes no presti\u017eiem Eiropas z\u012bmoliem. Jaun\u0101s kolekcijas, izp\u0101rdo\u0161anas pied\u0101v\u0101jumi- interneta veikal\u0101 un fl\u012b\u017eu salonos.\",\"breadcrumb\":{\"@id\":\"https:\/\/www.hlstudija.lv\/en\/product\/tile-adhesive-biogel-no-limits-25kg-gray\/#breadcrumb\"},\"inLanguage\":\"en-US\",\"potentialAction\":[{\"@type\":\"ReadAction\",\"target\":[\"https:\/\/www.hlstudija.lv\/en\/product\/tile-adhesive-biogel-no-limits-25kg-gray\/\"]}]},{\"@type\":\"BreadcrumbList\",\"@id\":\"https:\/\/www.hlstudija.lv\/en\/product\/tile-adhesive-biogel-no-limits-25kg-gray\/#breadcrumb\",\"itemListElement\":[{\"@type\":\"ListItem\",\"position\":1,\"name\":\"Fl\u012b\u017eu salons\",\"item\":\"https:\/\/www.hlstudija.lv\/en\/homepage\/\"},{\"@type\":\"ListItem\",\"position\":2,\"name\":\"Shop\",\"item\":\"https:\/\/www.hlstudija.lv\/en\/shop\/\"},{\"@type\":\"ListItem\",\"position\":3,\"name\":\"Tile adhesive Biogel No Limits 25kg (gray)\"}]},{\"@type\":\"WebSite\",\"@id\":\"https:\/\/www.hlstudija.lv\/#website\",\"url\":\"https:\/\/www.hlstudija.lv\/\",\"name\":\"HL Studija\",\"description\":\"Fl\u012bzes un logi\",\"potentialAction\":[{\"@type\":\"SearchAction\",\"target\":{\"@type\":\"EntryPoint\",\"urlTemplate\":\"https:\/\/www.hlstudija.lv\/?s={search_term_string}\"},\"query-input\":\"required name=search_term_string\"}],\"inLanguage\":\"en-US\"}]}<\/script>\n<!-- \/ Yoast SEO plugin. -->","yoast_head_json":{"title":"Ekskluz\u012bv\u0101s fl\u012bzes Tile adhesive Biogel No Limits 25kg (gray) - HL Studija","description":"Augst\u0101k\u0101s kvalit\u0101tes fl\u012bzes no presti\u017eiem Eiropas z\u012bmoliem. Jaun\u0101s kolekcijas, izp\u0101rdo\u0161anas pied\u0101v\u0101jumi- interneta veikal\u0101 un fl\u012b\u017eu salonos.","robots":{"index":"index","follow":"follow","max-snippet":"max-snippet:-1","max-image-preview":"max-image-preview:large","max-video-preview":"max-video-preview:-1"},"canonical":"https:\/\/www.hlstudija.lv\/en\/product\/tile-adhesive-biogel-no-limits-25kg-gray\/","og_locale":"en_US","og_type":"article","og_title":"Ekskluz\u012bv\u0101s fl\u012bzes Tile adhesive Biogel No Limits 25kg (gray) - HL Studija","og_description":"Augst\u0101k\u0101s kvalit\u0101tes fl\u012bzes no presti\u017eiem Eiropas z\u012bmoliem. Jaun\u0101s kolekcijas, izp\u0101rdo\u0161anas pied\u0101v\u0101jumi- interneta veikal\u0101 un fl\u012b\u017eu salonos.","og_url":"https:\/\/www.hlstudija.lv\/en\/product\/tile-adhesive-biogel-no-limits-25kg-gray\/","og_site_name":"HL Studija","article_publisher":"https:\/\/www.facebook.com\/hlstudija\/","article_modified_time":"2020-12-20T19:02:49+00:00","og_image":[{"width":1536,"height":1536,"url":"https:\/\/www.hlstudija.lv\/wp-content\/uploads\/2020\/12\/BIOGEL-NO-LIMITS-flizu-lime-HL-studija.jpg","type":"image\/jpeg"}],"schema":{"@context":"https:\/\/schema.org","@graph":[{"@type":"WebPage","@id":"https:\/\/www.hlstudija.lv\/en\/product\/tile-adhesive-biogel-no-limits-25kg-gray\/","url":"https:\/\/www.hlstudija.lv\/en\/product\/tile-adhesive-biogel-no-limits-25kg-gray\/","name":"Ekskluz\u012bv\u0101s fl\u012bzes Tile adhesive Biogel No Limits 25kg (gray) - HL Studija","isPartOf":{"@id":"https:\/\/www.hlstudija.lv\/#website"},"datePublished":"2020-12-14T13:04:33+00:00","dateModified":"2020-12-20T19:02:49+00:00","description":"Augst\u0101k\u0101s kvalit\u0101tes fl\u012bzes no presti\u017eiem Eiropas z\u012bmoliem. Jaun\u0101s kolekcijas, izp\u0101rdo\u0161anas pied\u0101v\u0101jumi- interneta veikal\u0101 un fl\u012b\u017eu salonos.","breadcrumb":{"@id":"https:\/\/www.hlstudija.lv\/en\/product\/tile-adhesive-biogel-no-limits-25kg-gray\/#breadcrumb"},"inLanguage":"en-US","potentialAction":[{"@type":"ReadAction","target":["https:\/\/www.hlstudija.lv\/en\/product\/tile-adhesive-biogel-no-limits-25kg-gray\/"]}]},{"@type":"BreadcrumbList","@id":"https:\/\/www.hlstudija.lv\/en\/product\/tile-adhesive-biogel-no-limits-25kg-gray\/#breadcrumb","itemListElement":[{"@type":"ListItem","position":1,"name":"Fl\u012b\u017eu salons","item":"https:\/\/www.hlstudija.lv\/en\/homepage\/"},{"@type":"ListItem","position":2,"name":"Shop","item":"https:\/\/www.hlstudija.lv\/en\/shop\/"},{"@type":"ListItem","position":3,"name":"Tile adhesive Biogel No Limits 25kg (gray)"}]},{"@type":"WebSite","@id":"https:\/\/www.hlstudija.lv\/#website","url":"https:\/\/www.hlstudija.lv\/","name":"HL Studija","description":"Fl\u012bzes un logi","potentialAction":[{"@type":"SearchAction","target":{"@type":"EntryPoint","urlTemplate":"https:\/\/www.hlstudija.lv\/?s={search_term_string}"},"query-input":"required name=search_term_string"}],"inLanguage":"en-US"}]}},"_links":{"self":[{"href":"https:\/\/www.hlstudija.lv\/en\/wp-json\/wp\/v2\/product\/9638"}],"collection":[{"href":"https:\/\/www.hlstudija.lv\/en\/wp-json\/wp\/v2\/product"}],"about":[{"href":"https:\/\/www.hlstudija.lv\/en\/wp-json\/wp\/v2\/types\/product"}],"wp:featuredmedia":[{"embeddable":true,"href":"https:\/\/www.hlstudija.lv\/en\/wp-json\/wp\/v2\/media\/17926"}],"wp:attachment":[{"href":"https:\/\/www.hlstudija.lv\/en\/wp-json\/wp\/v2\/media?parent=9638"}],"wp:term":[{"taxonomy":"product_cat","embeddable":true,"href":"https:\/\/www.hlstudija.lv\/en\/wp-json\/wp\/v2\/product_cat?post=9638"},{"taxonomy":"product_tag","embeddable":true,"href":"https:\/\/www.hlstudija.lv\/en\/wp-json\/wp\/v2\/product_tag?post=9638"}],"curies":[{"name":"wp","href":"https:\/\/api.w.org\/{rel}","templated":true}]}}